{"id":1524,"date":"2025-04-09T06:25:27","date_gmt":"2025-04-09T06:25:27","guid":{"rendered":"https:\/\/www.qianyuangeo.com\/?post_type=product&#038;p=1524"},"modified":"2025-04-10T08:47:14","modified_gmt":"2025-04-10T08:47:14","slug":"textured-geomembrane-tds","status":"publish","type":"product","link":"https:\/\/qianyuangeo.com\/fr\/produit\/textured-geomembrane-tds\/","title":{"rendered":"G\u00e9omembrane textur\u00e9e - TDS"},"content":{"rendered":"<p>La g\u00e9omembrane textur\u00e9e YICHUAN est fabriqu\u00e9e gr\u00e2ce aux technologies de texture par projection, de points de colonne et de moussage \u00e0 l&#039;azote. Elle est con\u00e7ue et fabriqu\u00e9e avec une surface textur\u00e9e simple ou double face pour am\u00e9liorer la friction entre les deux couches. Leader dans la fabrication et la fourniture de g\u00e9omembranes en PEHD, YICHUAN Geosynthetics propose des g\u00e9omembranes textur\u00e9es en PEHD personnalis\u00e9es de haute qualit\u00e9, avec des dimensions, des \u00e9paisseurs et des sp\u00e9cifications compl\u00e8tes, \u00e0 des prix d&#039;usine comp\u00e9titifs.<\/p>","protected":false},"excerpt":{"rendered":"<table id=\"tablepress-10\" class=\"tablepress tablepress-id-10\">\n<thead>\n<tr class=\"row-1\">\n<td colspan=\"8\" class=\"column-1\"><\/td>\n<\/tr>\n<\/thead>\n<tbody class=\"row-striping row-hover\">\n<tr class=\"row-2\">\n<td class=\"column-1\">Propri\u00e9t\u00e9s du test<\/td>\n<td class=\"column-2\">Unit\u00e9<\/td>\n<td class=\"column-3\">Standard<\/td>\n<td class=\"column-4\">BM10<\/td>\n<td class=\"column-5\">BM15<\/td>\n<td class=\"column-6\">BM20<\/td>\n<td class=\"column-7\">BM25<\/td>\n<td class=\"column-8\">Fr\u00e9quence des tests<\/td>\n<\/tr>\n<tr class=\"row-3\">\n<td class=\"column-1\">\u00c9paisseur<\/td>\n<td class=\"column-2\">mm<\/td>\n<td class=\"column-3\">D5994<\/td>\n<td class=\"column-4\">1.00<\/td>\n<td class=\"column-5\">1.50<\/td>\n<td class=\"column-6\">2.00<\/td>\n<td class=\"column-7\">2.50<\/td>\n<td class=\"column-8\">par rouleau<\/td>\n<\/tr>\n<tr class=\"row-4\">\n<td class=\"column-1\">Hauteur de l&#039;asp\u00e9rit\u00e9<\/td>\n<td class=\"column-2\">mm<\/td>\n<td class=\"column-3\">D 7466<\/td>\n<td class=\"column-4\">0.25<\/td>\n<td class=\"column-5\"><\/td>\n<td class=\"column-6\"><\/td>\n<td class=\"column-7\"><\/td>\n<td class=\"column-8\">Tous les 2 rouleaux (2)<\/td>\n<\/tr>\n<tr class=\"row-5\">\n<td class=\"column-1\">Densit\u00e9<\/td>\n<td class=\"column-2\">g\/cc<\/td>\n<td class=\"column-3\">D 1505 D 792<\/td>\n<td class=\"column-4\">0.94<\/td>\n<td class=\"column-5\"><\/td>\n<td class=\"column-6\"><\/td>\n<td class=\"column-7\"><\/td>\n<td class=\"column-8\">90 000 kg<\/td>\n<\/tr>\n<tr class=\"row-6\">\n<td class=\"column-1\">Propri\u00e9t\u00e9s de traction<br \/>\n      limite d&#039;\u00e9lasticit\u00e9<br \/>\n      r\u00e9sistance \u00e0 la rupture<br \/>\n      allongement du rendement<br \/>\n      allongement \u00e0 la rupture<\/td>\n<td class=\"column-2\">\nkN\/m<br \/>\nkN\/m<br \/>\n%<br \/>\n%<\/td>\n<td class=\"column-3\"> D 6693<\/p>\n<p>Type IV<\/td>\n<td class=\"column-4\">\n15<br \/>\n27<br \/>\n12<br \/>\n700<\/td>\n<td class=\"column-5\">\n  22<br \/>\n40<br \/>\n12<br \/>\n700<\/td>\n<td class=\"column-6\">\n  29<br \/>\n53<br \/>\n12<br \/>\n700<\/td>\n<td class=\"column-7\">\n  37<br \/>\n67<br \/>\n12<br \/>\n700<\/td>\n<td class=\"column-8\">\n9 000 kg<\/td>\n<\/tr>\n<tr class=\"row-7\">\n<td class=\"column-1\">R\u00e9sistance \u00e0 la d\u00e9chirure<\/td>\n<td class=\"column-2\">N<\/td>\n<td class=\"column-3\">D 1004<\/td>\n<td class=\"column-4\">125<\/td>\n<td class=\"column-5\">187<\/td>\n<td class=\"column-6\">249<\/td>\n<td class=\"column-7\">311<\/td>\n<td class=\"column-8\">20 000 kg<\/td>\n<\/tr>\n<tr class=\"row-8\">\n<td class=\"column-1\">R\u00e9sistance \u00e0 la perforation<\/td>\n<td class=\"column-2\">N<\/td>\n<td class=\"column-3\">D 4833<\/td>\n<td class=\"column-4\">320<\/td>\n<td class=\"column-5\">480<\/td>\n<td class=\"column-6\">640<\/td>\n<td class=\"column-7\">800<\/td>\n<td class=\"column-8\">20 000 kg<\/td>\n<\/tr>\n<tr class=\"row-9\">\n<td class=\"column-1\">R\u00e9sistance aux fissures de contrainte<\/td>\n<td class=\"column-2\">h<\/td>\n<td class=\"column-3\">D 5397(App.)<\/td>\n<td class=\"column-4\"><\/td>\n<td class=\"column-5\"><\/td>\n<td class=\"column-6\">500 heures<\/td>\n<td class=\"column-7\"><\/td>\n<td class=\"column-8\">selon GRI GM-10<\/td>\n<\/tr>\n<tr class=\"row-10\">\n<td class=\"column-1\">Teneur en noir de carbone<\/td>\n<td class=\"column-2\">%<\/td>\n<td class=\"column-3\">D 4218 (3)<\/td>\n<td class=\"column-4\"><\/td>\n<td class=\"column-5\"><\/td>\n<td class=\"column-6\">2.0-3.0%<\/td>\n<td class=\"column-7\"><\/td>\n<td class=\"column-8\">9 000 kg<\/td>\n<\/tr>\n<tr class=\"row-11\">\n<td class=\"column-1\">Dispersion de noir de carbone<\/td>\n<td class=\"column-2\"><\/td>\n<td class=\"column-3\">D 5596<\/td>\n<td class=\"column-4\"><\/td>\n<td class=\"column-5\"><\/td>\n<td class=\"column-6\">Pour 10 vues diff\u00e9rentes : 9 pouces<\/td>\n<td class=\"column-7\"><\/td>\n<td class=\"column-8\">20 000 kg<\/td>\n<\/tr>\n<tr class=\"row-12\">\n<td class=\"column-1\">Temps d&#039;induction oxydative<br \/>\nmin(a) OIT standard<\/td>\n<td class=\"column-2\">\nmin<\/td>\n<td class=\"column-3\">  D 3895<\/p>\n<p>D 5885<\/td>\n<td class=\"column-4\"><\/td>\n<td class=\"column-5\"><\/td>\n<td class=\"column-6\">100<\/p>\n<p>400<\/td>\n<td class=\"column-7\"><\/td>\n<td class=\"column-8\">90 000 kg<\/td>\n<\/tr>\n<tr class=\"row-13\">\n<td class=\"column-1\">(b) OIT haute pression<\/td>\n<td class=\"column-2\"><\/td>\n<td class=\"column-3\"><\/td>\n<td class=\"column-4\"><\/td>\n<td class=\"column-5\"><\/td>\n<td class=\"column-6\"><\/td>\n<td class=\"column-7\"><\/td>\n<td class=\"column-8\"><\/td>\n<\/tr>\n<tr class=\"row-14\">\n<td class=\"column-1\">Vieillissement au four \u00e0 85\u00b0C conserv\u00e9<br \/>\napr\u00e8s 90 jours<br \/>\n(a) OIT standard<br \/>\n(b) OIT haute pression<\/td>\n<td class=\"column-2\">%<\/td>\n<td class=\"column-3\">  D 5721<\/p>\n<p>D 3895<br \/>\nD 5885<\/td>\n<td class=\"column-4\"><\/td>\n<td class=\"column-5\"><\/td>\n<td class=\"column-6\">55%<\/p>\n<p>80%<\/td>\n<td class=\"column-7\"><\/td>\n<td class=\"column-8\">par pi\u00e8ce<\/p>\n<p>formulation<\/td>\n<\/tr>\n<tr class=\"row-15\">\n<td class=\"column-1\">R\u00e9sistance aux UV<br \/>\nOIT haute pression \u2013 % retenu<br \/>\napr\u00e8s 16h00<\/td>\n<td class=\"column-2\">\n<p>%<\/td>\n<td class=\"column-3\">D 5885<\/td>\n<td class=\"column-4\"><\/td>\n<td class=\"column-5\"><\/td>\n<td class=\"column-6\">50%<\/td>\n<td class=\"column-7\"><\/td>\n<td class=\"column-8\">par pi\u00e8ce<\/p>\n<p>formulation<\/td>\n<\/tr>\n<\/tbody>\n<\/table>\n<p><!-- #tablepress-10 from cache --><\/p>","protected":false},"featured_media":1530,"template":"","meta":{"_seopress_robots_primary_cat":"none","_seopress_titles_title":"Textured Geomembrane -TDS","_seopress_titles_desc":"YICHUAN Textured Geomembrane is produced by the spray texture technology\u3001column points technology\u3001Nitrogen Foaming technology\uff0cIt is designed and fabricated with either single-sided or double-sided textured surface to improve friction between two layers. As the leading HDPE geomembrane manufacturer and supplier,\u00a0YICHUAN Geosynthetics\u00a0offers high quality customized HDPE textured geomembrane with complete size, thickness and specifications at competitive factory price.","_seopress_robots_index":""},"product_brand":[],"product_cat":[37],"product_tag":[],"class_list":{"0":"post-1524","1":"product","2":"type-product","3":"status-publish","4":"has-post-thumbnail","6":"product_cat-geomembrane","8":"first","9":"instock","10":"shipping-taxable","11":"product-type-simple"},"_links":{"self":[{"href":"https:\/\/qianyuangeo.com\/fr\/wp-json\/wp\/v2\/product\/1524","targetHints":{"allow":["GET"]}}],"collection":[{"href":"https:\/\/qianyuangeo.com\/fr\/wp-json\/wp\/v2\/product"}],"about":[{"href":"https:\/\/qianyuangeo.com\/fr\/wp-json\/wp\/v2\/types\/product"}],"version-history":[{"count":0,"href":"https:\/\/qianyuangeo.com\/fr\/wp-json\/wp\/v2\/product\/1524\/revisions"}],"wp:featuredmedia":[{"embeddable":true,"href":"https:\/\/qianyuangeo.com\/fr\/wp-json\/wp\/v2\/media\/1530"}],"wp:attachment":[{"href":"https:\/\/qianyuangeo.com\/fr\/wp-json\/wp\/v2\/media?parent=1524"}],"wp:term":[{"taxonomy":"product_brand","embeddable":true,"href":"https:\/\/qianyuangeo.com\/fr\/wp-json\/wp\/v2\/product_brand?post=1524"},{"taxonomy":"product_cat","embeddable":true,"href":"https:\/\/qianyuangeo.com\/fr\/wp-json\/wp\/v2\/product_cat?post=1524"},{"taxonomy":"product_tag","embeddable":true,"href":"https:\/\/qianyuangeo.com\/fr\/wp-json\/wp\/v2\/product_tag?post=1524"}],"curies":[{"name":"wp","href":"https:\/\/api.w.org\/{rel}","templated":true}]}}