{"id":1144,"date":"2025-03-06T09:01:30","date_gmt":"2025-03-06T09:01:30","guid":{"rendered":"https:\/\/18.138.55.241\/?post_type=product&#038;p=1144"},"modified":"2025-04-10T13:13:21","modified_gmt":"2025-04-10T13:13:21","slug":"geonet-geosynthetic-drainage-mesh","status":"publish","type":"product","link":"https:\/\/qianyuangeo.com\/fr\/produit\/geonet-geosynthetic-drainage-mesh\/","title":{"rendered":"G\u00e9onet, g\u00e9osynth\u00e9tique, drainage | G\u00e9onets en PEHD haute performance"},"content":{"rendered":"<p>Geonet est un treillis polym\u00e8re tridimensionnel con\u00e7u pour offrir un drainage, une stabilisation des sols et une r\u00e9partition des charges sup\u00e9rieurs dans les projets de g\u00e9nie civil et environnementaux. Fabriqu\u00e9s en poly\u00e9thyl\u00e8ne haute densit\u00e9 (PEHD) ou en polypropyl\u00e8ne (PP), nos produits Geonet offrent des performances hydrauliques exceptionnelles et une durabilit\u00e9 \u00e0 long terme dans des conditions exigeantes.<\/p>","protected":false},"excerpt":{"rendered":"<table id=\"tablepress-17\" class=\"tablepress tablepress-id-17\">\n<thead>\n<tr class=\"row-1\">\n<th class=\"column-1\">Propri\u00e9t\u00e9<\/th>\n<th class=\"column-2\">Unit\u00e9<\/th>\n<th class=\"column-3\">BC63\/D200<\/th>\n<th class=\"column-4\">BC70\/D200<\/th>\n<th class=\"column-5\">BC80\/D200<\/th>\n<th class=\"column-6\">BC90\/D200<\/th>\n<th class=\"column-7\">Norme de test<\/th>\n<\/tr>\n<\/thead>\n<tbody class=\"row-striping row-hover\">\n<tr class=\"row-2\">\n<td class=\"column-1\">Sp\u00e9cifications des g\u00e9ocomposites<\/td>\n<td class=\"column-2\"><\/td>\n<td class=\"column-3\"><\/td>\n<td class=\"column-4\"><\/td>\n<td class=\"column-5\"><\/td>\n<td class=\"column-6\"><\/td>\n<td class=\"column-7\"><\/td>\n<\/tr>\n<tr class=\"row-3\">\n<td class=\"column-1\">Conductivit\u00e9 hydraulique (MD)<\/td>\n<td class=\"column-2\">M2\/s<\/td>\n<td class=\"column-3\">2,8 \u00d7 10-3<\/td>\n<td class=\"column-4\">3,2\u00d710-3<\/td>\n<td class=\"column-5\">4,0\u00d710-3<\/td>\n<td class=\"column-6\">5\u00d710-3<\/td>\n<td class=\"column-7\">ASTM D4716<\/td>\n<\/tr>\n<tr class=\"row-4\">\n<td class=\"column-1\">R\u00e9sistance \u00e0 la perforation<\/td>\n<td class=\"column-2\">kN\/m<\/td>\n<td class=\"column-3\">0.17<\/td>\n<td class=\"column-4\">0.17<\/td>\n<td class=\"column-5\">0.17<\/td>\n<td class=\"column-6\">0.17<\/td>\n<td class=\"column-7\">ASTM D7005<\/td>\n<\/tr>\n<tr class=\"row-5\">\n<td class=\"column-1\">Sp\u00e9cifications du mat\u00e9riau de base du g\u00e9onet<\/td>\n<td class=\"column-2\"><\/td>\n<td class=\"column-3\"><\/td>\n<td class=\"column-4\"><\/td>\n<td class=\"column-5\"><\/td>\n<td class=\"column-6\"><\/td>\n<td class=\"column-7\"><\/td>\n<\/tr>\n<tr class=\"row-6\">\n<td class=\"column-1\">\u00c9paisseur<\/td>\n<td class=\"column-2\">mm<\/td>\n<td class=\"column-3\">6.3<\/td>\n<td class=\"column-4\">7<\/td>\n<td class=\"column-5\">8<\/td>\n<td class=\"column-6\">9<\/td>\n<td class=\"column-7\">ASTM D5199<\/td>\n<\/tr>\n<tr class=\"row-7\">\n<td class=\"column-1\">Densit\u00e9<\/td>\n<td class=\"column-2\">g\/cm3<\/td>\n<td class=\"column-3\">0.94<\/td>\n<td class=\"column-4\">0.94<\/td>\n<td class=\"column-5\">0.94<\/td>\n<td class=\"column-6\">0.94<\/td>\n<td class=\"column-7\">ASTM D1505<\/td>\n<\/tr>\n<tr class=\"row-8\">\n<td class=\"column-1\">Teneur en noir de carbone<\/td>\n<td class=\"column-2\">%<\/td>\n<td class=\"column-3\">2<\/td>\n<td class=\"column-4\">2<\/td>\n<td class=\"column-5\">2<\/td>\n<td class=\"column-6\">2<\/td>\n<td class=\"column-7\">ASTM D1603<\/td>\n<\/tr>\n<tr class=\"row-9\">\n<td class=\"column-1\">R\u00e9sistance \u00e0 la traction (MD)<\/td>\n<td class=\"column-2\">kN\/m<\/td>\n<td class=\"column-3\">8<\/td>\n<td class=\"column-4\">10<\/td>\n<td class=\"column-5\">12<\/td>\n<td class=\"column-6\">14<\/td>\n<td class=\"column-7\">ASTM D7179<\/td>\n<\/tr>\n<tr class=\"row-10\">\n<td class=\"column-1\">Conductivit\u00e9 hydraulique (MD)<\/td>\n<td class=\"column-2\">M2\/s<\/td>\n<td class=\"column-3\"><\/td>\n<td class=\"column-4\"><\/td>\n<td class=\"column-5\">2,0\u00d710-4<\/td>\n<td class=\"column-6\"><\/td>\n<td class=\"column-7\">ASTM D4716<\/td>\n<\/tr>\n<tr class=\"row-11\">\n<td class=\"column-1\">Sp\u00e9cifications des g\u00e9otextiles<\/td>\n<td class=\"column-2\"><\/td>\n<td class=\"column-3\"><\/td>\n<td class=\"column-4\"><\/td>\n<td class=\"column-5\"><\/td>\n<td class=\"column-6\"><\/td>\n<td class=\"column-7\"><\/td>\n<\/tr>\n<tr class=\"row-12\">\n<td class=\"column-1\">Poids unitaire<\/td>\n<td class=\"column-2\">g\/cm2<\/td>\n<td class=\"column-3\">200<\/td>\n<td class=\"column-4\">200<\/td>\n<td class=\"column-5\">200<\/td>\n<td class=\"column-6\">200<\/td>\n<td class=\"column-7\">200<\/td>\n<\/tr>\n<tr class=\"row-13\">\n<td class=\"column-1\">Type de g\u00e9otextile<\/td>\n<td class=\"column-2\"><\/td>\n<td class=\"column-3\"><\/td>\n<td class=\"column-4\"><\/td>\n<td class=\"column-5\">G\u00e9otextile non tiss\u00e9 \u00e0 filaments continus<\/td>\n<td class=\"column-6\"><\/td>\n<td class=\"column-7\"><\/td>\n<\/tr>\n<\/tbody>\n<\/table>\n<p><!-- #tablepress-17 from cache --><\/p>","protected":false},"featured_media":1148,"template":"","meta":{"_seopress_robots_primary_cat":"none","_seopress_titles_title":"Geonet Drainage Mesh | High-Performance HDPE Geonets","_seopress_titles_desc":"Advanced Geonet Drainage Mesh ensures superior drainage, soil stabilization, and load distribution in civil engineering projects. Request a quote today!","_seopress_robots_index":""},"product_brand":[],"product_cat":[27],"product_tag":[],"class_list":{"0":"post-1144","1":"product","2":"type-product","3":"status-publish","4":"has-post-thumbnail","6":"product_cat-uncategorized","8":"first","9":"instock","10":"shipping-taxable","11":"product-type-simple"},"_links":{"self":[{"href":"https:\/\/qianyuangeo.com\/fr\/wp-json\/wp\/v2\/product\/1144","targetHints":{"allow":["GET"]}}],"collection":[{"href":"https:\/\/qianyuangeo.com\/fr\/wp-json\/wp\/v2\/product"}],"about":[{"href":"https:\/\/qianyuangeo.com\/fr\/wp-json\/wp\/v2\/types\/product"}],"version-history":[{"count":0,"href":"https:\/\/qianyuangeo.com\/fr\/wp-json\/wp\/v2\/product\/1144\/revisions"}],"wp:featuredmedia":[{"embeddable":true,"href":"https:\/\/qianyuangeo.com\/fr\/wp-json\/wp\/v2\/media\/1148"}],"wp:attachment":[{"href":"https:\/\/qianyuangeo.com\/fr\/wp-json\/wp\/v2\/media?parent=1144"}],"wp:term":[{"taxonomy":"product_brand","embeddable":true,"href":"https:\/\/qianyuangeo.com\/fr\/wp-json\/wp\/v2\/product_brand?post=1144"},{"taxonomy":"product_cat","embeddable":true,"href":"https:\/\/qianyuangeo.com\/fr\/wp-json\/wp\/v2\/product_cat?post=1144"},{"taxonomy":"product_tag","embeddable":true,"href":"https:\/\/qianyuangeo.com\/fr\/wp-json\/wp\/v2\/product_tag?post=1144"}],"curies":[{"name":"wp","href":"https:\/\/api.w.org\/{rel}","templated":true}]}}