{"id":1135,"date":"2025-03-06T08:58:41","date_gmt":"2025-03-06T08:58:41","guid":{"rendered":"https:\/\/18.138.55.241\/?post_type=product&#038;p=1135"},"modified":"2025-04-11T08:46:02","modified_gmt":"2025-04-11T08:46:02","slug":"cement-blanket","status":"publish","type":"product","link":"https:\/\/qianyuangeo.com\/fr\/produit\/cement-blanket\/","title":{"rendered":"Couverture de ciment"},"content":{"rendered":"<p>Renforcement instantan\u00e9 du b\u00e9ton \u2013 D\u00e9rouler, mouiller et durcir en 24 heures<\/p>\n<p>Pr\u00e9sentation du produit<br \/>\nLa couverture de ciment est un mat\u00e9riau composite g\u00e9osynth\u00e9tique r\u00e9volutionnaire associant une matrice fibreuse 3D flexible \u00e0 de la poudre de ciment s\u00e8che. Activ\u00e9e par l&#039;eau, elle se transforme en une couche de b\u00e9ton durable en quelques heures, \u00e9liminant ainsi les processus traditionnels de malaxage, de coulage et de durcissement. Con\u00e7ue pour un d\u00e9ploiement rapide dans les projets d&#039;infrastructure et environnementaux, elle red\u00e9finit l&#039;efficacit\u00e9 de la protection des talus, du rev\u00eatement des foss\u00e9s et des r\u00e9parations d&#039;urgence.<\/p>","protected":false},"excerpt":{"rendered":"<table id=\"tablepress-20\" class=\"tablepress tablepress-id-20\">\n<thead>\n<tr class=\"row-1\">\n<th class=\"column-1\">Test<\/th>\n<td class=\"column-2\"><\/td>\n<th class=\"column-3\">R\u00e9sultat du test<\/th>\n<td class=\"column-4\"><\/td>\n<td class=\"column-5\"><\/td>\n<td class=\"column-6\"><\/td>\n<td class=\"column-7\"><\/td>\n<th class=\"column-8\">Norme de test<\/th>\n<\/tr>\n<\/thead>\n<tbody class=\"row-striping row-hover\">\n<tr class=\"row-2\">\n<td class=\"column-1\"><\/td>\n<td class=\"column-2\"><\/td>\n<td class=\"column-3\">1j<\/td>\n<td class=\"column-4\">3D<\/td>\n<td class=\"column-5\">7j<\/td>\n<td class=\"column-6\">28j<\/td>\n<td class=\"column-7\">Apr\u00e8s le cycle de gel-d\u00e9gel<\/td>\n<td class=\"column-8\"><\/td>\n<\/tr>\n<tr class=\"row-3\">\n<td class=\"column-1\">R\u00e9sistance \u00e0 la rupture<\/td>\n<td class=\"column-2\"><\/td>\n<td class=\"column-3\">7,0 Mpa<\/td>\n<td class=\"column-4\">9,8 Mpa<\/td>\n<td class=\"column-5\">10,7 Mpa<\/td>\n<td class=\"column-6\">11,0 Mpa<\/td>\n<td class=\"column-7\"><\/td>\n<td class=\"column-8\">GB\/T29756-2013<\/td>\n<\/tr>\n<tr class=\"row-4\">\n<td class=\"column-1\"><\/td>\n<td class=\"column-2\"><\/td>\n<td class=\"column-3\"><\/td>\n<td class=\"column-4\"><\/td>\n<td class=\"column-5\"><\/td>\n<td class=\"column-6\"><\/td>\n<td class=\"column-7\">10,6 Mpa<\/td>\n<td class=\"column-8\">JC\/T1004-2006<\/td>\n<\/tr>\n<tr class=\"row-5\">\n<td class=\"column-1\">R\u00e9sistance \u00e0 la compression<\/td>\n<td class=\"column-2\"><\/td>\n<td class=\"column-3\">51,0 Mpa<\/td>\n<td class=\"column-4\">52,3 Mpa<\/td>\n<td class=\"column-5\">61,5 Mpa<\/td>\n<td class=\"column-6\">66,1 Mpa<\/td>\n<td class=\"column-7\"><\/td>\n<td class=\"column-8\">GB\/T29756-2013<\/td>\n<\/tr>\n<tr class=\"row-6\">\n<td class=\"column-1\"><\/td>\n<td class=\"column-2\"><\/td>\n<td class=\"column-3\"><\/td>\n<td class=\"column-4\"><\/td>\n<td class=\"column-5\">Valeur moyenne : 37,4 Mpa<\/td>\n<td class=\"column-6\"><\/td>\n<td class=\"column-7\">69,4 Mpa<\/td>\n<td class=\"column-8\">JC\/T1004-2006<\/td>\n<\/tr>\n<tr class=\"row-7\">\n<td class=\"column-1\"><\/td>\n<td class=\"column-2\"><\/td>\n<td class=\"column-3\"><\/td>\n<td class=\"column-4\">Sens machine :<\/td>\n<td class=\"column-5\">Machine transversale de 29,4 Mpa <\/td>\n<td class=\"column-6\">direction : 23,1 Mpa<\/td>\n<td class=\"column-7\"><\/td>\n<td class=\"column-8\">ASTM C109-16a<\/td>\n<\/tr>\n<tr class=\"row-8\">\n<td class=\"column-1\">R\u00e9sistance \u00e0 la flexion<\/td>\n<td class=\"column-2\"><\/td>\n<td class=\"column-3\"><\/td>\n<td class=\"column-4\"><\/td>\n<td class=\"column-5\"><\/td>\n<td class=\"column-6\">1,3 Mpa<\/td>\n<td class=\"column-7\"><\/td>\n<td class=\"column-8\">ASTMC1185-08<\/td>\n<\/tr>\n<tr class=\"row-9\">\n<td class=\"column-1\">performances sup\u00e9rieures<\/td>\n<td class=\"column-2\"><\/td>\n<td class=\"column-3\"><\/td>\n<td class=\"column-4\"><\/td>\n<td class=\"column-5\"><\/td>\n<td class=\"column-6\">\uff1c0,5<\/td>\n<td class=\"column-7\"><\/td>\n<td class=\"column-8\">JGJ\/T70-200915<\/td>\n<\/tr>\n<tr class=\"row-10\">\n<td class=\"column-1\"><\/td>\n<td class=\"column-2\">Plomb (quantit\u00e9 totale) mg\/l<\/td>\n<td class=\"column-3\"><\/td>\n<td class=\"column-4\"><\/td>\n<td class=\"column-5\"><\/td>\n<td class=\"column-6\">\uff1c0,004<\/td>\n<td class=\"column-7\"><\/td>\n<td class=\"column-8\"><\/td>\n<\/tr>\n<tr class=\"row-11\">\n<td class=\"column-1\"><\/td>\n<td class=\"column-2\">Chrome (chrome VT) mg\/I<\/td>\n<td class=\"column-3\"><\/td>\n<td class=\"column-4\"><\/td>\n<td class=\"column-5\"><\/td>\n<td class=\"column-6\">\uff1c0,00\uff1b<\/td>\n<td class=\"column-7\"><\/td>\n<td class=\"column-8\"><\/td>\n<\/tr>\n<tr class=\"row-12\">\n<td class=\"column-1\"><\/td>\n<td class=\"column-2\">Mercure (compter la quantit\u00e9 totale) mg\/l<\/td>\n<td class=\"column-3\"><\/td>\n<td class=\"column-4\"><\/td>\n<td class=\"column-5\"><\/td>\n<td class=\"column-6\">0.018<\/td>\n<td class=\"column-7\"><\/td>\n<td class=\"column-8\"><\/td>\n<\/tr>\n<tr class=\"row-13\">\n<td class=\"column-1\">Test de toxicit\u00e9 par lixiviation<\/td>\n<td class=\"column-2\">Baryum (quantit\u00e9 totale) mg\/l<\/td>\n<td class=\"column-3\"><\/td>\n<td class=\"column-4\"><\/td>\n<td class=\"column-5\"><\/td>\n<td class=\"column-6\">\uff1c0,001<\/td>\n<td class=\"column-7\"><\/td>\n<td class=\"column-8\">GB5085.3-2007<\/td>\n<\/tr>\n<tr class=\"row-14\">\n<td class=\"column-1\"><\/td>\n<td class=\"column-2\">Arsenic (quantit\u00e9 totale) mg\/l<\/td>\n<td class=\"column-3\"><\/td>\n<td class=\"column-4\"><\/td>\n<td class=\"column-5\"><\/td>\n<td class=\"column-6\">1.01<\/td>\n<td class=\"column-7\"><\/td>\n<td class=\"column-8\"><\/td>\n<\/tr>\n<tr class=\"row-15\">\n<td class=\"column-1\"><\/td>\n<td class=\"column-2\">Fluorure inorganique (ne contient pas de fluorure de calcium) mg\/l<\/td>\n<td class=\"column-3\"><\/td>\n<td class=\"column-4\"><\/td>\n<td class=\"column-5\"><\/td>\n<td class=\"column-6\">\uff1c0,001<\/td>\n<td class=\"column-7\"><\/td>\n<td class=\"column-8\"><\/td>\n<\/tr>\n<tr class=\"row-16\">\n<td class=\"column-1\"><\/td>\n<td class=\"column-2\">Cyanure (compt\u00e9 comme cn-) mg\/l<\/td>\n<td class=\"column-3\"><\/td>\n<td class=\"column-4\"><\/td>\n<td class=\"column-5\"><\/td>\n<td class=\"column-6\"><\/td>\n<td class=\"column-7\"><\/td>\n<td class=\"column-8\"><\/td>\n<\/tr>\n<\/tbody>\n<\/table>\n<p><!-- #tablepress-20 from cache --><\/p>","protected":false},"featured_media":1138,"template":"","meta":{"_seopress_robots_primary_cat":"none","_seopress_titles_title":"Cement Blanket | Instant Concrete Cloth Reinforcement","_seopress_titles_desc":"Rapid-hardening Cement Blanket provides quick, effective concrete reinforcement for slopes, ditches, and emergency infrastructure repairs. Contact now!","_seopress_robots_index":""},"product_brand":[],"product_cat":[39],"product_tag":[],"class_list":{"0":"post-1135","1":"product","2":"type-product","3":"status-publish","4":"has-post-thumbnail","6":"product_cat-cement-blanket-ccb","8":"first","9":"instock","10":"shipping-taxable","11":"product-type-simple"},"_links":{"self":[{"href":"https:\/\/qianyuangeo.com\/fr\/wp-json\/wp\/v2\/product\/1135","targetHints":{"allow":["GET"]}}],"collection":[{"href":"https:\/\/qianyuangeo.com\/fr\/wp-json\/wp\/v2\/product"}],"about":[{"href":"https:\/\/qianyuangeo.com\/fr\/wp-json\/wp\/v2\/types\/product"}],"version-history":[{"count":0,"href":"https:\/\/qianyuangeo.com\/fr\/wp-json\/wp\/v2\/product\/1135\/revisions"}],"wp:featuredmedia":[{"embeddable":true,"href":"https:\/\/qianyuangeo.com\/fr\/wp-json\/wp\/v2\/media\/1138"}],"wp:attachment":[{"href":"https:\/\/qianyuangeo.com\/fr\/wp-json\/wp\/v2\/media?parent=1135"}],"wp:term":[{"taxonomy":"product_brand","embeddable":true,"href":"https:\/\/qianyuangeo.com\/fr\/wp-json\/wp\/v2\/product_brand?post=1135"},{"taxonomy":"product_cat","embeddable":true,"href":"https:\/\/qianyuangeo.com\/fr\/wp-json\/wp\/v2\/product_cat?post=1135"},{"taxonomy":"product_tag","embeddable":true,"href":"https:\/\/qianyuangeo.com\/fr\/wp-json\/wp\/v2\/product_tag?post=1135"}],"curies":[{"name":"wp","href":"https:\/\/api.w.org\/{rel}","templated":true}]}}