{"id":1126,"date":"2025-03-06T08:45:15","date_gmt":"2025-03-06T08:45:15","guid":{"rendered":"https:\/\/18.138.55.241\/?post_type=product&#038;p=1126"},"modified":"2025-04-11T08:48:44","modified_gmt":"2025-04-11T08:48:44","slug":"polyester-geogrid","status":"publish","type":"product","link":"https:\/\/qianyuangeo.com\/fr\/produit\/polyester-geogrid\/","title":{"rendered":"G\u00e9ogrille en polyester"},"content":{"rendered":"<p>Mat\u00e9riau : fil de polyester haute t\u00e9nacit\u00e9<br \/>\nStructure : Conception en treillis en forme de grille avec une r\u00e9sistance \u00e0 la traction uniforme dans les directions longitudinale et transversale<br \/>\nTraitement de surface : Rev\u00eatement d&#039;une couche protectrice de polym\u00e8re (par exemple, PVC, latex) pour une durabilit\u00e9 et une r\u00e9sistance accrues<\/p>\n<p>Caract\u00e9ristiques principales :<\/p>\n<p>Haute r\u00e9sistance \u00e0 la traction : offre une capacit\u00e9 de charge exceptionnelle pour les applications de renforcement.<\/p>\n<p>Faible allongement : assure une d\u00e9formation minimale sous de lourdes charges, pr\u00e9servant ainsi l&#039;int\u00e9grit\u00e9 structurelle.<\/p>\n<p>R\u00e9sistance au fluage : con\u00e7u pour r\u00e9sister aux contraintes \u00e0 long terme sans \u00e9tirement important.<\/p>\n<p>R\u00e9sistance chimique et UV : R\u00e9sistant \u00e0 la corrosion, aux produits chimiques et aux rayons ultraviolets, ce qui le rend adapt\u00e9 aux environnements difficiles.<\/p>\n<p>L\u00e9ger et flexible : facile \u00e0 transporter, \u00e0 manipuler et \u00e0 installer, r\u00e9duisant ainsi le temps de construction et les co\u00fbts de main-d&#039;\u0153uvre.<\/p>","protected":false},"excerpt":{"rendered":"<table id=\"tablepress-19\" class=\"tablepress tablepress-id-19\">\n<thead>\n<tr class=\"row-1\">\n<th class=\"column-1\">Propri\u00e9t\u00e9s<\/th>\n<th class=\"column-2\">BSD30-30<\/th>\n<th class=\"column-3\">BSD40-40<\/th>\n<th class=\"column-4\">BSD50-50<\/th>\n<th class=\"column-5\">BSD60-60<\/th>\n<th class=\"column-6\">BSD80-80<\/th>\n<th class=\"column-7\">BSD100-100<\/th>\n<th class=\"column-8\">BSD150-150<\/th>\n<\/tr>\n<\/thead>\n<tbody class=\"row-striping row-hover\">\n<tr class=\"row-2\">\n<td class=\"column-1\">R\u00e9sistance \u00e0 la traction longitudinale kN\/m<\/td>\n<td class=\"column-2\">\u226530<\/td>\n<td class=\"column-3\">\u226540<\/td>\n<td class=\"column-4\">\u226550<\/td>\n<td class=\"column-5\">\u226560<\/td>\n<td class=\"column-6\">\u226580<\/td>\n<td class=\"column-7\">\u2265100<\/td>\n<td class=\"column-8\">\u2265150<\/td>\n<\/tr>\n<tr class=\"row-3\">\n<td class=\"column-1\">R\u00e9sistance \u00e0 la traction horizontale kN\/m<\/td>\n<td class=\"column-2\">\u226530<\/td>\n<td class=\"column-3\">\u226540<\/td>\n<td class=\"column-4\">\u226550<\/td>\n<td class=\"column-5\">\u226560<\/td>\n<td class=\"column-6\">\u226580<\/td>\n<td class=\"column-7\">\u2265100<\/td>\n<td class=\"column-8\">\u2265150<\/td>\n<\/tr>\n<tr class=\"row-4\">\n<td class=\"column-1\">Taux d&#039;allongement %<\/td>\n<td class=\"column-2\"><\/td>\n<td class=\"column-3\"><\/td>\n<td class=\"column-4\"><\/td>\n<td class=\"column-5\">\u22642<\/td>\n<td class=\"column-6\"><\/td>\n<td class=\"column-7\"><\/td>\n<td class=\"column-8\"><\/td>\n<\/tr>\n<tr class=\"row-5\">\n<td class=\"column-1\">R\u00e9sistance \u00e0 la traction \u00e0 1% D\u00e9formation kN\/m<\/td>\n<td class=\"column-2\">\u226520<\/td>\n<td class=\"column-3\">\u226532<\/td>\n<td class=\"column-4\">\u226540<\/td>\n<td class=\"column-5\">\u226548<\/td>\n<td class=\"column-6\">\u226563<\/td>\n<td class=\"column-7\">\u226581<\/td>\n<td class=\"column-8\">\u2265125<\/td>\n<\/tr>\n<tr class=\"row-6\">\n<td class=\"column-1\">Force limite de pelage au point de fusion soud\u00e9 et coll\u00e9 kN\/m<\/td>\n<td class=\"column-2\">\u226520<\/td>\n<td class=\"column-3\">\u226532<\/td>\n<td class=\"column-4\">\u226540<\/td>\n<td class=\"column-5\">\u226548<\/td>\n<td class=\"column-6\">\u226563<\/td>\n<td class=\"column-7\">\u226581<\/td>\n<td class=\"column-8\">\u2265125<\/td>\n<\/tr>\n<tr class=\"row-7\">\n<td class=\"column-1\">Force de pelage limite au point de fusion soud\u00e9 N<\/td>\n<td class=\"column-2\">\u2265100<\/td>\n<td class=\"column-3\">\u2265100<\/td>\n<td class=\"column-4\">\u2265100<\/td>\n<td class=\"column-5\">\u2265100<\/td>\n<td class=\"column-6\">\u2265100<\/td>\n<td class=\"column-7\">\u2265100<\/td>\n<td class=\"column-8\">\u2265100<\/td>\n<\/tr>\n<tr class=\"row-8\">\n<td class=\"column-1\"><\/td>\n<td class=\"column-2\"><\/td>\n<td class=\"column-3\"><\/td>\n<td class=\"column-4\"><\/td>\n<td class=\"column-5\"><\/td>\n<td class=\"column-6\"><\/td>\n<td class=\"column-7\"><\/td>\n<td class=\"column-8\"><\/td>\n<\/tr>\n<\/tbody>\n<\/table>\n<p><!-- #tablepress-19 from cache --><\/p>","protected":false},"featured_media":1861,"template":"","meta":{"_seopress_robots_primary_cat":"none","_seopress_titles_title":"Polyester Geogrid","_seopress_titles_desc":"High-strength polyester geogrid with polymer-coated grid structure offers uniform bidirectional tensile strength, low elongation, creep\/chemical\/UV resistance, and lightweight flexibility for durable reinforcement in harsh environments.","_seopress_robots_index":""},"product_brand":[],"product_cat":[27,29],"product_tag":[],"class_list":{"0":"post-1126","1":"product","2":"type-product","3":"status-publish","4":"has-post-thumbnail","6":"product_cat-uncategorized","7":"product_cat-geogrid","9":"first","10":"instock","11":"shipping-taxable","12":"product-type-simple"},"_links":{"self":[{"href":"https:\/\/qianyuangeo.com\/fr\/wp-json\/wp\/v2\/product\/1126","targetHints":{"allow":["GET"]}}],"collection":[{"href":"https:\/\/qianyuangeo.com\/fr\/wp-json\/wp\/v2\/product"}],"about":[{"href":"https:\/\/qianyuangeo.com\/fr\/wp-json\/wp\/v2\/types\/product"}],"version-history":[{"count":0,"href":"https:\/\/qianyuangeo.com\/fr\/wp-json\/wp\/v2\/product\/1126\/revisions"}],"wp:featuredmedia":[{"embeddable":true,"href":"https:\/\/qianyuangeo.com\/fr\/wp-json\/wp\/v2\/media\/1861"}],"wp:attachment":[{"href":"https:\/\/qianyuangeo.com\/fr\/wp-json\/wp\/v2\/media?parent=1126"}],"wp:term":[{"taxonomy":"product_brand","embeddable":true,"href":"https:\/\/qianyuangeo.com\/fr\/wp-json\/wp\/v2\/product_brand?post=1126"},{"taxonomy":"product_cat","embeddable":true,"href":"https:\/\/qianyuangeo.com\/fr\/wp-json\/wp\/v2\/product_cat?post=1126"},{"taxonomy":"product_tag","embeddable":true,"href":"https:\/\/qianyuangeo.com\/fr\/wp-json\/wp\/v2\/product_tag?post=1126"}],"curies":[{"name":"wp","href":"https:\/\/api.w.org\/{rel}","templated":true}]}}