{"id":1111,"date":"2025-03-06T08:39:54","date_gmt":"2025-03-06T08:39:54","guid":{"rendered":"https:\/\/18.138.55.241\/?post_type=product&#038;p=1111"},"modified":"2025-04-11T08:56:00","modified_gmt":"2025-04-11T08:56:00","slug":"uniaxial-plastic-geogrid-2","status":"publish","type":"product","link":"https:\/\/qianyuangeo.com\/fr\/produit\/uniaxial-plastic-geogrid-2\/","title":{"rendered":"G\u00e9ogrille plastique uniaxiale"},"content":{"rendered":"<p>Une g\u00e9ogrille plastique uniaxiale est une grille polym\u00e8re haute r\u00e9sistance (g\u00e9n\u00e9ralement en PEHD ou en PP) dot\u00e9e d&#039;un renfort de traction orient\u00e9 principalement dans une direction (longitudinale). Elle est con\u00e7ue pour am\u00e9liorer la stabilit\u00e9 du sol et la r\u00e9partition des charges dans les applications n\u00e9cessitant un renforcement unidirectionnel, comme les murs de sout\u00e8nement, les talus ou les fondations de routes.<\/p>\n<p>Caract\u00e9ristiques principales :<\/p>\n<p>Haute r\u00e9sistance \u00e0 la traction : optimis\u00e9 pour la portance uniaxiale.<\/p>\n<p>L\u00e9ger et flexible : facile \u00e0 installer sur un terrain accident\u00e9.<\/p>\n<p>R\u00e9sistance chimique : Convient aux environnements difficiles.<\/p>\n<p>Conception imbriqu\u00e9e : am\u00e9liore l\u2019interaction sol-g\u00e9ogrille.<\/p>","protected":false},"excerpt":{"rendered":"<table id=\"tablepress-8\" class=\"tablepress tablepress-id-8\">\n<thead>\n<tr class=\"row-1\">\n<td colspan=\"7\" class=\"column-1\"><\/td>\n<td class=\"column-8\"><\/td>\n<td class=\"column-9\"><\/td>\n<\/tr>\n<\/thead>\n<tbody class=\"row-striping row-hover\">\n<tr class=\"row-2\">\n<td class=\"column-1\">Propri\u00e9t\u00e9s<\/td>\n<td class=\"column-2\"><\/td>\n<td class=\"column-3\">BGUG25<\/td>\n<td class=\"column-4\">BGUG35<\/td>\n<td class=\"column-5\">BGUG50<\/td>\n<td class=\"column-6\">BGUG80<\/td>\n<td class=\"column-7\">BGUG110<\/td>\n<td class=\"column-8\">BGUG120<\/td>\n<td class=\"column-9\">BGUG150<\/td>\n<\/tr>\n<tr class=\"row-3\">\n<td class=\"column-1\">Largeur (m)<\/td>\n<td class=\"column-2\"><\/td>\n<td class=\"column-3\"><\/td>\n<td class=\"column-4\"><\/td>\n<td class=\"column-5\"><\/td>\n<td class=\"column-6\"><\/td>\n<td class=\"column-7\"><\/td>\n<td class=\"column-8\"><\/td>\n<td class=\"column-9\"><\/td>\n<\/tr>\n<tr class=\"row-4\">\n<td class=\"column-1\">Longueur\/rouleau (m)<\/td>\n<td class=\"column-2\"><\/td>\n<td class=\"column-3\"><\/td>\n<td class=\"column-4\"><\/td>\n<td class=\"column-5\"><\/td>\n<td class=\"column-6\"><\/td>\n<td class=\"column-7\"><\/td>\n<td class=\"column-8\"><\/td>\n<td class=\"column-9\"><\/td>\n<\/tr>\n<tr class=\"row-5\">\n<td class=\"column-1\">R\u00e9sistance \u00e0 la traction \u2265 kN\/m<\/td>\n<td class=\"column-2\">PEHD<\/td>\n<td class=\"column-3\">25<\/td>\n<td class=\"column-4\">35<\/td>\n<td class=\"column-5\">50<\/td>\n<td class=\"column-6\">80<\/td>\n<td class=\"column-7\">110<\/td>\n<td class=\"column-8\">120<\/td>\n<td class=\"column-9\">150<\/td>\n<\/tr>\n<tr class=\"row-6\">\n<td class=\"column-1\"><\/td>\n<td class=\"column-2\">PP<\/td>\n<td class=\"column-3\">25<\/td>\n<td class=\"column-4\">35<\/td>\n<td class=\"column-5\">50<\/td>\n<td class=\"column-6\">80<\/td>\n<td class=\"column-7\">110<\/td>\n<td class=\"column-8\">120<\/td>\n<td class=\"column-9\">150<\/td>\n<\/tr>\n<tr class=\"row-7\">\n<td class=\"column-1\">Allongement (%)<\/td>\n<td class=\"column-2\">PEHD<\/td>\n<td class=\"column-3\"><\/td>\n<td class=\"column-4\"><\/td>\n<td class=\"column-5\">11-16<\/td>\n<td class=\"column-6\"><\/td>\n<td class=\"column-7\"><\/td>\n<td class=\"column-8\"><\/td>\n<td class=\"column-9\"><\/td>\n<\/tr>\n<tr class=\"row-8\">\n<td class=\"column-1\"><\/td>\n<td class=\"column-2\">PP<\/td>\n<td class=\"column-3\"><\/td>\n<td class=\"column-4\"><\/td>\n<td class=\"column-5\">10<\/td>\n<td class=\"column-6\"><\/td>\n<td class=\"column-7\"><\/td>\n<td class=\"column-8\"><\/td>\n<td class=\"column-9\"><\/td>\n<\/tr>\n<tr class=\"row-9\">\n<td class=\"column-1\">Force \u00e0 2%<br \/>\nallongement \u2265 kN\/m<\/td>\n<td class=\"column-2\">PEHD<\/td>\n<td class=\"column-3\">6<\/td>\n<td class=\"column-4\">9<\/td>\n<td class=\"column-5\">10<\/td>\n<td class=\"column-6\">23<\/td>\n<td class=\"column-7\">30<\/td>\n<td class=\"column-8\">35<\/td>\n<td class=\"column-9\">46<\/td>\n<\/tr>\n<tr class=\"row-10\">\n<td class=\"column-1\"><\/td>\n<td class=\"column-2\">PP<\/td>\n<td class=\"column-3\">7<\/td>\n<td class=\"column-4\">10<\/td>\n<td class=\"column-5\">12<\/td>\n<td class=\"column-6\">26<\/td>\n<td class=\"column-7\">32<\/td>\n<td class=\"column-8\">38<\/td>\n<td class=\"column-9\">48<\/td>\n<\/tr>\n<tr class=\"row-11\">\n<td class=\"column-1\">Force \u00e0 5% <br \/>\nallongement \u2265 kN\/m<\/td>\n<td class=\"column-2\">PEHD<\/td>\n<td class=\"column-3\">12<\/td>\n<td class=\"column-4\">18<\/td>\n<td class=\"column-5\">25<\/td>\n<td class=\"column-6\">44<\/td>\n<td class=\"column-7\">60<\/td>\n<td class=\"column-8\">70<\/td>\n<td class=\"column-9\">87<\/td>\n<\/tr>\n<tr class=\"row-12\">\n<td class=\"column-1\"><\/td>\n<td class=\"column-2\">PP<\/td>\n<td class=\"column-3\">14<\/td>\n<td class=\"column-4\">20<\/td>\n<td class=\"column-5\">28<\/td>\n<td class=\"column-6\">48<\/td>\n<td class=\"column-7\">64<\/td>\n<td class=\"column-8\">75<\/td>\n<td class=\"column-9\">93<\/td>\n<\/tr>\n<tr class=\"row-13\">\n<td class=\"column-1\"><\/td>\n<td class=\"column-2\"><\/td>\n<td class=\"column-3\"><\/td>\n<td class=\"column-4\"><\/td>\n<td class=\"column-5\"><\/td>\n<td class=\"column-6\"><\/td>\n<td class=\"column-7\"><\/td>\n<td class=\"column-8\"><\/td>\n<td class=\"column-9\"><\/td>\n<\/tr>\n<\/tbody>\n<\/table>\n<p><!-- #tablepress-8 from cache --><\/p>","protected":false},"featured_media":1868,"template":"","meta":{"_seopress_robots_primary_cat":"none","_seopress_titles_title":"Uniaxial Plastic Geogrids | Soil Reinforcement HDPE Geogrid","_seopress_titles_desc":"Premium Uniaxial Plastic Geogrids designed for soil reinforcement in retaining walls, slopes, and foundations. Lightweight and durable. Inquire now!","_seopress_robots_index":""},"product_brand":[],"product_cat":[29],"product_tag":[],"class_list":{"0":"post-1111","1":"product","2":"type-product","3":"status-publish","4":"has-post-thumbnail","6":"product_cat-geogrid","8":"first","9":"instock","10":"shipping-taxable","11":"product-type-simple"},"_links":{"self":[{"href":"https:\/\/qianyuangeo.com\/fr\/wp-json\/wp\/v2\/product\/1111","targetHints":{"allow":["GET"]}}],"collection":[{"href":"https:\/\/qianyuangeo.com\/fr\/wp-json\/wp\/v2\/product"}],"about":[{"href":"https:\/\/qianyuangeo.com\/fr\/wp-json\/wp\/v2\/types\/product"}],"version-history":[{"count":0,"href":"https:\/\/qianyuangeo.com\/fr\/wp-json\/wp\/v2\/product\/1111\/revisions"}],"wp:featuredmedia":[{"embeddable":true,"href":"https:\/\/qianyuangeo.com\/fr\/wp-json\/wp\/v2\/media\/1868"}],"wp:attachment":[{"href":"https:\/\/qianyuangeo.com\/fr\/wp-json\/wp\/v2\/media?parent=1111"}],"wp:term":[{"taxonomy":"product_brand","embeddable":true,"href":"https:\/\/qianyuangeo.com\/fr\/wp-json\/wp\/v2\/product_brand?post=1111"},{"taxonomy":"product_cat","embeddable":true,"href":"https:\/\/qianyuangeo.com\/fr\/wp-json\/wp\/v2\/product_cat?post=1111"},{"taxonomy":"product_tag","embeddable":true,"href":"https:\/\/qianyuangeo.com\/fr\/wp-json\/wp\/v2\/product_tag?post=1111"}],"curies":[{"name":"wp","href":"https:\/\/api.w.org\/{rel}","templated":true}]}}