{"id":1102,"date":"2025-03-06T08:32:12","date_gmt":"2025-03-06T08:32:12","guid":{"rendered":"https:\/\/18.138.55.241\/?post_type=product&#038;p=1102"},"modified":"2025-04-10T08:57:30","modified_gmt":"2025-04-10T08:57:30","slug":"smooth-geomembrane","status":"publish","type":"product","link":"https:\/\/qianyuangeo.com\/fr\/produit\/smooth-geomembrane\/","title":{"rendered":"G\u00e9omembrane lisse"},"content":{"rendered":"<p>Une g\u00e9omembrane lisse est un rev\u00eatement synth\u00e9tique imperm\u00e9able haute performance, fabriqu\u00e9 en poly\u00e9thyl\u00e8ne haute densit\u00e9 (PEHD), en poly\u00e9thyl\u00e8ne basse densit\u00e9 lin\u00e9aire (PEBDL) ou en polychlorure de vinyle (PVC). Caract\u00e9ris\u00e9e par sa surface plane et non textur\u00e9e, elle constitue une excellente barri\u00e8re contre la migration des liquides et des gaz. Largement utilis\u00e9es pour le confinement, le rev\u00eatement et l&#039;\u00e9tanch\u00e9it\u00e9, les g\u00e9omembranes lisses sont appr\u00e9ci\u00e9es pour leur faible perm\u00e9abilit\u00e9, leur flexibilit\u00e9 et leur durabilit\u00e9 \u00e0 long terme, aussi bien en milieu expos\u00e9 qu&#039;en milieu enterr\u00e9.<\/p>","protected":false},"excerpt":{"rendered":"<table id=\"tablepress-11\" class=\"tablepress tablepress-id-11\">\n<thead>\n<tr class=\"row-1\">\n<td class=\"column-1\"><\/td>\n<td class=\"column-2\"><\/td>\n<td class=\"column-3\"><\/td>\n<th class=\"column-4\">Unit\u00e9<\/th>\n<th class=\"column-5\">Standard<\/th>\n<th class=\"column-6\">Fr\u00e9quence des tests<\/th>\n<td class=\"column-7\"><\/td>\n<td class=\"column-8\"><\/td>\n<td class=\"column-9\"><\/td>\n<td class=\"column-10\"><\/td>\n<td class=\"column-11\"><\/td>\n<td class=\"column-12\"><\/td>\n<td class=\"column-13\"><\/td>\n<td class=\"column-14\"><\/td>\n<td class=\"column-15\"><\/td>\n<td class=\"column-16\"><\/td>\n<\/tr>\n<\/thead>\n<tbody class=\"row-striping row-hover\">\n<tr class=\"row-2\">\n<td class=\"column-1\">Propri\u00e9t\u00e9s m\u00e9caniques<\/td>\n<td class=\"column-2\">\u00c9paisseur<\/td>\n<td class=\"column-3\"><\/td>\n<td class=\"column-4\">mm<\/td>\n<td class=\"column-5\">ASTMD5199<\/td>\n<td class=\"column-6\">0.2<\/td>\n<td class=\"column-7\">0.3<\/td>\n<td class=\"column-8\">0.5<\/td>\n<td class=\"column-9\">0.75<\/td>\n<td class=\"column-10\">1.00<\/td>\n<td class=\"column-11\">1.25<\/td>\n<td class=\"column-12\">1.50<\/td>\n<td class=\"column-13\">2.00<\/td>\n<td class=\"column-14\">2.50<\/td>\n<td class=\"column-15\">3.00<\/td>\n<td class=\"column-16\">Par rouleau<\/td>\n<\/tr>\n<tr class=\"row-3\">\n<td class=\"column-1\"><\/td>\n<td class=\"column-2\">Densit\u00e9<\/td>\n<td class=\"column-3\"><\/td>\n<td class=\"column-4\">g\/cc<\/td>\n<td class=\"column-5\">ASTMD1505\/D792<\/td>\n<td class=\"column-6\">0.94<\/td>\n<td class=\"column-7\"><\/td>\n<td class=\"column-8\"><\/td>\n<td class=\"column-9\"><\/td>\n<td class=\"column-10\"><\/td>\n<td class=\"column-11\"><\/td>\n<td class=\"column-12\"><\/td>\n<td class=\"column-13\"><\/td>\n<td class=\"column-14\"><\/td>\n<td class=\"column-15\"><\/td>\n<td class=\"column-16\">90 000 kg<\/td>\n<\/tr>\n<tr class=\"row-4\">\n<td class=\"column-1\"><\/td>\n<td class=\"column-2\">Propri\u00e9t\u00e9s de traction<br \/>\n\u00b7 limite d&#039;\u00e9lasticit\u00e9<br \/>\n\u00b7 r\u00e9sistance \u00e0 la rupture<br \/>\n\u00b7 allongement du rendement<br \/>\n\u00b7 allongement \u00e0 la rupture<\/td>\n<td class=\"column-3\"><\/td>\n<td class=\"column-4\">kN\/m<br \/>\nkN\/m<br \/>\n%<br \/>\n%<\/td>\n<td class=\"column-5\">      ASTM D 6693<br \/>\n Type IV<\/td>\n<td class=\"column-6\">  3<br \/>\n   5<br \/>\n   12<br \/>\n   700<\/td>\n<td class=\"column-7\">  5<br \/>\n   8<br \/>\n   12<br \/>\n   700<\/td>\n<td class=\"column-8\">  7<br \/>\n   13<br \/>\n   12<br \/>\n   700<\/td>\n<td class=\"column-9\"> 11<br \/>\n20<br \/>\n12<br \/>\n700<\/td>\n<td class=\"column-10\"> 15<br \/>\n27<br \/>\n12<br \/>\n700<\/td>\n<td class=\"column-11\"> 18<br \/>\n33<br \/>\n12<br \/>\n700<\/td>\n<td class=\"column-12\"> 22<br \/>\n40<br \/>\n12<br \/>\n700<\/td>\n<td class=\"column-13\"> 29<br \/>\n53<br \/>\n12<br \/>\n700<\/td>\n<td class=\"column-14\"> 37<br \/>\n67<br \/>\n12<br \/>\n700<\/td>\n<td class=\"column-15\"> 44<br \/>\n80<br \/>\n12<br \/>\n700<\/td>\n<td class=\"column-16\">9 000 kg<\/td>\n<\/tr>\n<tr class=\"row-5\">\n<td class=\"column-1\"><\/td>\n<td class=\"column-2\">R\u00e9sistance \u00e0 la d\u00e9chirure<\/td>\n<td class=\"column-3\"><\/td>\n<td class=\"column-4\">N<\/td>\n<td class=\"column-5\">ASTM D 1004<\/td>\n<td class=\"column-6\">25<\/td>\n<td class=\"column-7\">38<\/td>\n<td class=\"column-8\">62<\/td>\n<td class=\"column-9\">93<\/td>\n<td class=\"column-10\">125<\/td>\n<td class=\"column-11\">156<\/td>\n<td class=\"column-12\">187<\/td>\n<td class=\"column-13\">249<\/td>\n<td class=\"column-14\">311<\/td>\n<td class=\"column-15\">374<\/td>\n<td class=\"column-16\">20 000 kg<\/td>\n<\/tr>\n<tr class=\"row-6\">\n<td class=\"column-1\"><\/td>\n<td class=\"column-2\">R\u00e9sistance \u00e0 la perforation<\/td>\n<td class=\"column-3\"><\/td>\n<td class=\"column-4\">N<\/td>\n<td class=\"column-5\">ASTM D 4833<\/td>\n<td class=\"column-6\">64<\/td>\n<td class=\"column-7\">96<\/td>\n<td class=\"column-8\">160<\/td>\n<td class=\"column-9\">240<\/td>\n<td class=\"column-10\">320<\/td>\n<td class=\"column-11\">400<\/td>\n<td class=\"column-12\">480<\/td>\n<td class=\"column-13\">640<\/td>\n<td class=\"column-14\">800<\/td>\n<td class=\"column-15\">960<\/td>\n<td class=\"column-16\">20 000 kg<\/td>\n<\/tr>\n<tr class=\"row-7\">\n<td class=\"column-1\"><\/td>\n<td class=\"column-2\">R\u00e9sistance aux fissures de contrainte<\/td>\n<td class=\"column-3\"><\/td>\n<td class=\"column-4\">heure.<\/td>\n<td class=\"column-5\">ASTM D 5397<\/td>\n<td class=\"column-6\"><\/td>\n<td class=\"column-7\"><\/td>\n<td class=\"column-8\"><\/td>\n<td class=\"column-9\"><\/td>\n<td class=\"column-10\"><\/td>\n<td class=\"column-11\">500 heures<\/td>\n<td class=\"column-12\"><\/td>\n<td class=\"column-13\"><\/td>\n<td class=\"column-14\"><\/td>\n<td class=\"column-15\"><\/td>\n<td class=\"column-16\">selon GRI GM-10<\/td>\n<\/tr>\n<tr class=\"row-8\">\n<td class=\"column-1\"><\/td>\n<td class=\"column-2\">Teneur en noir de carbone<\/td>\n<td class=\"column-3\"><\/td>\n<td class=\"column-4\">%<\/td>\n<td class=\"column-5\">ASTM D 4218<\/td>\n<td class=\"column-6\"><\/td>\n<td class=\"column-7\"><\/td>\n<td class=\"column-8\"><\/td>\n<td class=\"column-9\"><\/td>\n<td class=\"column-10\"><\/td>\n<td class=\"column-11\">2.0-3.0%<\/td>\n<td class=\"column-12\"><\/td>\n<td class=\"column-13\"><\/td>\n<td class=\"column-14\"><\/td>\n<td class=\"column-15\"><\/td>\n<td class=\"column-16\">9 000 kg<\/td>\n<\/tr>\n<tr class=\"row-9\">\n<td class=\"column-1\"><\/td>\n<td class=\"column-2\">Dispersion de noir de carbone<\/td>\n<td class=\"column-3\"><\/td>\n<td class=\"column-4\"><\/td>\n<td class=\"column-5\">ASTM D 5596<\/td>\n<td class=\"column-6\"><\/td>\n<td class=\"column-7\"><\/td>\n<td class=\"column-8\"><\/td>\n<td class=\"column-9\"><\/td>\n<td class=\"column-10\"><\/td>\n<td class=\"column-11\">Pour 10 vues diff\u00e9rentes : 9 dans les cat\u00e9gories 1 ou 2 et 1 dans la cat\u00e9gorie 3<\/td>\n<td class=\"column-12\"><\/td>\n<td class=\"column-13\"><\/td>\n<td class=\"column-14\"><\/td>\n<td class=\"column-15\"><\/td>\n<td class=\"column-16\">20 000 kg<\/td>\n<\/tr>\n<tr class=\"row-10\">\n<td class=\"column-1\">Propri\u00e9t\u00e9s de r\u00e9f\u00e9rence<\/td>\n<td class=\"column-2\">Temps d&#039;induction oxydative (a) OIT standard<br \/>\n(b) OIT haute pression<\/td>\n<td class=\"column-3\"><\/td>\n<td class=\"column-4\">min<\/td>\n<td class=\"column-5\">      ASTM D 3895<br \/>\n      ASTM D 5885<\/td>\n<td class=\"column-6\"><\/td>\n<td class=\"column-7\"><\/td>\n<td class=\"column-8\"><\/td>\n<td class=\"column-9\"><\/td>\n<td class=\"column-10\"><\/td>\n<td class=\"column-11\">100 min.<br \/>\n500 min.<\/td>\n<td class=\"column-12\"><\/td>\n<td class=\"column-13\"><\/td>\n<td class=\"column-14\"><\/td>\n<td class=\"column-15\"><\/td>\n<td class=\"column-16\">90 000 kg<\/td>\n<\/tr>\n<tr class=\"row-11\">\n<td class=\"column-1\"><\/td>\n<td class=\"column-2\">Vieillissement au four \u00e0 85\u00b0C conserv\u00e9 apr\u00e8s 90 jours<br \/>\n(a) OIT standard \u2013 %<br \/>\n(b) OIT haute pression \u2013 %<\/td>\n<td class=\"column-3\"><\/td>\n<td class=\"column-4\">%<\/td>\n<td class=\"column-5\">      ASTM D 5721<br \/>\n      ASTM D 3895<br \/>\n      ASTM D 5885<\/td>\n<td class=\"column-6\"><\/td>\n<td class=\"column-7\"><\/td>\n<td class=\"column-8\"><\/td>\n<td class=\"column-9\"><\/td>\n<td class=\"column-10\"><\/td>\n<td class=\"column-11\">\n55%<br \/>\n80%<\/td>\n<td class=\"column-12\"><\/td>\n<td class=\"column-13\"><\/td>\n<td class=\"column-14\"><\/td>\n<td class=\"column-15\"><\/td>\n<td class=\"column-16\">pour chaque formulation<\/td>\n<\/tr>\n<tr class=\"row-12\">\n<td class=\"column-1\"><\/td>\n<td class=\"column-2\">R\u00e9sistance aux UV<br \/>\nOIT haute pression \u2013 % retenu<\/td>\n<td class=\"column-3\"><\/td>\n<td class=\"column-4\">%<\/td>\n<td class=\"column-5\">ASTM D 5885<\/td>\n<td class=\"column-6\"><\/td>\n<td class=\"column-7\"><\/td>\n<td class=\"column-8\"><\/td>\n<td class=\"column-9\"><\/td>\n<td class=\"column-10\"><\/td>\n<td class=\"column-11\">50%<\/td>\n<td class=\"column-12\"><\/td>\n<td class=\"column-13\"><\/td>\n<td class=\"column-14\"><\/td>\n<td class=\"column-15\"><\/td>\n<td class=\"column-16\">pour chaque formulation<\/td>\n<\/tr>\n<tr class=\"row-13\">\n<td class=\"column-1\"><\/td>\n<td class=\"column-2\">Indice de fusion, condition 190\u00b0C\/2,16 kg<\/td>\n<td class=\"column-3\"><\/td>\n<td class=\"column-4\"><\/td>\n<td class=\"column-5\">ASTM D1238<\/td>\n<td class=\"column-6\"><\/td>\n<td class=\"column-7\"><\/td>\n<td class=\"column-8\"><\/td>\n<td class=\"column-9\"><\/td>\n<td class=\"column-10\"><\/td>\n<td class=\"column-11\">0,20 g\/10 min<\/td>\n<td class=\"column-12\"><\/td>\n<td class=\"column-13\"><\/td>\n<td class=\"column-14\"><\/td>\n<td class=\"column-15\"><\/td>\n<td class=\"column-16\"><\/td>\n<\/tr>\n<\/tbody>\n<\/table>\n<p><!-- #tablepress-11 from cache --><\/p>","protected":false},"featured_media":1105,"template":"","meta":{"_seopress_robots_primary_cat":"none","_seopress_titles_title":"Smooth Geomembrane Liners | HDPE & LLDPE Waterproof Barriers","_seopress_titles_desc":"Reliable Smooth Geomembrane Liners offering superior waterproofing and containment solutions for industrial and environmental projects. Contact today!","_seopress_robots_index":""},"product_brand":[],"product_cat":[37],"product_tag":[],"class_list":{"0":"post-1102","1":"product","2":"type-product","3":"status-publish","4":"has-post-thumbnail","6":"product_cat-geomembrane","8":"first","9":"instock","10":"shipping-taxable","11":"product-type-simple"},"_links":{"self":[{"href":"https:\/\/qianyuangeo.com\/fr\/wp-json\/wp\/v2\/product\/1102","targetHints":{"allow":["GET"]}}],"collection":[{"href":"https:\/\/qianyuangeo.com\/fr\/wp-json\/wp\/v2\/product"}],"about":[{"href":"https:\/\/qianyuangeo.com\/fr\/wp-json\/wp\/v2\/types\/product"}],"version-history":[{"count":0,"href":"https:\/\/qianyuangeo.com\/fr\/wp-json\/wp\/v2\/product\/1102\/revisions"}],"wp:featuredmedia":[{"embeddable":true,"href":"https:\/\/qianyuangeo.com\/fr\/wp-json\/wp\/v2\/media\/1105"}],"wp:attachment":[{"href":"https:\/\/qianyuangeo.com\/fr\/wp-json\/wp\/v2\/media?parent=1102"}],"wp:term":[{"taxonomy":"product_brand","embeddable":true,"href":"https:\/\/qianyuangeo.com\/fr\/wp-json\/wp\/v2\/product_brand?post=1102"},{"taxonomy":"product_cat","embeddable":true,"href":"https:\/\/qianyuangeo.com\/fr\/wp-json\/wp\/v2\/product_cat?post=1102"},{"taxonomy":"product_tag","embeddable":true,"href":"https:\/\/qianyuangeo.com\/fr\/wp-json\/wp\/v2\/product_tag?post=1102"}],"curies":[{"name":"wp","href":"https:\/\/api.w.org\/{rel}","templated":true}]}}