{"id":1059,"date":"2025-03-06T08:04:07","date_gmt":"2025-03-06T08:04:07","guid":{"rendered":"https:\/\/18.138.55.241\/?post_type=product&#038;p=1059"},"modified":"2025-04-11T09:01:01","modified_gmt":"2025-04-11T09:01:01","slug":"short-fiber-nonwoven-geotextile","status":"publish","type":"product","link":"https:\/\/qianyuangeo.com\/fr\/produit\/short-fiber-nonwoven-geotextile\/","title":{"rendered":"G\u00e9otextile non tiss\u00e9 \u00e0 fibres courtes"},"content":{"rendered":"<p>Le g\u00e9otextile non tiss\u00e9 \u00e0 fibres courtes est un tissu polyvalent et perm\u00e9able fabriqu\u00e9 par aiguilletage de fibres courtes de polyester (PET) ou de polypropyl\u00e8ne (PP) orient\u00e9es al\u00e9atoirement pour former une matrice coh\u00e9sive. Cette structure offre d&#039;excellentes capacit\u00e9s de filtration, de s\u00e9paration, de drainage et de protection, ce qui en fait un composant essentiel du g\u00e9nie civil, des projets environnementaux et du d\u00e9veloppement d&#039;infrastructures.<br \/>\nCaract\u00e9ristiques principales<br \/>\nHaute perm\u00e9abilit\u00e9 : Facilite l\u2019\u00e9coulement efficace de l\u2019eau tout en retenant les particules du sol.<br \/>\nR\u00e9sistance \u00e0 la perforation et \u00e0 la d\u00e9chirure : R\u00e9siste aux contraintes m\u00e9caniques lors de l&#039;installation et de l&#039;utilisation.<br \/>\nStabilit\u00e9 chimique : R\u00e9sistant \u00e0 l\u2019alcalinit\u00e9 du sol, \u00e0 l\u2019acidit\u00e9 et \u00e0 la d\u00e9gradation biologique.<br \/>\nR\u00e9sistance aux UV : stabilisation UV en option pour une exposition prolong\u00e9e \u00e0 l&#039;ext\u00e9rieur.<br \/>\nL\u00e9ger et flexible : facile \u00e0 couper, \u00e0 manipuler et \u00e0 s&#039;adapter aux surfaces irr\u00e9guli\u00e8res.<br \/>\nApplications principales<br \/>\nMati\u00e8re : Fibres courtes en polyester (PET) ou polypropyl\u00e8ne (PP).<br \/>\nPoids : 100\u2013800 g\/m\u00b2 (personnalisable en fonction des besoins du projet).<br \/>\n\u00c9paisseur : 1 \u00e0 5 mm (varie selon la densit\u00e9 et le type de fibre).<br \/>\nR\u00e9sistance \u00e0 la traction : 8\u201325 kN\/m (sens machine et sens travers).<\/p>","protected":false},"excerpt":{"rendered":"<table id=\"tablepress-14\" class=\"tablepress tablepress-id-14\">\n<thead>\n<tr class=\"row-1\">\n<th class=\"column-1\">Caract\u00e9ristiques<\/th>\n<td class=\"column-2\"><\/td>\n<th class=\"column-3\">Unit\u00e9<\/th>\n<th class=\"column-4\">BTS10<\/th>\n<th class=\"column-5\">BTS15<\/th>\n<th class=\"column-6\">BTF20<\/th>\n<th class=\"column-7\">BTS25<\/th>\n<th class=\"column-8\">BTS30<\/th>\n<th class=\"column-9\">BTS35<\/th>\n<th class=\"column-10\">BTS40<\/th>\n<th class=\"column-11\">BTS45<\/th>\n<th class=\"column-12\">BTS50<\/th>\n<th class=\"column-13\">BTS60<\/th>\n<th class=\"column-14\">BTS80<\/th>\n<th class=\"column-15\">BTS100<\/th>\n<\/tr>\n<\/thead>\n<tbody class=\"row-striping row-hover\">\n<tr class=\"row-2\">\n<td class=\"column-1\"><\/td>\n<td class=\"column-2\">Propri\u00e9t\u00e9s du test<\/td>\n<td class=\"column-3\"><\/td>\n<td class=\"column-4\"><\/td>\n<td class=\"column-5\"><\/td>\n<td class=\"column-6\"><\/td>\n<td class=\"column-7\"><\/td>\n<td class=\"column-8\"><\/td>\n<td class=\"column-9\"><\/td>\n<td class=\"column-10\"><\/td>\n<td class=\"column-11\"><\/td>\n<td class=\"column-12\"><\/td>\n<td class=\"column-13\"><\/td>\n<td class=\"column-14\"><\/td>\n<td class=\"column-15\"><\/td>\n<\/tr>\n<tr class=\"row-3\">\n<td class=\"column-1\"><\/td>\n<td class=\"column-2\">Poids<\/td>\n<td class=\"column-3\">g\/m2<\/td>\n<td class=\"column-4\">100<\/td>\n<td class=\"column-5\">150<\/td>\n<td class=\"column-6\">200<\/td>\n<td class=\"column-7\">250<\/td>\n<td class=\"column-8\">300<\/td>\n<td class=\"column-9\">350<\/td>\n<td class=\"column-10\">400<\/td>\n<td class=\"column-11\">450<\/td>\n<td class=\"column-12\">500<\/td>\n<td class=\"column-13\">600<\/td>\n<td class=\"column-14\">800<\/td>\n<td class=\"column-15\">1000<\/td>\n<\/tr>\n<tr class=\"row-4\">\n<td class=\"column-1\"><\/td>\n<td class=\"column-2\">Variation de poids<\/td>\n<td class=\"column-3\">%<\/td>\n<td class=\"column-4\">-8<\/td>\n<td class=\"column-5\">-8<\/td>\n<td class=\"column-6\">-8<\/td>\n<td class=\"column-7\">-8<\/td>\n<td class=\"column-8\">-7<\/td>\n<td class=\"column-9\">-7<\/td>\n<td class=\"column-10\">-7<\/td>\n<td class=\"column-11\">-7<\/td>\n<td class=\"column-12\">-6<\/td>\n<td class=\"column-13\">-6<\/td>\n<td class=\"column-14\">-6<\/td>\n<td class=\"column-15\">-5<\/td>\n<\/tr>\n<tr class=\"row-5\">\n<td class=\"column-1\"><\/td>\n<td class=\"column-2\">\u00c9paisseur<\/td>\n<td class=\"column-3\">mm<\/td>\n<td class=\"column-4\">0.9<\/td>\n<td class=\"column-5\">1.3<\/td>\n<td class=\"column-6\">1.7<\/td>\n<td class=\"column-7\">2.1<\/td>\n<td class=\"column-8\">2.4<\/td>\n<td class=\"column-9\">2.7<\/td>\n<td class=\"column-10\">3<\/td>\n<td class=\"column-11\">3.3<\/td>\n<td class=\"column-12\">3.6<\/td>\n<td class=\"column-13\">4.1<\/td>\n<td class=\"column-14\">5<\/td>\n<td class=\"column-15\">6<\/td>\n<\/tr>\n<tr class=\"row-6\">\n<td class=\"column-1\">Propri\u00e9t\u00e9s m\u00e9caniques<\/td>\n<td class=\"column-2\">Variation de largeur<\/td>\n<td class=\"column-3\">%<\/td>\n<td class=\"column-4\"><\/td>\n<td class=\"column-5\"><\/td>\n<td class=\"column-6\"><\/td>\n<td class=\"column-7\"><\/td>\n<td class=\"column-8\"><\/td>\n<td class=\"column-9\"><\/td>\n<td class=\"column-10\"><\/td>\n<td class=\"column-11\">-0.5<\/td>\n<td class=\"column-12\"><\/td>\n<td class=\"column-13\"><\/td>\n<td class=\"column-14\"><\/td>\n<td class=\"column-15\"><\/td>\n<\/tr>\n<tr class=\"row-7\">\n<td class=\"column-1\"><\/td>\n<td class=\"column-2\">R\u00e9sistance \u00e0 la rupture<\/td>\n<td class=\"column-3\">KN\/m<\/td>\n<td class=\"column-4\">2.5<\/td>\n<td class=\"column-5\">4.5<\/td>\n<td class=\"column-6\">6.5<\/td>\n<td class=\"column-7\">8<\/td>\n<td class=\"column-8\">9.5<\/td>\n<td class=\"column-9\">11<\/td>\n<td class=\"column-10\">12.5<\/td>\n<td class=\"column-11\">14<\/td>\n<td class=\"column-12\">16<\/td>\n<td class=\"column-13\">19<\/td>\n<td class=\"column-14\">25<\/td>\n<td class=\"column-15\">40<\/td>\n<\/tr>\n<tr class=\"row-8\">\n<td class=\"column-1\"><\/td>\n<td class=\"column-2\">Allongement \u00e0 la rupture<\/td>\n<td class=\"column-3\">%<\/td>\n<td class=\"column-4\">25-100<\/td>\n<td class=\"column-5\"><\/td>\n<td class=\"column-6\"><\/td>\n<td class=\"column-7\"><\/td>\n<td class=\"column-8\"><\/td>\n<td class=\"column-9\"><\/td>\n<td class=\"column-10\"><\/td>\n<td class=\"column-11\"><\/td>\n<td class=\"column-12\"><\/td>\n<td class=\"column-13\"><\/td>\n<td class=\"column-14\"><\/td>\n<td class=\"column-15\"><\/td>\n<\/tr>\n<tr class=\"row-9\">\n<td class=\"column-1\"><\/td>\n<td class=\"column-2\">R\u00e9sistance \u00e0 l&#039;\u00e9clatement CBR \u2265<\/td>\n<td class=\"column-3\">kN<\/td>\n<td class=\"column-4\">0.3<\/td>\n<td class=\"column-5\">0.6<\/td>\n<td class=\"column-6\">0.9<\/td>\n<td class=\"column-7\">1.2<\/td>\n<td class=\"column-8\">1.5<\/td>\n<td class=\"column-9\">1.8<\/td>\n<td class=\"column-10\">2.1<\/td>\n<td class=\"column-11\">2.4<\/td>\n<td class=\"column-12\">2.7<\/td>\n<td class=\"column-13\">3.2<\/td>\n<td class=\"column-14\">4<\/td>\n<td class=\"column-15\">7<\/td>\n<\/tr>\n<tr class=\"row-10\">\n<td class=\"column-1\"><\/td>\n<td class=\"column-2\">R\u00e9sistance \u00e0 la d\u00e9chirure \u2265<\/td>\n<td class=\"column-3\">kN<\/td>\n<td class=\"column-4\">0.08<\/td>\n<td class=\"column-5\">0.12<\/td>\n<td class=\"column-6\">0.16<\/td>\n<td class=\"column-7\">0.2<\/td>\n<td class=\"column-8\">0.24<\/td>\n<td class=\"column-9\">0.28<\/td>\n<td class=\"column-10\">0.33<\/td>\n<td class=\"column-11\">0.38<\/td>\n<td class=\"column-12\">0.42<\/td>\n<td class=\"column-13\">0.46<\/td>\n<td class=\"column-14\">0.6<\/td>\n<td class=\"column-15\">1<\/td>\n<\/tr>\n<tr class=\"row-11\">\n<td class=\"column-1\">Hydraulique<\/p>\n<p>Propri\u00e9t\u00e9s<\/td>\n<td class=\"column-2\">Tamis de taille 090<\/td>\n<td class=\"column-3\">mm<\/td>\n<td class=\"column-4\"><\/td>\n<td class=\"column-5\"><\/td>\n<td class=\"column-6\"><\/td>\n<td class=\"column-7\"><\/td>\n<td class=\"column-8\"><\/td>\n<td class=\"column-9\"><\/td>\n<td class=\"column-10\"><\/td>\n<td class=\"column-11\">0.07-0.20<\/td>\n<td class=\"column-12\"><\/td>\n<td class=\"column-13\"><\/td>\n<td class=\"column-14\"><\/td>\n<td class=\"column-15\"><\/td>\n<\/tr>\n<tr class=\"row-12\">\n<td class=\"column-1\"><\/td>\n<td class=\"column-2\">Coefficient de perm\u00e9abilit\u00e9<\/td>\n<td class=\"column-3\">cm\/s<\/td>\n<td class=\"column-4\"><\/td>\n<td class=\"column-5\"><\/td>\n<td class=\"column-6\"><\/td>\n<td class=\"column-7\"><\/td>\n<td class=\"column-8\"><\/td>\n<td class=\"column-9\"><\/td>\n<td class=\"column-10\"><\/td>\n<td class=\"column-11\"><\/td>\n<td class=\"column-12\"><\/td>\n<td class=\"column-13\"><\/td>\n<td class=\"column-14\"><\/td>\n<td class=\"column-15\"><\/td>\n<\/tr>\n<\/tbody>\n<\/table>\n<p><!-- #tablepress-14 from cache --><\/p>","protected":false},"featured_media":1065,"template":"","meta":{"_seopress_robots_primary_cat":"none","_seopress_titles_title":"Short-Fiber Nonwoven Geotextiles | Reliable Filtration & Drainage","_seopress_titles_desc":"High-quality Short-Fiber Nonwoven Geotextiles ideal for filtration, separation, drainage, and soil protection. Custom solutions available. Inquire now!","_seopress_robots_index":""},"product_brand":[],"product_cat":[38],"product_tag":[],"class_list":{"0":"post-1059","1":"product","2":"type-product","3":"status-publish","4":"has-post-thumbnail","6":"product_cat-geotextile","8":"first","9":"instock","10":"shipping-taxable","11":"product-type-simple"},"_links":{"self":[{"href":"https:\/\/qianyuangeo.com\/fr\/wp-json\/wp\/v2\/product\/1059","targetHints":{"allow":["GET"]}}],"collection":[{"href":"https:\/\/qianyuangeo.com\/fr\/wp-json\/wp\/v2\/product"}],"about":[{"href":"https:\/\/qianyuangeo.com\/fr\/wp-json\/wp\/v2\/types\/product"}],"version-history":[{"count":0,"href":"https:\/\/qianyuangeo.com\/fr\/wp-json\/wp\/v2\/product\/1059\/revisions"}],"wp:featuredmedia":[{"embeddable":true,"href":"https:\/\/qianyuangeo.com\/fr\/wp-json\/wp\/v2\/media\/1065"}],"wp:attachment":[{"href":"https:\/\/qianyuangeo.com\/fr\/wp-json\/wp\/v2\/media?parent=1059"}],"wp:term":[{"taxonomy":"product_brand","embeddable":true,"href":"https:\/\/qianyuangeo.com\/fr\/wp-json\/wp\/v2\/product_brand?post=1059"},{"taxonomy":"product_cat","embeddable":true,"href":"https:\/\/qianyuangeo.com\/fr\/wp-json\/wp\/v2\/product_cat?post=1059"},{"taxonomy":"product_tag","embeddable":true,"href":"https:\/\/qianyuangeo.com\/fr\/wp-json\/wp\/v2\/product_tag?post=1059"}],"curies":[{"name":"wp","href":"https:\/\/api.w.org\/{rel}","templated":true}]}}