{"id":1043,"date":"2025-03-06T07:56:21","date_gmt":"2025-03-06T07:56:21","guid":{"rendered":"https:\/\/18.138.55.241\/?post_type=product&#038;p=1043"},"modified":"2025-04-10T13:16:46","modified_gmt":"2025-04-10T13:16:46","slug":"gcl-sodium-bentonite-geosynthetic-clay-liner","status":"publish","type":"product","link":"https:\/\/qianyuangeo.com\/fr\/produit\/gcl-sodium-bentonite-geosynthetic-clay-liner\/","title":{"rendered":"Rev\u00eatement g\u00e9osynth\u00e9tique en argile bentonite sodique GCL"},"content":{"rendered":"<p>Le rev\u00eatement d&#039;argile g\u00e9osynth\u00e9tique \u00e0 base de bentonite de sodium GCL est un nouveau type de mat\u00e9riau geasynth\u00e9tique, et<br \/>\nil peut \u00eatre divis\u00e9 en GCL perfor\u00e9 \u00e0 l&#039;aiguille (GCL-NP) et GCL enduit perfor\u00e9 \u00e0 l&#039;aiguille<br \/>\n(GCL-OF). Le GCL est un type de tapis anti-infiltration en bentonite perfor\u00e9 \u00e0 l&#039;aiguille<br \/>\nRemplissage de bentonite sodique entre g\u00e9otextile tiss\u00e9 et g\u00e9otextile non tiss\u00e9. Parmi ces \u00e9l\u00e9ments<br \/>\nDe minuscules espaces fibreux peuvent se former pour emp\u00eacher les particules de bentonite de se d\u00e9placer dans une direction.<br \/>\nForme une couche d&#039;\u00e9tanch\u00e9it\u00e9 coll\u00e9e pour pr\u00e9venir les infiltrations d&#039;eau. G\u00e9otextile tiss\u00e9 de 120 g\/m\u00b2.<br \/>\net un g\u00e9otextile non tiss\u00e9 de 220 g\/\u33a1&#039; sont appliqu\u00e9s dans ce type de GCL.<br \/>\nLa masse par unit\u00e9 de rev\u00eatement d&#039;argile bentonite sodique GCL peut \u00eatre divis\u00e9e en : 4000 g\/\u33a1,<br \/>\n4500g\/\u33a1, 5000g\/\u33a1, 5500g\/\u33a1, etc. La longueur du produit est de 30 m et la largeur est<br \/>\n6 m.<\/p>","protected":false},"excerpt":{"rendered":"<table id=\"tablepress-18\" class=\"tablepress tablepress-id-18\">\n<thead>\n<tr class=\"row-1\">\n<th class=\"column-1\">Propri\u00e9t\u00e9s du test<\/th>\n<th class=\"column-2\">JG\/T 193-2006<br \/>\nNorme nationale JG\/T 193-2006<\/th>\n<th class=\"column-3\">Norme d&#039;entreprise<\/th>\n<th class=\"column-4\">Normes d&#039;inspection<\/th>\n<\/tr>\n<\/thead>\n<tbody class=\"row-striping row-hover\">\n<tr class=\"row-2\">\n<td class=\"column-1\">Indice de dilatation de l&#039;argile g\u00e9osynth\u00e9tique<\/td>\n<td class=\"column-2\">\u2265 24 ml\/2 g<\/td>\n<td class=\"column-3\">\u2265 25 ml\/2 g<\/td>\n<td class=\"column-4\">ASTM D5890<\/td>\n<\/tr>\n<tr class=\"row-3\">\n<td class=\"column-1\">Masse par unit\u00e9 de surface (g\/m2)<\/td>\n<td class=\"column-2\">\u2265 4800 g\/m2<\/td>\n<td class=\"column-3\">\u2265 4800 gm2<\/td>\n<td class=\"column-4\">ASTM D5993<\/td>\n<\/tr>\n<tr class=\"row-4\">\n<td class=\"column-1\">R\u00e9sistance \u00e0 la traction<\/td>\n<td class=\"column-2\">\u2265 6 kN\/m<\/td>\n<td class=\"column-3\">\u2265 8 kN\/m<\/td>\n<td class=\"column-4\">ASTM D4632<\/td>\n<\/tr>\n<tr class=\"row-5\">\n<td class=\"column-1\">Allongement maximal de la charge<\/td>\n<td class=\"column-2\">\u226510%<\/td>\n<td class=\"column-3\">\u226510%<\/td>\n<td class=\"column-4\">ASTM D4632<\/td>\n<\/tr>\n<tr class=\"row-6\">\n<td class=\"column-1\">Perm\u00e9abilit\u00e9<\/td>\n<td class=\"column-2\">\u22645\u00d710-9<\/td>\n<td class=\"column-3\">\u22645\u00d710-9<\/td>\n<td class=\"column-4\">ASTM D5084<\/td>\n<\/tr>\n<tr class=\"row-7\">\n<td class=\"column-1\">Teneur en humidit\u00e9<\/td>\n<td class=\"column-2\">\u226415%<\/td>\n<td class=\"column-3\">\u226415%<\/td>\n<td class=\"column-4\">ASTM D4643<\/td>\n<\/tr>\n<tr class=\"row-8\">\n<td class=\"column-1\">Force de pelage<\/td>\n<td class=\"column-2\">\u2265 40 N<\/td>\n<td class=\"column-3\">\u2265 65 N<\/td>\n<td class=\"column-4\">ASTM D4632<\/td>\n<\/tr>\n<tr class=\"row-9\">\n<td class=\"column-1\">Pression hydrostatique<\/td>\n<td class=\"column-2\">0,4 Mp<\/td>\n<td class=\"column-3\">0,4-0,6 MP<\/td>\n<td class=\"column-4\">ASTM D5891<\/td>\n<\/tr>\n<tr class=\"row-10\">\n<td class=\"column-1\"><\/td>\n<td class=\"column-2\"><\/td>\n<td class=\"column-3\"><\/td>\n<td class=\"column-4\"><\/td>\n<\/tr>\n<\/tbody>\n<\/table>\n<p><!-- #tablepress-18 from cache --><\/p>","protected":false},"featured_media":1047,"template":"","meta":{"_seopress_robots_primary_cat":"none","_seopress_titles_title":"GCL Sodium Bentonite Clay Liner | Waterproof Geosynthetic GCL","_seopress_titles_desc":"Discover durable Sodium Bentonite GCL Clay Liners for effective waterproofing and seepage control in construction. Ideal for civil engineering. Contact now!","_seopress_robots_index":""},"product_brand":[],"product_cat":[40],"product_tag":[],"class_list":{"0":"post-1043","1":"product","2":"type-product","3":"status-publish","4":"has-post-thumbnail","6":"product_cat-gcl-sodium-bentonite-geosynthetic-clay-liner","8":"first","9":"instock","10":"shipping-taxable","11":"product-type-simple"},"_links":{"self":[{"href":"https:\/\/qianyuangeo.com\/fr\/wp-json\/wp\/v2\/product\/1043","targetHints":{"allow":["GET"]}}],"collection":[{"href":"https:\/\/qianyuangeo.com\/fr\/wp-json\/wp\/v2\/product"}],"about":[{"href":"https:\/\/qianyuangeo.com\/fr\/wp-json\/wp\/v2\/types\/product"}],"version-history":[{"count":0,"href":"https:\/\/qianyuangeo.com\/fr\/wp-json\/wp\/v2\/product\/1043\/revisions"}],"wp:featuredmedia":[{"embeddable":true,"href":"https:\/\/qianyuangeo.com\/fr\/wp-json\/wp\/v2\/media\/1047"}],"wp:attachment":[{"href":"https:\/\/qianyuangeo.com\/fr\/wp-json\/wp\/v2\/media?parent=1043"}],"wp:term":[{"taxonomy":"product_brand","embeddable":true,"href":"https:\/\/qianyuangeo.com\/fr\/wp-json\/wp\/v2\/product_brand?post=1043"},{"taxonomy":"product_cat","embeddable":true,"href":"https:\/\/qianyuangeo.com\/fr\/wp-json\/wp\/v2\/product_cat?post=1043"},{"taxonomy":"product_tag","embeddable":true,"href":"https:\/\/qianyuangeo.com\/fr\/wp-json\/wp\/v2\/product_tag?post=1043"}],"curies":[{"name":"wp","href":"https:\/\/api.w.org\/{rel}","templated":true}]}}