{"id":1024,"date":"2025-03-06T07:44:52","date_gmt":"2025-03-06T07:44:52","guid":{"rendered":"https:\/\/18.138.55.241\/?post_type=product&#038;p=1024"},"modified":"2025-04-11T07:51:06","modified_gmt":"2025-04-11T07:51:06","slug":"geocell-2","status":"publish","type":"product","link":"https:\/\/qianyuangeo.com\/fr\/produit\/geocell-2\/","title":{"rendered":"G\u00e9ocellule"},"content":{"rendered":"<p>Geocell est une sorte de structure de r\u00e9seau 3D obtenue par soudage par ultrasons avec de longues<br \/>\nmati\u00e8re plastique, et il s&#039;agit d&#039;un r\u00e9seau tridimensionnel apr\u00e8s expansion. Parfois<br \/>\nIl doit \u00eatre perfor\u00e9 selon les besoins du client. La hauteur, la distance de soudage<br \/>\nLa r\u00e9sistance et l&#039;\u00e9paisseur de la plaque de g\u00e9ocellule ont des effets significatifs sur les performances du projet.<br \/>\ng\u00e9ocellule ; dans les projets, diff\u00e9rents types de g\u00e9ocellules peuvent former une couche de coh\u00e9sion diff\u00e9rente,<br \/>\nr\u00e9sistance et \u00e9paisseur des renforts. Ces liti\u00e8res peuvent \u00eatre plac\u00e9es \u00e0 l&#039;endroit souhait\u00e9.<br \/>\ntion selon les exigences du projet afin d&#039;intensifier la plate-forme de la<br \/>\nroute et voie ferr\u00e9e, pente, protection, construction de murs de sout\u00e8nement, etc. La largeur de la longue bande est<br \/>\nla hauteur de la g\u00e9ocellule et la distance entre deux lignes de soudure du m\u00eame c\u00f4t\u00e9<br \/>\nde la plaque lorsque la g\u00e9ocellule n&#039;est pas d\u00e9ploy\u00e9e est la distance de soudage.<\/p>","protected":false},"excerpt":{"rendered":"<table id=\"tablepress-5\" class=\"tablepress tablepress-id-5\">\n<thead>\n<tr class=\"row-1\">\n<th class=\"column-1\">Type de produit<\/th>\n<td class=\"column-2\"><\/td>\n<th class=\"column-3\">Hauteur<br \/>\n(mm)<\/th>\n<th class=\"column-4\">Distance de soudage<br \/>\n(mm)<\/th>\n<th class=\"column-5\">\u00c9paisseur<br \/>\n(mm)<\/th>\n<th class=\"column-6\">R\u00e9sistance \u00e0 la traction des points de soudure (N\/cm)<\/th>\n<th class=\"column-7\">R\u00e9sistance \u00e0 la traction de la connexion des cellules (N\/cm)<\/th>\n<th class=\"column-8\">R\u00e9sistance \u00e0 la traction \u00e0 la limite d&#039;\u00e9lasticit\u00e9 de chaque feuille (Mpa)<\/th>\n<\/tr>\n<\/thead>\n<tbody class=\"row-striping row-hover\">\n<tr class=\"row-2\">\n<td class=\"column-1\">Lisse et non perfor\u00e9<\/td>\n<td class=\"column-2\"><\/td>\n<td class=\"column-3\">50\u2264H\u2264250<\/td>\n<td class=\"column-4\">330 \u2264 A \u2264 1000<\/td>\n<td class=\"column-5\">1.0-1.4<\/td>\n<td class=\"column-6\">\u2265100<\/td>\n<td class=\"column-7\">\u2265120<\/td>\n<td class=\"column-8\">\u226520<\/td>\n<\/tr>\n<tr class=\"row-3\">\n<td class=\"column-1\">Lisse et perfor\u00e9<\/td>\n<td class=\"column-2\"><\/td>\n<td class=\"column-3\">50\u2264H\u2264250<\/td>\n<td class=\"column-4\">330 \u2264 A \u2264 1000<\/td>\n<td class=\"column-5\">1.0-1.4<\/td>\n<td class=\"column-6\">\u2265100<\/td>\n<td class=\"column-7\">\u2265120<\/td>\n<td class=\"column-8\">\u226520<\/td>\n<\/tr>\n<tr class=\"row-4\">\n<td class=\"column-1\">Textur\u00e9 et non perfor\u00e9<\/td>\n<td class=\"column-2\"><\/td>\n<td class=\"column-3\">50\u2264H\u2264250<\/td>\n<td class=\"column-4\">330 \u2264 A \u2264 1000<\/td>\n<td class=\"column-5\">1.5-1.7<\/td>\n<td class=\"column-6\">\u2265100<\/td>\n<td class=\"column-7\">\u2265120<\/td>\n<td class=\"column-8\">\u226520<\/td>\n<\/tr>\n<tr class=\"row-5\">\n<td class=\"column-1\">Textur\u00e9 et perfor\u00e9<\/td>\n<td class=\"column-2\"><\/td>\n<td class=\"column-3\">50\u2264H\u2264250<\/td>\n<td class=\"column-4\">330 \u2264 A \u2264 1000<\/td>\n<td class=\"column-5\">1.5-1.7<\/td>\n<td class=\"column-6\">\u2265100<\/td>\n<td class=\"column-7\">\u2265120<\/td>\n<td class=\"column-8\">\u226520<\/td>\n<\/tr>\n<tr class=\"row-6\">\n<td class=\"column-1\"><\/td>\n<td class=\"column-2\"><\/td>\n<td class=\"column-3\"><\/td>\n<td class=\"column-4\"><\/td>\n<td class=\"column-5\"><\/td>\n<td class=\"column-6\"><\/td>\n<td class=\"column-7\"><\/td>\n<td class=\"column-8\"><\/td>\n<\/tr>\n<tr class=\"row-7\">\n<td class=\"column-1\"><\/td>\n<td class=\"column-2\"><\/td>\n<td class=\"column-3\"><\/td>\n<td class=\"column-4\"><\/td>\n<td class=\"column-5\"><\/td>\n<td class=\"column-6\"><\/td>\n<td class=\"column-7\"><\/td>\n<td class=\"column-8\"><\/td>\n<\/tr>\n<\/tbody>\n<\/table>\n<p><!-- #tablepress-5 from cache --><\/p>","protected":false},"featured_media":1854,"template":"","meta":{"_seopress_robots_primary_cat":"none","_seopress_titles_title":"Geocell | Durable HDPE Geocell System","_seopress_titles_desc":"Explore high-performance Geocell systems for soil stabilization, slope protection, and road reinforcement. Ideal for construction projects. Contact now!","_seopress_robots_index":""},"product_brand":[],"product_cat":[41],"product_tag":[],"class_list":{"0":"post-1024","1":"product","2":"type-product","3":"status-publish","4":"has-post-thumbnail","6":"product_cat-geocell","8":"first","9":"instock","10":"shipping-taxable","11":"product-type-simple"},"_links":{"self":[{"href":"https:\/\/qianyuangeo.com\/fr\/wp-json\/wp\/v2\/product\/1024","targetHints":{"allow":["GET"]}}],"collection":[{"href":"https:\/\/qianyuangeo.com\/fr\/wp-json\/wp\/v2\/product"}],"about":[{"href":"https:\/\/qianyuangeo.com\/fr\/wp-json\/wp\/v2\/types\/product"}],"version-history":[{"count":0,"href":"https:\/\/qianyuangeo.com\/fr\/wp-json\/wp\/v2\/product\/1024\/revisions"}],"wp:featuredmedia":[{"embeddable":true,"href":"https:\/\/qianyuangeo.com\/fr\/wp-json\/wp\/v2\/media\/1854"}],"wp:attachment":[{"href":"https:\/\/qianyuangeo.com\/fr\/wp-json\/wp\/v2\/media?parent=1024"}],"wp:term":[{"taxonomy":"product_brand","embeddable":true,"href":"https:\/\/qianyuangeo.com\/fr\/wp-json\/wp\/v2\/product_brand?post=1024"},{"taxonomy":"product_cat","embeddable":true,"href":"https:\/\/qianyuangeo.com\/fr\/wp-json\/wp\/v2\/product_cat?post=1024"},{"taxonomy":"product_tag","embeddable":true,"href":"https:\/\/qianyuangeo.com\/fr\/wp-json\/wp\/v2\/product_tag?post=1024"}],"curies":[{"name":"wp","href":"https:\/\/api.w.org\/{rel}","templated":true}]}}