{"id":1022,"date":"2025-03-06T07:20:57","date_gmt":"2025-03-06T07:20:57","guid":{"rendered":"https:\/\/18.138.55.241\/?post_type=product&#038;p=1022"},"modified":"2025-04-11T09:03:49","modified_gmt":"2025-04-11T09:03:49","slug":"fiberglass-geogrid-2","status":"publish","type":"product","link":"https:\/\/qianyuangeo.com\/fr\/produit\/fiberglass-geogrid-2\/","title":{"rendered":"G\u00c9OGRILLE EN FIBRE DE VERRE"},"content":{"rendered":"<p>\u2013 Br\u00e8ve introduction<br \/>\n1. Mat\u00e9riau et structure<br \/>\nComposition : Fabriqu\u00e9 \u00e0 partir de fils de fibre de verre haute r\u00e9sistance enduits de polym\u00e8re (par exemple, PVC, latex ou asphalte) pour une durabilit\u00e9 accrue.<br \/>\nStructure : Maille en forme de grille form\u00e9e par le tissage ou le tricotage de fibres, avec des ouvertures uniformes pour un embo\u00eetement optimal avec le sol\/agr\u00e9gat.<\/p>\n<p>2. Principales caract\u00e9ristiques<br \/>\nHaute r\u00e9sistance \u00e0 la traction : r\u00e9siste \u00e0 la d\u00e9formation sous de lourdes charges (par exemple, r\u00e9sistance \u00e0 la traction de 50 \u00e0 400 kN\/m).<br \/>\nR\u00e9sistance \u00e0 la corrosion : inerte aux produits chimiques, \u00e0 l\u2019humidit\u00e9 et \u00e0 la d\u00e9gradation biologique.<br \/>\nStabilit\u00e9 thermique : Maintient les performances \u00e0 des temp\u00e9ratures extr\u00eames (-70\u00b0C \u00e0 200\u00b0C).<br \/>\nL\u00e9ger et flexible : facile \u00e0 transporter et \u00e0 installer sur des surfaces in\u00e9gales.<\/p>","protected":false},"excerpt":{"rendered":"<table id=\"tablepress-7\" class=\"tablepress tablepress-id-7\">\n<thead>\n<tr class=\"row-1\">\n<td colspan=\"7\" class=\"column-1\"><\/td>\n<td class=\"column-8\"><\/td>\n<td class=\"column-9\"><\/td>\n<\/tr>\n<\/thead>\n<tbody class=\"row-striping row-hover\">\n<tr class=\"row-2\">\n<td class=\"column-1\">Propri\u00e9t\u00e9s<\/td>\n<td class=\"column-2\"><\/td>\n<td class=\"column-3\">BFD30-30<\/td>\n<td class=\"column-4\">BFD40-40<\/td>\n<td class=\"column-5\">BFD50-50<\/td>\n<td class=\"column-6\">BFD80-80<\/td>\n<td class=\"column-7\">BFD100-100<\/td>\n<td class=\"column-8\">BFD125-125<\/td>\n<td class=\"column-9\">BFD150-150<\/td>\n<\/tr>\n<tr class=\"row-3\">\n<td class=\"column-1\">Taille de la maille mm<\/td>\n<td class=\"column-2\"><\/td>\n<td class=\"column-3\">12,7 \u00d7 12,7        <\/td>\n<td class=\"column-4\">25,4 \u00d7 25,4<\/td>\n<td class=\"column-5\">50,8 \u00d7 50,8<\/td>\n<td class=\"column-6\"><\/td>\n<td class=\"column-7\"><\/td>\n<td class=\"column-8\"><\/td>\n<td class=\"column-9\"><\/td>\n<\/tr>\n<tr class=\"row-4\">\n<td class=\"column-1\">R\u00e9sistance \u00e0 la traction kN\/m<\/td>\n<td class=\"column-2\">Longitudinal<\/td>\n<td class=\"column-3\">\u226530<\/td>\n<td class=\"column-4\">\u226540<\/td>\n<td class=\"column-5\">\u226550<\/td>\n<td class=\"column-6\">\u226580<\/td>\n<td class=\"column-7\">\u2265100<\/td>\n<td class=\"column-8\">\u2265125<\/td>\n<td class=\"column-9\">\u2265150<\/td>\n<\/tr>\n<tr class=\"row-5\">\n<td class=\"column-1\"><\/td>\n<td class=\"column-2\">Transversal<\/td>\n<td class=\"column-3\">\u226530<\/td>\n<td class=\"column-4\">\u226540<\/td>\n<td class=\"column-5\">\u226550<\/td>\n<td class=\"column-6\">\u226580<\/td>\n<td class=\"column-7\">\u2265100<\/td>\n<td class=\"column-8\">\u2265125<\/td>\n<td class=\"column-9\">\u2265150<\/td>\n<\/tr>\n<tr class=\"row-6\">\n<td class=\"column-1\">Taux d&#039;allongement %<\/td>\n<td class=\"column-2\"><\/td>\n<td class=\"column-3\"><\/td>\n<td class=\"column-4\">\u22644<\/td>\n<td class=\"column-5\"><\/td>\n<td class=\"column-6\"><\/td>\n<td class=\"column-7\"><\/td>\n<td class=\"column-8\"><\/td>\n<td class=\"column-9\"><\/td>\n<\/tr>\n<tr class=\"row-7\">\n<td class=\"column-1\">R\u00e9sistance \u00e0 la temp\u00e9rature \u2103<\/td>\n<td class=\"column-2\"><\/td>\n<td class=\"column-3\"><\/td>\n<td class=\"column-4\">-100-280<\/td>\n<td class=\"column-5\"><\/td>\n<td class=\"column-6\"><\/td>\n<td class=\"column-7\"><\/td>\n<td class=\"column-8\"><\/td>\n<td class=\"column-9\"><\/td>\n<\/tr>\n<\/tbody>\n<\/table>\n<p><!-- #tablepress-7 from cache -->Ce mat\u00e9riau est compos\u00e9 de fils de fibre de verre haute r\u00e9sistance enduits de polym\u00e8res (par exemple, PVC, latex ou asphalte), formant un maillage durable en forme de grille, aux ouvertures uniformes, pour une adh\u00e9rence optimale du sol et des granulats. Ses principales caract\u00e9ristiques comprennent une r\u00e9sistance \u00e9lev\u00e9e \u00e0 la traction (50\u2013400 kN\/m), une r\u00e9sistance \u00e0 la corrosion, une stabilit\u00e9 thermique (-70 \u00b0C \u00e0 200 \u00b0C) et une flexibilit\u00e9 l\u00e9g\u00e8re, ce qui le rend id\u00e9al pour le renforcement des sols, la lutte contre l&#039;\u00e9rosion et les projets d&#039;infrastructure.<\/p>","protected":false},"featured_media":515,"template":"","meta":{"_seopress_robots_primary_cat":"29","_seopress_titles_title":"Fiberglass Geogrid Suppliers | High Tensile Glass Fiber Geogrids","_seopress_titles_desc":"This material is composed of high-strength glass fiber yarns coated with polymers (e.g., PVC, latex, or asphalt), forming a durable grid-like mesh with uniform apertures for optimal soil\/aggregate interlocking. Key features include high tensile strength (50\u2013400 kN\/m), corrosion resistance, thermal stability (-70\u00b0C to 200\u00b0C), and lightweight flexibility, making it ideal for soil reinforcement, erosion control, and infrastructure projects.","_seopress_robots_index":""},"product_brand":[],"product_cat":[29],"product_tag":[],"class_list":{"0":"post-1022","1":"product","2":"type-product","3":"status-publish","4":"has-post-thumbnail","6":"product_cat-geogrid","8":"first","9":"instock","10":"shipping-taxable","11":"product-type-simple"},"_links":{"self":[{"href":"https:\/\/qianyuangeo.com\/fr\/wp-json\/wp\/v2\/product\/1022","targetHints":{"allow":["GET"]}}],"collection":[{"href":"https:\/\/qianyuangeo.com\/fr\/wp-json\/wp\/v2\/product"}],"about":[{"href":"https:\/\/qianyuangeo.com\/fr\/wp-json\/wp\/v2\/types\/product"}],"version-history":[{"count":0,"href":"https:\/\/qianyuangeo.com\/fr\/wp-json\/wp\/v2\/product\/1022\/revisions"}],"wp:featuredmedia":[{"embeddable":true,"href":"https:\/\/qianyuangeo.com\/fr\/wp-json\/wp\/v2\/media\/515"}],"wp:attachment":[{"href":"https:\/\/qianyuangeo.com\/fr\/wp-json\/wp\/v2\/media?parent=1022"}],"wp:term":[{"taxonomy":"product_brand","embeddable":true,"href":"https:\/\/qianyuangeo.com\/fr\/wp-json\/wp\/v2\/product_brand?post=1022"},{"taxonomy":"product_cat","embeddable":true,"href":"https:\/\/qianyuangeo.com\/fr\/wp-json\/wp\/v2\/product_cat?post=1022"},{"taxonomy":"product_tag","embeddable":true,"href":"https:\/\/qianyuangeo.com\/fr\/wp-json\/wp\/v2\/product_tag?post=1022"}],"curies":[{"name":"wp","href":"https:\/\/api.w.org\/{rel}","templated":true}]}}