{"id":1985,"date":"2025-04-12T07:17:15","date_gmt":"2025-04-12T07:17:15","guid":{"rendered":"https:\/\/www.qianyuangeo.com\/?page_id=1985"},"modified":"2025-04-12T07:18:11","modified_gmt":"2025-04-12T07:18:11","slug":"contact-us-2","status":"publish","type":"page","link":"https:\/\/qianyuangeo.com\/fr\/contact-us-2\/","title":{"rendered":"CONTACTEZ-NOUS"},"content":{"rendered":"<div data-elementor-type=\"wp-page\" data-elementor-id=\"1985\" class=\"elementor elementor-1985\" data-elementor-post-type=\"page\">\n\t\t\t\t<div class=\"elementor-element elementor-element-f54232b e-flex e-con-boxed e-con e-parent\" data-id=\"f54232b\" data-element_type=\"container\" data-e-type=\"container\" data-settings=\"{&quot;background_background&quot;:&quot;classic&quot;}\">\n\t\t\t\t\t<div class=\"e-con-inner\">\n\t\t<div class=\"elementor-element elementor-element-9cb111d e-con-full e-flex e-con e-child\" data-id=\"9cb111d\" data-element_type=\"container\" data-e-type=\"container\">\n\t\t\t\t<div class=\"elementor-element elementor-element-bf61b1a elementor-widget__width-inherit elementor-widget elementor-widget-heading\" data-id=\"bf61b1a\" data-element_type=\"widget\" data-e-type=\"widget\" data-widget_type=\"heading.default\">\n\t\t\t\t<div class=\"elementor-widget-container\">\n\t\t\t\t\t<h1 class=\"elementor-heading-title elementor-size-default\">Contactez-nous<\/h1>\t\t\t\t<\/div>\n\t\t\t\t<\/div>\n\t\t\t\t<\/div>\n\t\t\t\t\t<\/div>\n\t\t\t\t<\/div>\n\t\t<div class=\"elementor-element elementor-element-ce8deca e-flex e-con-boxed e-con e-parent\" data-id=\"ce8deca\" data-element_type=\"container\" data-e-type=\"container\" data-settings=\"{&quot;background_background&quot;:&quot;classic&quot;}\">\n\t\t\t\t\t<div class=\"e-con-inner\">\n\t\t<div class=\"elementor-element elementor-element-92d5d2f e-con-full e-flex e-con e-child\" data-id=\"92d5d2f\" data-element_type=\"container\" data-e-type=\"container\">\n\t\t<div class=\"elementor-element elementor-element-eb19256 e-con-full e-flex e-con e-child\" data-id=\"eb19256\" data-element_type=\"container\" data-e-type=\"container\">\n\t\t<div class=\"elementor-element elementor-element-d236515 e-con-full e-flex e-con e-child\" data-id=\"d236515\" data-element_type=\"container\" data-e-type=\"container\">\n\t\t<div class=\"elementor-element elementor-element-bf21eb0 e-con-full e-flex e-con e-child\" data-id=\"bf21eb0\" data-element_type=\"container\" data-e-type=\"container\">\n\t\t\t\t<div class=\"elementor-element elementor-element-9ce7d7e elementor-widget elementor-widget-heading\" data-id=\"9ce7d7e\" data-element_type=\"widget\" data-e-type=\"widget\" data-widget_type=\"heading.default\">\n\t\t\t\t<div class=\"elementor-widget-container\">\n\t\t\t\t\t<div class=\"elementor-heading-title elementor-size-default\">Bureaux r\u00e9gionaux<\/div>\t\t\t\t<\/div>\n\t\t\t\t<\/div>\n\t\t\t\t<\/div>\n\t\t\t\t<div class=\"elementor-element elementor-element-f761c5a elementor-widget__width-initial elementor-widget elementor-widget-heading\" data-id=\"f761c5a\" data-element_type=\"widget\" data-e-type=\"widget\" data-widget_type=\"heading.default\">\n\t\t\t\t<div class=\"elementor-widget-container\">\n\t\t\t\t\t<h2 class=\"elementor-heading-title elementor-size-default\">Vous connecter pour urbaniser \u00e0 travers le monde.<\/h2>\t\t\t\t<\/div>\n\t\t\t\t<\/div>\n\t\t\t\t<div class=\"elementor-element elementor-element-a8f4c18 elementor-widget__width-initial elementor-widget elementor-widget-text-editor\" data-id=\"a8f4c18\" data-element_type=\"widget\" data-e-type=\"widget\" data-widget_type=\"text-editor.default\">\n\t\t\t\t<div class=\"elementor-widget-container\">\n\t\t\t\t\t\t\t\t\t<p>Chaque bureau est compos\u00e9 de professionnels qui comprennent les d\u00e9fis et les opportunit\u00e9s uniques de leur r\u00e9gion, garantissant que nos solutions sont adapt\u00e9es aux besoins locaux tout en maintenant nos normes mondiales d&#039;excellence.<\/p>\t\t\t\t\t\t\t\t<\/div>\n\t\t\t\t<\/div>\n\t\t\t\t<\/div>\n\t\t\t\t<\/div>\n\t\t\t\t<\/div>\n\t\t\t\t\t<\/div>\n\t\t\t\t<\/div>\n\t\t<div class=\"elementor-element elementor-element-3e51251 e-flex e-con-boxed e-con e-parent\" data-id=\"3e51251\" data-element_type=\"container\" data-e-type=\"container\" data-settings=\"{&quot;background_background&quot;:&quot;classic&quot;}\">\n\t\t\t\t\t<div class=\"e-con-inner\">\n\t\t<div class=\"elementor-element elementor-element-c06423c e-con-full e-flex e-con e-child\" data-id=\"c06423c\" data-element_type=\"container\" data-e-type=\"container\">\n\t\t<div class=\"elementor-element elementor-element-c76e2a7 e-con-full e-flex e-con e-child\" data-id=\"c76e2a7\" data-element_type=\"container\" data-e-type=\"container\" data-settings=\"{&quot;background_background&quot;:&quot;classic&quot;}\">\n\t\t<div class=\"elementor-element elementor-element-9d7b053 e-con-full e-flex e-con e-child\" data-id=\"9d7b053\" data-element_type=\"container\" data-e-type=\"container\">\n\t\t<div class=\"elementor-element elementor-element-83eba40 e-con-full e-flex e-con e-child\" data-id=\"83eba40\" data-element_type=\"container\" data-e-type=\"container\">\n\t\t<div class=\"elementor-element elementor-element-903b287 e-con-full e-flex e-con e-child\" data-id=\"903b287\" data-element_type=\"container\" data-e-type=\"container\">\n\t\t\t\t<div class=\"elementor-element elementor-element-1824c21 elementor-widget elementor-widget-heading\" data-id=\"1824c21\" data-element_type=\"widget\" data-e-type=\"widget\" data-widget_type=\"heading.default\">\n\t\t\t\t<div class=\"elementor-widget-container\">\n\t\t\t\t\t<div class=\"elementor-heading-title elementor-size-default\">Connectez-vous avec nous<\/div>\t\t\t\t<\/div>\n\t\t\t\t<\/div>\n\t\t\t\t<\/div>\n\t\t\t\t<div class=\"elementor-element elementor-element-b506447 elementor-widget__width-auto elementor-widget elementor-widget-heading\" data-id=\"b506447\" data-element_type=\"widget\" data-e-type=\"widget\" data-widget_type=\"heading.default\">\n\t\t\t\t<div class=\"elementor-widget-container\">\n\t\t\t\t\t<h2 class=\"elementor-heading-title elementor-size-default\">Contactez urbanize d\u00e8s aujourd&#039;hui.<\/h2>\t\t\t\t<\/div>\n\t\t\t\t<\/div>\n\t\t\t\t<div class=\"elementor-element elementor-element-6607419 elementor-widget__width-initial elementor-widget elementor-widget-text-editor\" data-id=\"6607419\" data-element_type=\"widget\" data-e-type=\"widget\" data-widget_type=\"text-editor.default\">\n\t\t\t\t<div class=\"elementor-widget-container\">\n\t\t\t\t\t\t\t\t\t<p>Nous sommes l\u00e0 pour r\u00e9pondre \u00e0 vos questions, discuter de vos id\u00e9es et explorer les opportunit\u00e9s de collaboration.\u00a0<\/p>\t\t\t\t\t\t\t\t<\/div>\n\t\t\t\t<\/div>\n\t\t\t\t<\/div>\n\t\t\t\t<div class=\"elementor-element elementor-element-f212624 elementor-widget elementor-widget-image\" data-id=\"f212624\" data-element_type=\"widget\" data-e-type=\"widget\" data-widget_type=\"image.default\">\n\t\t\t\t<div class=\"elementor-widget-container\">\n\t\t\t\t\t\t\t\t\t\t\t\t\t\t\t<img alt=\"\" fetchpriority=\"high\" decoding=\"async\" width=\"1587\" height=\"1101\" src=\"https:\/\/qianyuangeo.com\/wp-content\/uploads\/2025\/02\/handsome-arab-guy-chilling-at-home-smiling-at-came-8LL5E7Y.jpg\" class=\"attachment-full size-full wp-image-185\" srcset=\"https:\/\/qianyuangeo.com\/wp-content\/uploads\/2025\/02\/handsome-arab-guy-chilling-at-home-smiling-at-came-8LL5E7Y.jpg 1587w, https:\/\/qianyuangeo.com\/wp-content\/uploads\/2025\/02\/handsome-arab-guy-chilling-at-home-smiling-at-came-8LL5E7Y-600x416.jpg 600w, https:\/\/qianyuangeo.com\/wp-content\/uploads\/2025\/02\/handsome-arab-guy-chilling-at-home-smiling-at-came-8LL5E7Y-300x208.jpg 300w, https:\/\/qianyuangeo.com\/wp-content\/uploads\/2025\/02\/handsome-arab-guy-chilling-at-home-smiling-at-came-8LL5E7Y-1024x710.jpg 1024w, https:\/\/qianyuangeo.com\/wp-content\/uploads\/2025\/02\/handsome-arab-guy-chilling-at-home-smiling-at-came-8LL5E7Y-768x533.jpg 768w, https:\/\/qianyuangeo.com\/wp-content\/uploads\/2025\/02\/handsome-arab-guy-chilling-at-home-smiling-at-came-8LL5E7Y-1536x1066.jpg 1536w, https:\/\/qianyuangeo.com\/wp-content\/uploads\/2025\/02\/handsome-arab-guy-chilling-at-home-smiling-at-came-8LL5E7Y-18x12.jpg 18w\" sizes=\"(max-width: 1587px) 100vw, 1587px\" \/>\t\t\t\t\t\t\t\t\t\t\t\t\t\t\t<\/div>\n\t\t\t\t<\/div>\n\t\t\t\t<\/div>\n\t\t<div class=\"elementor-element elementor-element-b2db024 e-con-full e-flex e-con e-child\" data-id=\"b2db024\" data-element_type=\"container\" data-e-type=\"container\">\n\t\t\t\t<div class=\"elementor-element elementor-element-7e17d47 elementor-widget elementor-widget-shortcode\" data-id=\"7e17d47\" data-element_type=\"widget\" data-e-type=\"widget\" data-widget_type=\"shortcode.default\">\n\t\t\t\t<div class=\"elementor-widget-container\">\n\t\t\t\t\t\t\t<div class=\"elementor-shortcode\"><div class=\"wpforms-container wpforms-container-full wpforms-render-modern\" id=\"wpforms-1345\"><form id=\"wpforms-form-1345\" class=\"wpforms-validate wpforms-form wpforms-ajax-form\" data-formid=\"1345\" method=\"post\" enctype=\"multipart\/form-data\" action=\"\/fr\/wp-json\/wp\/v2\/pages\/1985\" data-token=\"9c2233a1b1b8f547559917fa0e3208ed\" data-token-time=\"1777472278\" data-trp-original-action=\"\/fr\/wp-json\/wp\/v2\/pages\/1985\"><noscript class=\"wpforms-error-noscript\">Veuillez activer JavaScript dans votre navigateur pour remplir ce formulaire.<\/noscript><div class=\"wpforms-hidden\" id=\"wpforms-error-noscript\">Veuillez activer JavaScript dans votre navigateur pour remplir ce formulaire.<\/div><div class=\"wpforms-field-container\"><div id=\"wpforms-1345-field_2-container\" class=\"wpforms-field wpforms-field-name\" data-field-id=\"2\"><fieldset><legend class=\"wpforms-field-label\">Nom <span class=\"wpforms-required-label\" aria-hidden=\"true\">*<\/span><\/legend><div class=\"wpforms-field-row wpforms-field-medium\"><div class=\"wpforms-field-row-block wpforms-first wpforms-one-half\"><input type=\"text\" id=\"wpforms-1345-field_2\" class=\"wpforms-field-name-first wpforms-field-required\" name=\"wpforms[fields][2][first]\" aria-errormessage=\"wpforms-1345-field_2-error\" required><label for=\"wpforms-1345-field_2\" class=\"wpforms-field-sublabel after\">Pr\u00e9nom<\/label><\/div><div class=\"wpforms-field-row-block wpforms-one-half\"><input type=\"text\" id=\"wpforms-1345-field_2-last\" class=\"wpforms-field-name-last wpforms-field-required\" name=\"wpforms[fields][2][last]\" aria-errormessage=\"wpforms-1345-field_2-last-error\" required><label for=\"wpforms-1345-field_2-last\" class=\"wpforms-field-sublabel after\">Nom<\/label><\/div><\/div><\/fieldset><\/div><div id=\"wpforms-1345-field_1-container\" class=\"wpforms-field wpforms-field-text\" data-field-id=\"1\"><label class=\"wpforms-field-label\" for=\"wpforms-1345-field_1\">Entreprise \/ Organisation <span class=\"wpforms-required-label\" aria-hidden=\"true\">*<\/span><\/label><input type=\"text\" id=\"wpforms-1345-field_1\" class=\"wpforms-field-medium wpforms-field-required\" name=\"wpforms[fields][1]\" aria-errormessage=\"wpforms-1345-field_1-error\" required><\/div><div id=\"wpforms-1345-field_5-container\" class=\"wpforms-field wpforms-field-email\" data-field-id=\"5\"><label class=\"wpforms-field-label\" for=\"wpforms-1345-field_5\">E-mail <span class=\"wpforms-required-label\" aria-hidden=\"true\">*<\/span><\/label><input type=\"email\" id=\"wpforms-1345-field_5\" class=\"wpforms-field-medium wpforms-field-required\" name=\"wpforms[fields][5]\" spellcheck=\"false\" aria-errormessage=\"wpforms-1345-field_5-error\" required><\/div><div id=\"wpforms-1345-field_6-container\" class=\"wpforms-field wpforms-field-phone\" data-field-id=\"6\"><label class=\"wpforms-field-label\" for=\"wpforms-1345-field_6\">T\u00e9l\u00e9phone\/Whatsapp <span class=\"wpforms-required-label\" aria-hidden=\"true\">*<\/span><\/label><input type=\"tel\" id=\"wpforms-1345-field_6\" class=\"wpforms-field-medium wpforms-field-required wpforms-smart-phone-field\" data-rule-smart-phone-field=\"true\" name=\"wpforms[fields][6]\" aria-label=\"T\u00e9l\u00e9phone\/Whatsapp\" aria-errormessage=\"wpforms-1345-field_6-error\" required><\/div><div id=\"wpforms-1345-field_3-container\" class=\"wpforms-field wpforms-field-textarea\" data-field-id=\"3\"><label class=\"wpforms-field-label\" for=\"wpforms-1345-field_3\">Demande <span class=\"wpforms-required-label\" aria-hidden=\"true\">*<\/span><\/label><textarea id=\"wpforms-1345-field_3\" class=\"wpforms-field-medium wpforms-field-required\" name=\"wpforms[fields][3]\" aria-errormessage=\"wpforms-1345-field_3-error\" required><\/textarea><\/div><\/div><!-- .wpforms-field-container --><div class=\"wpforms-submit-container\" ><input type=\"hidden\" name=\"wpforms[id]\" value=\"1345\"><input type=\"hidden\" name=\"page_title\" value=\"\"><input type=\"hidden\" name=\"page_url\" value=\"https:\/\/qianyuangeo.com\/fr\/wp-json\/wp\/v2\/pages\/1985\"><button type=\"submit\" name=\"wpforms[submit]\" id=\"wpforms-submit-1345\" class=\"wpforms-submit\" data-alt-text=\"Sending...\" data-submit-text=\"Submit\" aria-live=\"assertive\" value=\"wpforms-submit\">Soumettre<\/button><img decoding=\"async\" src=\"https:\/\/qianyuangeo.com\/wp-content\/plugins\/wpforms\/assets\/images\/submit-spin.svg\" class=\"wpforms-submit-spinner\" style=\"display: none;\" width=\"26\" height=\"26\" alt=\"Chargement en cours\"><\/div><input type=\"hidden\" name=\"trp-form-language\" value=\"fr\"\/><\/form><\/div>  <!-- .wpforms-container --><\/div>\n\t\t\t\t\t\t<\/div>\n\t\t\t\t<\/div>\n\t\t\t\t<\/div>\n\t\t\t\t<\/div>\n\t\t\t\t<\/div>\n\t\t\t\t\t<\/div>\n\t\t\t\t<\/div>\n\t\t\t\t<\/div>","protected":false},"excerpt":{"rendered":"<p>Contactez-nous. Bureaux r\u00e9gionaux. Urbanize vous connecte partout dans le monde. Chaque bureau est compos\u00e9 de professionnels qui comprennent les d\u00e9fis et les opportunit\u00e9s uniques de leur r\u00e9gion, garantissant ainsi que nos solutions sont adapt\u00e9es aux besoins locaux tout en maintenant nos standards d&#039;excellence internationaux. Contactez-nous. Prenez contact avec Urbanize d\u00e8s aujourd&#039;hui. Nous sommes l\u00e0 pour vous aider.<\/p>","protected":false},"author":1,"featured_media":0,"parent":0,"menu_order":0,"comment_status":"closed","ping_status":"closed","template":"","meta":{"_seopress_robots_primary_cat":"","_seopress_titles_title":"","_seopress_titles_desc":"","_seopress_robots_index":"","footnotes":""},"class_list":["post-1985","page","type-page","status-publish","hentry"],"_links":{"self":[{"href":"https:\/\/qianyuangeo.com\/fr\/wp-json\/wp\/v2\/pages\/1985","targetHints":{"allow":["GET"]}}],"collection":[{"href":"https:\/\/qianyuangeo.com\/fr\/wp-json\/wp\/v2\/pages"}],"about":[{"href":"https:\/\/qianyuangeo.com\/fr\/wp-json\/wp\/v2\/types\/page"}],"author":[{"embeddable":true,"href":"https:\/\/qianyuangeo.com\/fr\/wp-json\/wp\/v2\/users\/1"}],"replies":[{"embeddable":true,"href":"https:\/\/qianyuangeo.com\/fr\/wp-json\/wp\/v2\/comments?post=1985"}],"version-history":[{"count":0,"href":"https:\/\/qianyuangeo.com\/fr\/wp-json\/wp\/v2\/pages\/1985\/revisions"}],"wp:attachment":[{"href":"https:\/\/qianyuangeo.com\/fr\/wp-json\/wp\/v2\/media?parent=1985"}],"curies":[{"name":"wp","href":"https:\/\/api.w.org\/{rel}","templated":true}]}}