{"id":1717,"date":"2025-04-10T13:06:41","date_gmt":"2025-04-10T13:06:41","guid":{"rendered":"https:\/\/www.qianyuangeo.com\/?post_type=product&#038;p=1717"},"modified":"2025-04-10T13:06:41","modified_gmt":"2025-04-10T13:06:41","slug":"geomat","status":"publish","type":"product","link":"https:\/\/qianyuangeo.com\/es\/producto\/geomat\/","title":{"rendered":"Geomat"},"content":{"rendered":"<p>Las geomantas de HDPE (polietileno de alta densidad) son una soluci\u00f3n eficaz para la estabilizaci\u00f3n de taludes y el control de la erosi\u00f3n. Su estructura reforzada de tejido abierto proporciona una superficie duradera, flexible y permeable que puede instalarse en taludes para prevenir la erosi\u00f3n del suelo y promover el crecimiento de la vegetaci\u00f3n.<br \/>\nEl material de HDPE ofrece una excelente resistencia a la radiaci\u00f3n UV, a los productos qu\u00edmicos y a la intemperie, lo que garantiza un rendimiento duradero en exteriores. Su dise\u00f1o de tejido abierto permite la penetraci\u00f3n del agua y el aire en la superficie, facilitando el crecimiento de la vegetaci\u00f3n y la estabilizaci\u00f3n natural del suelo.<br \/>\nLas geomantas de HDPE se pueden fijar a taludes mediante diversos m\u00e9todos de anclaje, creando una superficie reforzada que soporta las fuerzas de la escorrent\u00eda, el viento y la gravedad. Esto las convierte en la opci\u00f3n ideal para estabilizar taludes a lo largo de carreteras, riberas fluviales y otras infraestructuras donde el control de la erosi\u00f3n es crucial.<\/p>","protected":false},"excerpt":{"rendered":"<table id=\"tablepress-16\" class=\"tablepress tablepress-id-16\">\n<thead>\n<tr class=\"row-1\">\n<th class=\"column-1\">Propiedad<\/th>\n<th class=\"column-2\">Unidades<\/th>\n<th class=\"column-3\">BEM2<\/th>\n<th class=\"column-4\">BEM3<\/th>\n<th class=\"column-5\">BEM4<\/th>\n<th class=\"column-6\">BEM5<\/th>\n<\/tr>\n<\/thead>\n<tbody class=\"row-striping row-hover\">\n<tr class=\"row-2\">\n<td class=\"column-1\">Capas<\/td>\n<td class=\"column-2\"><\/td>\n<td class=\"column-3\">2<\/td>\n<td class=\"column-4\">3<\/td>\n<td class=\"column-5\">4<\/td>\n<td class=\"column-6\">5<\/td>\n<\/tr>\n<tr class=\"row-3\">\n<td class=\"column-1\">Peso unitario<\/td>\n<td class=\"column-2\">g\/m2<\/td>\n<td class=\"column-3\">220<\/td>\n<td class=\"column-4\">260<\/td>\n<td class=\"column-5\">350<\/td>\n<td class=\"column-6\">430<\/td>\n<\/tr>\n<tr class=\"row-4\">\n<td class=\"column-1\">Espesor<\/td>\n<td class=\"column-2\">mm<\/td>\n<td class=\"column-3\">10<\/td>\n<td class=\"column-4\">12<\/td>\n<td class=\"column-5\">14<\/td>\n<td class=\"column-6\">16<\/td>\n<\/tr>\n<tr class=\"row-5\">\n<td class=\"column-1\">Resistencia a la tracci\u00f3n<\/td>\n<td class=\"column-2\">kN\/m<\/td>\n<td class=\"column-3\">0.8<\/td>\n<td class=\"column-4\">1.4<\/td>\n<td class=\"column-5\">2<\/td>\n<td class=\"column-6\">3.2<\/td>\n<\/tr>\n<tr class=\"row-6\">\n<td class=\"column-1\">Alargamiento<\/td>\n<td class=\"column-2\">%<\/td>\n<td class=\"column-3\"><\/td>\n<td class=\"column-4\"><30<\/td>\n<td class=\"column-5\"><\/td>\n<td class=\"column-6\"><\/td>\n<\/tr>\n<tr class=\"row-7\">\n<td class=\"column-1\">Color<\/td>\n<td class=\"column-2\"><\/td>\n<td class=\"column-3\"><\/td>\n<td class=\"column-4\">Negro\/Verde<\/td>\n<td class=\"column-5\"><\/td>\n<td class=\"column-6\"><\/td>\n<\/tr>\n<tr class=\"row-8\">\n<td class=\"column-1\">Negro carb\u00f3n<\/td>\n<td class=\"column-2\">%<\/td>\n<td class=\"column-3\"><\/td>\n<td class=\"column-4\">2-3<\/td>\n<td class=\"column-5\"><\/td>\n<td class=\"column-6\"><\/td>\n<\/tr>\n<tr class=\"row-9\">\n<td class=\"column-1\">Materia prima<\/td>\n<td class=\"column-2\"><\/td>\n<td class=\"column-3\"><\/td>\n<td class=\"column-4\">HDPE<\/td>\n<td class=\"column-5\"><\/td>\n<td class=\"column-6\"><\/td>\n<\/tr>\n<tr class=\"row-10\">\n<td class=\"column-1\">Tama\u00f1o del rollo<\/td>\n<td class=\"column-2\">mxm<\/td>\n<td class=\"column-3\">2\u00d750<\/td>\n<td class=\"column-4\">2\u00d750<\/td>\n<td class=\"column-5\">2\u00d730<\/td>\n<td class=\"column-6\">2\u00d730<\/td>\n<\/tr>\n<\/tbody>\n<\/table>\n<p><!-- #tablepress-16 from cache --><\/p>","protected":false},"featured_media":1726,"template":"","meta":{"_seopress_robots_primary_cat":"none","_seopress_titles_title":"Geomat","_seopress_titles_desc":"HDPE geomats are durable, UV-resistant synthetic mats used for slope stabilization and erosion control. Their permeable three-dimensional structure allows water\/air flow while anchoring soil, promoting vegetation growth. Featuring chemical\/weather resistance and flexible installation through anchoring systems, they effectively protect infrastructure slopes against erosion from water runoff and environmental stressors.","_seopress_robots_index":""},"product_brand":[],"product_cat":[27],"product_tag":[],"class_list":{"0":"post-1717","1":"product","2":"type-product","3":"status-publish","4":"has-post-thumbnail","6":"product_cat-uncategorized","8":"first","9":"instock","10":"shipping-taxable","11":"product-type-simple"},"_links":{"self":[{"href":"https:\/\/qianyuangeo.com\/es\/wp-json\/wp\/v2\/product\/1717","targetHints":{"allow":["GET"]}}],"collection":[{"href":"https:\/\/qianyuangeo.com\/es\/wp-json\/wp\/v2\/product"}],"about":[{"href":"https:\/\/qianyuangeo.com\/es\/wp-json\/wp\/v2\/types\/product"}],"version-history":[{"count":0,"href":"https:\/\/qianyuangeo.com\/es\/wp-json\/wp\/v2\/product\/1717\/revisions"}],"wp:featuredmedia":[{"embeddable":true,"href":"https:\/\/qianyuangeo.com\/es\/wp-json\/wp\/v2\/media\/1726"}],"wp:attachment":[{"href":"https:\/\/qianyuangeo.com\/es\/wp-json\/wp\/v2\/media?parent=1717"}],"wp:term":[{"taxonomy":"product_brand","embeddable":true,"href":"https:\/\/qianyuangeo.com\/es\/wp-json\/wp\/v2\/product_brand?post=1717"},{"taxonomy":"product_cat","embeddable":true,"href":"https:\/\/qianyuangeo.com\/es\/wp-json\/wp\/v2\/product_cat?post=1717"},{"taxonomy":"product_tag","embeddable":true,"href":"https:\/\/qianyuangeo.com\/es\/wp-json\/wp\/v2\/product_tag?post=1717"}],"curies":[{"name":"wp","href":"https:\/\/api.w.org\/{rel}","templated":true}]}}