{"id":1524,"date":"2025-04-09T06:25:27","date_gmt":"2025-04-09T06:25:27","guid":{"rendered":"https:\/\/www.qianyuangeo.com\/?post_type=product&#038;p=1524"},"modified":"2025-04-10T08:47:14","modified_gmt":"2025-04-10T08:47:14","slug":"textured-geomembrane-tds","status":"publish","type":"product","link":"https:\/\/qianyuangeo.com\/es\/producto\/textured-geomembrane-tds\/","title":{"rendered":"Geomembrana texturizada -TDS"},"content":{"rendered":"<p>La geomembrana texturizada YICHUAN se fabrica mediante tecnolog\u00eda de texturizado por pulverizaci\u00f3n, puntos de columna y espuma de nitr\u00f3geno. Est\u00e1 dise\u00f1ada y fabricada con una superficie texturizada de una o dos caras para mejorar la fricci\u00f3n entre dos capas. Como fabricante y proveedor l\u00edder de geomembranas de HDPE, YICHUAN Geosynthetics ofrece geomembranas texturizadas de HDPE personalizadas de alta calidad, con medidas, espesores y especificaciones completas, a un precio de f\u00e1brica competitivo.<\/p>","protected":false},"excerpt":{"rendered":"<table id=\"tablepress-10\" class=\"tablepress tablepress-id-10\">\n<thead>\n<tr class=\"row-1\">\n<td colspan=\"8\" class=\"column-1\"><\/td>\n<\/tr>\n<\/thead>\n<tbody class=\"row-striping row-hover\">\n<tr class=\"row-2\">\n<td class=\"column-1\">Propiedades de prueba<\/td>\n<td class=\"column-2\">Unidad<\/td>\n<td class=\"column-3\">Est\u00e1ndar<\/td>\n<td class=\"column-4\">BM10<\/td>\n<td class=\"column-5\">BM15<\/td>\n<td class=\"column-6\">BM20<\/td>\n<td class=\"column-7\">BM25<\/td>\n<td class=\"column-8\">Frecuencia de prueba<\/td>\n<\/tr>\n<tr class=\"row-3\">\n<td class=\"column-1\">Espesor<\/td>\n<td class=\"column-2\">mm<\/td>\n<td class=\"column-3\">D5994<\/td>\n<td class=\"column-4\">1.00<\/td>\n<td class=\"column-5\">1.50<\/td>\n<td class=\"column-6\">2.00<\/td>\n<td class=\"column-7\">2.50<\/td>\n<td class=\"column-8\">por rollo<\/td>\n<\/tr>\n<tr class=\"row-4\">\n<td class=\"column-1\">Altura de aspereza<\/td>\n<td class=\"column-2\">mm<\/td>\n<td class=\"column-3\">D 7466<\/td>\n<td class=\"column-4\">0.25<\/td>\n<td class=\"column-5\"><\/td>\n<td class=\"column-6\"><\/td>\n<td class=\"column-7\"><\/td>\n<td class=\"column-8\">Cada 2\u00ba rollo (2)<\/td>\n<\/tr>\n<tr class=\"row-5\">\n<td class=\"column-1\">Densidad<\/td>\n<td class=\"column-2\">g\/cc<\/td>\n<td class=\"column-3\">D 1505 D 792<\/td>\n<td class=\"column-4\">0.94<\/td>\n<td class=\"column-5\"><\/td>\n<td class=\"column-6\"><\/td>\n<td class=\"column-7\"><\/td>\n<td class=\"column-8\">90.000 kilogramos<\/td>\n<\/tr>\n<tr class=\"row-6\">\n<td class=\"column-1\">Propiedades de tracci\u00f3n<br \/>\n      l\u00edmite el\u00e1stico<br \/>\n      resistencia a la rotura<br \/>\n      elongaci\u00f3n de fluencia<br \/>\n      elongaci\u00f3n de rotura<\/td>\n<td class=\"column-2\">\nkN\/m<br \/>\nkN\/m<br \/>\n%<br \/>\n%<\/td>\n<td class=\"column-3\"> D 6693<\/p>\n<p>Tipo IV<\/td>\n<td class=\"column-4\">\n15<br \/>\n27<br \/>\n12<br \/>\n700<\/td>\n<td class=\"column-5\">\n  22<br \/>\n40<br \/>\n12<br \/>\n700<\/td>\n<td class=\"column-6\">\n  29<br \/>\n53<br \/>\n12<br \/>\n700<\/td>\n<td class=\"column-7\">\n  37<br \/>\n67<br \/>\n12<br \/>\n700<\/td>\n<td class=\"column-8\">\n9.000 kilos<\/td>\n<\/tr>\n<tr class=\"row-7\">\n<td class=\"column-1\">Resistencia al desgarro<\/td>\n<td class=\"column-2\">norte<\/td>\n<td class=\"column-3\">D 1004<\/td>\n<td class=\"column-4\">125<\/td>\n<td class=\"column-5\">187<\/td>\n<td class=\"column-6\">249<\/td>\n<td class=\"column-7\">311<\/td>\n<td class=\"column-8\">20.000 kilos<\/td>\n<\/tr>\n<tr class=\"row-8\">\n<td class=\"column-1\">Resistencia a la perforaci\u00f3n<\/td>\n<td class=\"column-2\">norte<\/td>\n<td class=\"column-3\">D 4833<\/td>\n<td class=\"column-4\">320<\/td>\n<td class=\"column-5\">480<\/td>\n<td class=\"column-6\">640<\/td>\n<td class=\"column-7\">800<\/td>\n<td class=\"column-8\">20.000 kilos<\/td>\n<\/tr>\n<tr class=\"row-9\">\n<td class=\"column-1\">Resistencia al agrietamiento por tensi\u00f3n<\/td>\n<td class=\"column-2\">h<\/td>\n<td class=\"column-3\">D 5397(Ap\u00e9ndice)<\/td>\n<td class=\"column-4\"><\/td>\n<td class=\"column-5\"><\/td>\n<td class=\"column-6\">500 horas.<\/td>\n<td class=\"column-7\"><\/td>\n<td class=\"column-8\">seg\u00fan GRI GM-10<\/td>\n<\/tr>\n<tr class=\"row-10\">\n<td class=\"column-1\">Contenido de negro de carb\u00f3n<\/td>\n<td class=\"column-2\">%<\/td>\n<td class=\"column-3\">D 4218 (3)<\/td>\n<td class=\"column-4\"><\/td>\n<td class=\"column-5\"><\/td>\n<td class=\"column-6\">2.0-3.0%<\/td>\n<td class=\"column-7\"><\/td>\n<td class=\"column-8\">9.000 kilos<\/td>\n<\/tr>\n<tr class=\"row-11\">\n<td class=\"column-1\">Dispersi\u00f3n de negro de carb\u00f3n<\/td>\n<td class=\"column-2\"><\/td>\n<td class=\"column-3\">D 5596<\/td>\n<td class=\"column-4\"><\/td>\n<td class=\"column-5\"><\/td>\n<td class=\"column-6\">Para 10 vistas diferentes: 9 pulgadas<\/td>\n<td class=\"column-7\"><\/td>\n<td class=\"column-8\">20.000 kilos<\/td>\n<\/tr>\n<tr class=\"row-12\">\n<td class=\"column-1\">Tiempo de inducci\u00f3n oxidativa<br \/>\nm\u00edn(a) OIT est\u00e1ndar<\/td>\n<td class=\"column-2\">\nm\u00edn.<\/td>\n<td class=\"column-3\">  D 3895<\/p>\n<p>D 5885<\/td>\n<td class=\"column-4\"><\/td>\n<td class=\"column-5\"><\/td>\n<td class=\"column-6\">100<\/p>\n<p>400<\/td>\n<td class=\"column-7\"><\/td>\n<td class=\"column-8\">90.000 kilogramos<\/td>\n<\/tr>\n<tr class=\"row-13\">\n<td class=\"column-1\">(b) OIT de alta presi\u00f3n<\/td>\n<td class=\"column-2\"><\/td>\n<td class=\"column-3\"><\/td>\n<td class=\"column-4\"><\/td>\n<td class=\"column-5\"><\/td>\n<td class=\"column-6\"><\/td>\n<td class=\"column-7\"><\/td>\n<td class=\"column-8\"><\/td>\n<\/tr>\n<tr class=\"row-14\">\n<td class=\"column-1\">Conservaci\u00f3n del envejecimiento en horno a 85 \u00b0C<br \/>\ndespu\u00e9s de 90 d\u00edas<br \/>\n(a) OIT est\u00e1ndar<br \/>\n(b) OIT de alta presi\u00f3n<\/td>\n<td class=\"column-2\">%<\/td>\n<td class=\"column-3\">  D 5721<\/p>\n<p>D 3895<br \/>\nD 5885<\/td>\n<td class=\"column-4\"><\/td>\n<td class=\"column-5\"><\/td>\n<td class=\"column-6\">55%<\/p>\n<p>80%<\/td>\n<td class=\"column-7\"><\/td>\n<td class=\"column-8\">por cada uno<\/p>\n<p>formulaci\u00f3n<\/td>\n<\/tr>\n<tr class=\"row-15\">\n<td class=\"column-1\">Resistencia a los rayos UV<br \/>\nOIT de alta presi\u00f3n \u2013 % retenido<br \/>\ndespu\u00e9s de las 1600 horas<\/td>\n<td class=\"column-2\">\n<p>%<\/td>\n<td class=\"column-3\">D 5885<\/td>\n<td class=\"column-4\"><\/td>\n<td class=\"column-5\"><\/td>\n<td class=\"column-6\">50%<\/td>\n<td class=\"column-7\"><\/td>\n<td class=\"column-8\">por cada uno<\/p>\n<p>formulaci\u00f3n<\/td>\n<\/tr>\n<\/tbody>\n<\/table>\n<p><!-- #tablepress-10 from cache --><\/p>","protected":false},"featured_media":1530,"template":"","meta":{"_seopress_robots_primary_cat":"none","_seopress_titles_title":"Textured Geomembrane -TDS","_seopress_titles_desc":"YICHUAN Textured Geomembrane is produced by the spray texture technology\u3001column points technology\u3001Nitrogen Foaming technology\uff0cIt is designed and fabricated with either single-sided or double-sided textured surface to improve friction between two layers. As the leading HDPE geomembrane manufacturer and supplier,\u00a0YICHUAN Geosynthetics\u00a0offers high quality customized HDPE textured geomembrane with complete size, thickness and specifications at competitive factory price.","_seopress_robots_index":""},"product_brand":[],"product_cat":[37],"product_tag":[],"class_list":{"0":"post-1524","1":"product","2":"type-product","3":"status-publish","4":"has-post-thumbnail","6":"product_cat-geomembrane","8":"first","9":"instock","10":"shipping-taxable","11":"product-type-simple"},"_links":{"self":[{"href":"https:\/\/qianyuangeo.com\/es\/wp-json\/wp\/v2\/product\/1524","targetHints":{"allow":["GET"]}}],"collection":[{"href":"https:\/\/qianyuangeo.com\/es\/wp-json\/wp\/v2\/product"}],"about":[{"href":"https:\/\/qianyuangeo.com\/es\/wp-json\/wp\/v2\/types\/product"}],"version-history":[{"count":0,"href":"https:\/\/qianyuangeo.com\/es\/wp-json\/wp\/v2\/product\/1524\/revisions"}],"wp:featuredmedia":[{"embeddable":true,"href":"https:\/\/qianyuangeo.com\/es\/wp-json\/wp\/v2\/media\/1530"}],"wp:attachment":[{"href":"https:\/\/qianyuangeo.com\/es\/wp-json\/wp\/v2\/media?parent=1524"}],"wp:term":[{"taxonomy":"product_brand","embeddable":true,"href":"https:\/\/qianyuangeo.com\/es\/wp-json\/wp\/v2\/product_brand?post=1524"},{"taxonomy":"product_cat","embeddable":true,"href":"https:\/\/qianyuangeo.com\/es\/wp-json\/wp\/v2\/product_cat?post=1524"},{"taxonomy":"product_tag","embeddable":true,"href":"https:\/\/qianyuangeo.com\/es\/wp-json\/wp\/v2\/product_tag?post=1524"}],"curies":[{"name":"wp","href":"https:\/\/api.w.org\/{rel}","templated":true}]}}