{"id":1135,"date":"2025-03-06T08:58:41","date_gmt":"2025-03-06T08:58:41","guid":{"rendered":"https:\/\/18.138.55.241\/?post_type=product&#038;p=1135"},"modified":"2025-04-11T08:46:02","modified_gmt":"2025-04-11T08:46:02","slug":"cement-blanket","status":"publish","type":"product","link":"https:\/\/qianyuangeo.com\/es\/producto\/cement-blanket\/","title":{"rendered":"Manta de cemento"},"content":{"rendered":"<p>Refuerzo instant\u00e1neo de hormig\u00f3n: desenrollar, humedecer y endurecer en 24 horas<\/p>\n<p>Descripci\u00f3n general del producto<br \/>\nLa Manta de Cemento es un revolucionario material compuesto geosint\u00e9tico que combina una matriz de fibra 3D flexible con polvo de cemento seco. Al activarse con agua, se transforma en una capa de hormig\u00f3n duradera en cuesti\u00f3n de horas, eliminando as\u00ed los procesos tradicionales de mezclado, vertido y curado. Dise\u00f1ado para una r\u00e1pida implementaci\u00f3n en proyectos de infraestructura y ambientales, redefine la eficiencia en la protecci\u00f3n de taludes, el revestimiento de zanjas y las reparaciones de emergencia.<\/p>","protected":false},"excerpt":{"rendered":"<table id=\"tablepress-20\" class=\"tablepress tablepress-id-20\">\n<thead>\n<tr class=\"row-1\">\n<th class=\"column-1\">Prueba<\/th>\n<td class=\"column-2\"><\/td>\n<th class=\"column-3\">Resultado de la prueba<\/th>\n<td class=\"column-4\"><\/td>\n<td class=\"column-5\"><\/td>\n<td class=\"column-6\"><\/td>\n<td class=\"column-7\"><\/td>\n<th class=\"column-8\">Est\u00e1ndar de prueba<\/th>\n<\/tr>\n<\/thead>\n<tbody class=\"row-striping row-hover\">\n<tr class=\"row-2\">\n<td class=\"column-1\"><\/td>\n<td class=\"column-2\"><\/td>\n<td class=\"column-3\">1 d\u00eda<\/td>\n<td class=\"column-4\">3D<\/td>\n<td class=\"column-5\">7d<\/td>\n<td class=\"column-6\">28d<\/td>\n<td class=\"column-7\">Despu\u00e9s del ciclo de congelaci\u00f3n-descongelaci\u00f3n<\/td>\n<td class=\"column-8\"><\/td>\n<\/tr>\n<tr class=\"row-3\">\n<td class=\"column-1\">Resistencia a la rotura<\/td>\n<td class=\"column-2\"><\/td>\n<td class=\"column-3\">7,0 Mpa<\/td>\n<td class=\"column-4\">9,8 Mpa<\/td>\n<td class=\"column-5\">10,7 Mpa<\/td>\n<td class=\"column-6\">11,0 Mpa<\/td>\n<td class=\"column-7\"><\/td>\n<td class=\"column-8\">GB\/T29756-2013<\/td>\n<\/tr>\n<tr class=\"row-4\">\n<td class=\"column-1\"><\/td>\n<td class=\"column-2\"><\/td>\n<td class=\"column-3\"><\/td>\n<td class=\"column-4\"><\/td>\n<td class=\"column-5\"><\/td>\n<td class=\"column-6\"><\/td>\n<td class=\"column-7\">10,6 Mpa<\/td>\n<td class=\"column-8\">JC\/T1004-2006<\/td>\n<\/tr>\n<tr class=\"row-5\">\n<td class=\"column-1\">Resistencia a la compresi\u00f3n<\/td>\n<td class=\"column-2\"><\/td>\n<td class=\"column-3\">51,0 MPa<\/td>\n<td class=\"column-4\">52,3 MPa<\/td>\n<td class=\"column-5\">61,5 Mpa<\/td>\n<td class=\"column-6\">66,1 MPa<\/td>\n<td class=\"column-7\"><\/td>\n<td class=\"column-8\">GB\/T29756-2013<\/td>\n<\/tr>\n<tr class=\"row-6\">\n<td class=\"column-1\"><\/td>\n<td class=\"column-2\"><\/td>\n<td class=\"column-3\"><\/td>\n<td class=\"column-4\"><\/td>\n<td class=\"column-5\">Valor medio: 37,4 Mpa<\/td>\n<td class=\"column-6\"><\/td>\n<td class=\"column-7\">69,4 Mpa<\/td>\n<td class=\"column-8\">JC\/T1004-2006<\/td>\n<\/tr>\n<tr class=\"row-7\">\n<td class=\"column-1\"><\/td>\n<td class=\"column-2\"><\/td>\n<td class=\"column-3\"><\/td>\n<td class=\"column-4\">Direcci\u00f3n de la m\u00e1quina:<\/td>\n<td class=\"column-5\">M\u00e1quina cruzada de 29,4 Mpa <\/td>\n<td class=\"column-6\">direcci\u00f3n: 23,1 Mpa<\/td>\n<td class=\"column-7\"><\/td>\n<td class=\"column-8\">ASTM C109-16a<\/td>\n<\/tr>\n<tr class=\"row-8\">\n<td class=\"column-1\">Resistencia a la flexi\u00f3n<\/td>\n<td class=\"column-2\"><\/td>\n<td class=\"column-3\"><\/td>\n<td class=\"column-4\"><\/td>\n<td class=\"column-5\"><\/td>\n<td class=\"column-6\">1,3 Mpa<\/td>\n<td class=\"column-7\"><\/td>\n<td class=\"column-8\">ASTM C1185-08<\/td>\n<\/tr>\n<tr class=\"row-9\">\n<td class=\"column-1\">Rendimiento superior<\/td>\n<td class=\"column-2\"><\/td>\n<td class=\"column-3\"><\/td>\n<td class=\"column-4\"><\/td>\n<td class=\"column-5\"><\/td>\n<td class=\"column-6\">&lt;0,5<\/td>\n<td class=\"column-7\"><\/td>\n<td class=\"column-8\">JGJ\/T70-200915<\/td>\n<\/tr>\n<tr class=\"row-10\">\n<td class=\"column-1\"><\/td>\n<td class=\"column-2\">Plumbum (cantidad total de recuento) mg\/l<\/td>\n<td class=\"column-3\"><\/td>\n<td class=\"column-4\"><\/td>\n<td class=\"column-5\"><\/td>\n<td class=\"column-6\">\uff1c0,004<\/td>\n<td class=\"column-7\"><\/td>\n<td class=\"column-8\"><\/td>\n<\/tr>\n<tr class=\"row-11\">\n<td class=\"column-1\"><\/td>\n<td class=\"column-2\">Cromo (cromo VT) mg\/I<\/td>\n<td class=\"column-3\"><\/td>\n<td class=\"column-4\"><\/td>\n<td class=\"column-5\"><\/td>\n<td class=\"column-6\">&lt;0.00;<\/td>\n<td class=\"column-7\"><\/td>\n<td class=\"column-8\"><\/td>\n<\/tr>\n<tr class=\"row-12\">\n<td class=\"column-1\"><\/td>\n<td class=\"column-2\">Mercurio (contar la cantidad total) mg\/l<\/td>\n<td class=\"column-3\"><\/td>\n<td class=\"column-4\"><\/td>\n<td class=\"column-5\"><\/td>\n<td class=\"column-6\">0.018<\/td>\n<td class=\"column-7\"><\/td>\n<td class=\"column-8\"><\/td>\n<\/tr>\n<tr class=\"row-13\">\n<td class=\"column-1\">Prueba de toxicidad por lixiviaci\u00f3n<\/td>\n<td class=\"column-2\">Bario (cantidad total del recuento) mg\/l<\/td>\n<td class=\"column-3\"><\/td>\n<td class=\"column-4\"><\/td>\n<td class=\"column-5\"><\/td>\n<td class=\"column-6\">\uff1c0.001<\/td>\n<td class=\"column-7\"><\/td>\n<td class=\"column-8\">GB5085.3-2007<\/td>\n<\/tr>\n<tr class=\"row-14\">\n<td class=\"column-1\"><\/td>\n<td class=\"column-2\">Ars\u00e9nico (cantidad total del recuento) mg\/l<\/td>\n<td class=\"column-3\"><\/td>\n<td class=\"column-4\"><\/td>\n<td class=\"column-5\"><\/td>\n<td class=\"column-6\">1.01<\/td>\n<td class=\"column-7\"><\/td>\n<td class=\"column-8\"><\/td>\n<\/tr>\n<tr class=\"row-15\">\n<td class=\"column-1\"><\/td>\n<td class=\"column-2\">Fluoruro inorg\u00e1nico (no contiene fluoruro de calcio) mg\/l<\/td>\n<td class=\"column-3\"><\/td>\n<td class=\"column-4\"><\/td>\n<td class=\"column-5\"><\/td>\n<td class=\"column-6\">\uff1c0.001<\/td>\n<td class=\"column-7\"><\/td>\n<td class=\"column-8\"><\/td>\n<\/tr>\n<tr class=\"row-16\">\n<td class=\"column-1\"><\/td>\n<td class=\"column-2\">Cianuro (contar como cn-)mg\/l<\/td>\n<td class=\"column-3\"><\/td>\n<td class=\"column-4\"><\/td>\n<td class=\"column-5\"><\/td>\n<td class=\"column-6\"><\/td>\n<td class=\"column-7\"><\/td>\n<td class=\"column-8\"><\/td>\n<\/tr>\n<\/tbody>\n<\/table>\n<p><!-- #tablepress-20 from cache --><\/p>","protected":false},"featured_media":1138,"template":"","meta":{"_seopress_robots_primary_cat":"none","_seopress_titles_title":"Cement Blanket | Instant Concrete Cloth Reinforcement","_seopress_titles_desc":"Rapid-hardening Cement Blanket provides quick, effective concrete reinforcement for slopes, ditches, and emergency infrastructure repairs. Contact now!","_seopress_robots_index":""},"product_brand":[],"product_cat":[39],"product_tag":[],"class_list":{"0":"post-1135","1":"product","2":"type-product","3":"status-publish","4":"has-post-thumbnail","6":"product_cat-cement-blanket-ccb","8":"first","9":"instock","10":"shipping-taxable","11":"product-type-simple"},"_links":{"self":[{"href":"https:\/\/qianyuangeo.com\/es\/wp-json\/wp\/v2\/product\/1135","targetHints":{"allow":["GET"]}}],"collection":[{"href":"https:\/\/qianyuangeo.com\/es\/wp-json\/wp\/v2\/product"}],"about":[{"href":"https:\/\/qianyuangeo.com\/es\/wp-json\/wp\/v2\/types\/product"}],"version-history":[{"count":0,"href":"https:\/\/qianyuangeo.com\/es\/wp-json\/wp\/v2\/product\/1135\/revisions"}],"wp:featuredmedia":[{"embeddable":true,"href":"https:\/\/qianyuangeo.com\/es\/wp-json\/wp\/v2\/media\/1138"}],"wp:attachment":[{"href":"https:\/\/qianyuangeo.com\/es\/wp-json\/wp\/v2\/media?parent=1135"}],"wp:term":[{"taxonomy":"product_brand","embeddable":true,"href":"https:\/\/qianyuangeo.com\/es\/wp-json\/wp\/v2\/product_brand?post=1135"},{"taxonomy":"product_cat","embeddable":true,"href":"https:\/\/qianyuangeo.com\/es\/wp-json\/wp\/v2\/product_cat?post=1135"},{"taxonomy":"product_tag","embeddable":true,"href":"https:\/\/qianyuangeo.com\/es\/wp-json\/wp\/v2\/product_tag?post=1135"}],"curies":[{"name":"wp","href":"https:\/\/api.w.org\/{rel}","templated":true}]}}