{"id":1126,"date":"2025-03-06T08:45:15","date_gmt":"2025-03-06T08:45:15","guid":{"rendered":"https:\/\/18.138.55.241\/?post_type=product&#038;p=1126"},"modified":"2025-04-11T08:48:44","modified_gmt":"2025-04-11T08:48:44","slug":"polyester-geogrid","status":"publish","type":"product","link":"https:\/\/qianyuangeo.com\/es\/producto\/polyester-geogrid\/","title":{"rendered":"Geomalla de poli\u00e9ster"},"content":{"rendered":"<p>Material: Hilo de poli\u00e9ster de alta tenacidad<br \/>\nEstructura: Dise\u00f1o de malla tipo cuadr\u00edcula con resistencia a la tracci\u00f3n uniforme tanto en direcci\u00f3n longitudinal como transversal.<br \/>\nTratamiento de superficie: recubierto con una capa protectora de pol\u00edmero (por ejemplo, PVC, l\u00e1tex) para una mayor durabilidad y resistencia.<\/p>\n<p>Caracter\u00edsticas principales:<\/p>\n<p>Alta resistencia a la tracci\u00f3n: proporciona una capacidad de carga excepcional para aplicaciones de refuerzo.<\/p>\n<p>Baja elongaci\u00f3n: garantiza una deformaci\u00f3n m\u00ednima bajo cargas pesadas, manteniendo la integridad estructural.<\/p>\n<p>Resistencia a la fluencia: dise\u00f1ado para soportar estr\u00e9s a largo plazo sin estiramiento significativo.<\/p>\n<p>Resistencia qu\u00edmica y UV: Resistente a la corrosi\u00f3n, a los productos qu\u00edmicos y a la radiaci\u00f3n ultravioleta, lo que lo hace adecuado para entornos hostiles.<\/p>\n<p>Ligero y flexible: f\u00e1cil de transportar, manipular e instalar, lo que reduce el tiempo de construcci\u00f3n y los costos de mano de obra.<\/p>","protected":false},"excerpt":{"rendered":"<table id=\"tablepress-19\" class=\"tablepress tablepress-id-19\">\n<thead>\n<tr class=\"row-1\">\n<th class=\"column-1\">Propiedades<\/th>\n<th class=\"column-2\">BSD30-30<\/th>\n<th class=\"column-3\">BSD40-40<\/th>\n<th class=\"column-4\">BSD50-50<\/th>\n<th class=\"column-5\">BSD60-60<\/th>\n<th class=\"column-6\">BSD80-80<\/th>\n<th class=\"column-7\">BSD100-100<\/th>\n<th class=\"column-8\">BSD150-150<\/th>\n<\/tr>\n<\/thead>\n<tbody class=\"row-striping row-hover\">\n<tr class=\"row-2\">\n<td class=\"column-1\">Resistencia a la tracci\u00f3n longitudinal kN\/m<\/td>\n<td class=\"column-2\">\u226530<\/td>\n<td class=\"column-3\">\u226540<\/td>\n<td class=\"column-4\">\u226550<\/td>\n<td class=\"column-5\">\u226560<\/td>\n<td class=\"column-6\">\u226580<\/td>\n<td class=\"column-7\">\u2265100<\/td>\n<td class=\"column-8\">\u2265150<\/td>\n<\/tr>\n<tr class=\"row-3\">\n<td class=\"column-1\">Resistencia a la tracci\u00f3n horizontal kN\/m<\/td>\n<td class=\"column-2\">\u226530<\/td>\n<td class=\"column-3\">\u226540<\/td>\n<td class=\"column-4\">\u226550<\/td>\n<td class=\"column-5\">\u226560<\/td>\n<td class=\"column-6\">\u226580<\/td>\n<td class=\"column-7\">\u2265100<\/td>\n<td class=\"column-8\">\u2265150<\/td>\n<\/tr>\n<tr class=\"row-4\">\n<td class=\"column-1\">Tasa de elongaci\u00f3n %<\/td>\n<td class=\"column-2\"><\/td>\n<td class=\"column-3\"><\/td>\n<td class=\"column-4\"><\/td>\n<td class=\"column-5\">\u22642<\/td>\n<td class=\"column-6\"><\/td>\n<td class=\"column-7\"><\/td>\n<td class=\"column-8\"><\/td>\n<\/tr>\n<tr class=\"row-5\">\n<td class=\"column-1\">Resistencia a la tracci\u00f3n a una deformaci\u00f3n de 1% kN\/m<\/td>\n<td class=\"column-2\">\u226520<\/td>\n<td class=\"column-3\">\u226532<\/td>\n<td class=\"column-4\">\u226540<\/td>\n<td class=\"column-5\">\u226548<\/td>\n<td class=\"column-6\">\u226563<\/td>\n<td class=\"column-7\">\u226581<\/td>\n<td class=\"column-8\">\u2265125<\/td>\n<\/tr>\n<tr class=\"row-6\">\n<td class=\"column-1\">Fuerza l\u00edmite de pelado en el punto de uni\u00f3n soldado kN\/m<\/td>\n<td class=\"column-2\">\u226520<\/td>\n<td class=\"column-3\">\u226532<\/td>\n<td class=\"column-4\">\u226540<\/td>\n<td class=\"column-5\">\u226548<\/td>\n<td class=\"column-6\">\u226563<\/td>\n<td class=\"column-7\">\u226581<\/td>\n<td class=\"column-8\">\u2265125<\/td>\n<\/tr>\n<tr class=\"row-7\">\n<td class=\"column-1\">Limite la fuerza de pelado en el punto de uni\u00f3n soldado N<\/td>\n<td class=\"column-2\">\u2265100<\/td>\n<td class=\"column-3\">\u2265100<\/td>\n<td class=\"column-4\">\u2265100<\/td>\n<td class=\"column-5\">\u2265100<\/td>\n<td class=\"column-6\">\u2265100<\/td>\n<td class=\"column-7\">\u2265100<\/td>\n<td class=\"column-8\">\u2265100<\/td>\n<\/tr>\n<tr class=\"row-8\">\n<td class=\"column-1\"><\/td>\n<td class=\"column-2\"><\/td>\n<td class=\"column-3\"><\/td>\n<td class=\"column-4\"><\/td>\n<td class=\"column-5\"><\/td>\n<td class=\"column-6\"><\/td>\n<td class=\"column-7\"><\/td>\n<td class=\"column-8\"><\/td>\n<\/tr>\n<\/tbody>\n<\/table>\n<p><!-- #tablepress-19 from cache --><\/p>","protected":false},"featured_media":1861,"template":"","meta":{"_seopress_robots_primary_cat":"none","_seopress_titles_title":"Polyester Geogrid","_seopress_titles_desc":"High-strength polyester geogrid with polymer-coated grid structure offers uniform bidirectional tensile strength, low elongation, creep\/chemical\/UV resistance, and lightweight flexibility for durable reinforcement in harsh environments.","_seopress_robots_index":""},"product_brand":[],"product_cat":[27,29],"product_tag":[],"class_list":{"0":"post-1126","1":"product","2":"type-product","3":"status-publish","4":"has-post-thumbnail","6":"product_cat-uncategorized","7":"product_cat-geogrid","9":"first","10":"instock","11":"shipping-taxable","12":"product-type-simple"},"_links":{"self":[{"href":"https:\/\/qianyuangeo.com\/es\/wp-json\/wp\/v2\/product\/1126","targetHints":{"allow":["GET"]}}],"collection":[{"href":"https:\/\/qianyuangeo.com\/es\/wp-json\/wp\/v2\/product"}],"about":[{"href":"https:\/\/qianyuangeo.com\/es\/wp-json\/wp\/v2\/types\/product"}],"version-history":[{"count":0,"href":"https:\/\/qianyuangeo.com\/es\/wp-json\/wp\/v2\/product\/1126\/revisions"}],"wp:featuredmedia":[{"embeddable":true,"href":"https:\/\/qianyuangeo.com\/es\/wp-json\/wp\/v2\/media\/1861"}],"wp:attachment":[{"href":"https:\/\/qianyuangeo.com\/es\/wp-json\/wp\/v2\/media?parent=1126"}],"wp:term":[{"taxonomy":"product_brand","embeddable":true,"href":"https:\/\/qianyuangeo.com\/es\/wp-json\/wp\/v2\/product_brand?post=1126"},{"taxonomy":"product_cat","embeddable":true,"href":"https:\/\/qianyuangeo.com\/es\/wp-json\/wp\/v2\/product_cat?post=1126"},{"taxonomy":"product_tag","embeddable":true,"href":"https:\/\/qianyuangeo.com\/es\/wp-json\/wp\/v2\/product_tag?post=1126"}],"curies":[{"name":"wp","href":"https:\/\/api.w.org\/{rel}","templated":true}]}}