{"id":1117,"date":"2025-03-06T08:42:40","date_gmt":"2025-03-06T08:42:40","guid":{"rendered":"https:\/\/18.138.55.241\/?post_type=product&#038;p=1117"},"modified":"2025-04-11T08:53:51","modified_gmt":"2025-04-11T08:53:51","slug":"biaxial-plastic-geogrid","status":"publish","type":"product","link":"https:\/\/qianyuangeo.com\/es\/producto\/biaxial-plastic-geogrid\/","title":{"rendered":"Geomalla pl\u00e1stica biaxial"},"content":{"rendered":"<p>Una geomalla pl\u00e1stica biaxial es una malla de pol\u00edmero (generalmente de HDPE o PP) con una resistencia a la tracci\u00f3n distribuida uniformemente tanto longitudinal como transversalmente. Est\u00e1 dise\u00f1ada para el refuerzo bidimensional, mejorando la estabilidad del suelo, la distribuci\u00f3n de cargas y la resistencia a las grietas en aplicaciones que requieren soporte multidireccional.<\/p>\n<p>Caracter\u00edsticas principales:<\/p>\n<p>Resistencia igual en los ejes XY: Refuerza el suelo tanto en direcci\u00f3n horizontal como vertical.<\/p>\n<p>Alta eficiencia de uni\u00f3n: los puntos nodales robustos garantizan la integridad estructural.<\/p>\n<p>Resistencia qu\u00edmica y a los rayos UV: adecuado para uso prolongado en exteriores.<\/p>\n<p>Flexible y ligero: se adapta a superficies de terreno irregulares.<\/p>","protected":false},"excerpt":{"rendered":"<table id=\"tablepress-6\" class=\"tablepress tablepress-id-6\">\n<thead>\n<tr class=\"row-1\">\n<td class=\"column-1\"><\/td>\n<th colspan=\"2\" class=\"column-2\">Resistencia a la tracci\u00f3n<br \/>\nkN\/m2<\/th>\n<th colspan=\"2\" class=\"column-4\">Tasa de elongaci\u00f3n %<\/th>\n<th colspan=\"2\" class=\"column-6\">Fuerza en 2%<br \/>\nalargamiento KN\/M<\/th>\n<th class=\"column-8\">Fuerza en 5%<br \/>\nelongaci\u00f3n \u2265KN\/M<\/th>\n<td class=\"column-9\"><\/td>\n<\/tr>\n<\/thead>\n<tbody class=\"row-striping row-hover\">\n<tr class=\"row-2\">\n<td class=\"column-1\"><\/td>\n<td class=\"column-2\">Longitudinal<\/td>\n<td class=\"column-3\">Transverso<\/td>\n<td class=\"column-4\">Longitudinal<\/td>\n<td class=\"column-5\">Transverso<\/td>\n<td class=\"column-6\">Longitudinal<\/td>\n<td class=\"column-7\">Transverso<\/td>\n<td class=\"column-8\">Longitudinal<\/td>\n<td class=\"column-9\">Transverso<\/td>\n<\/tr>\n<tr class=\"row-3\">\n<td class=\"column-1\">BGSG15-15<\/td>\n<td class=\"column-2\">\u226515<\/td>\n<td class=\"column-3\">\u226515<\/td>\n<td class=\"column-4\">\u226413<\/td>\n<td class=\"column-5\">\u226416<\/td>\n<td class=\"column-6\">\u22655<\/td>\n<td class=\"column-7\">\u22657<\/td>\n<td class=\"column-8\">\u22648<\/td>\n<td class=\"column-9\">\u226410<\/td>\n<\/tr>\n<tr class=\"row-4\">\n<td class=\"column-1\">BGSG20-20<\/td>\n<td class=\"column-2\">\u226520<\/td>\n<td class=\"column-3\">\u226520<\/td>\n<td class=\"column-4\">\u226413<\/td>\n<td class=\"column-5\">\u226416<\/td>\n<td class=\"column-6\">\u22658<\/td>\n<td class=\"column-7\">\u226510<\/td>\n<td class=\"column-8\">\u226410<\/td>\n<td class=\"column-9\">\u226413<\/td>\n<\/tr>\n<tr class=\"row-5\">\n<td class=\"column-1\">BGSG25-25<\/td>\n<td class=\"column-2\">\u226525<\/td>\n<td class=\"column-3\">\u226525<\/td>\n<td class=\"column-4\">\u226413<\/td>\n<td class=\"column-5\">\u226416<\/td>\n<td class=\"column-6\">\u22658<\/td>\n<td class=\"column-7\">\u226511<\/td>\n<td class=\"column-8\">\u226411<\/td>\n<td class=\"column-9\">\u226413<\/td>\n<\/tr>\n<tr class=\"row-6\">\n<td class=\"column-1\">BGSG30-30<\/td>\n<td class=\"column-2\">\u226530<\/td>\n<td class=\"column-3\">\u226530<\/td>\n<td class=\"column-4\">\u226413<\/td>\n<td class=\"column-5\">\u226416<\/td>\n<td class=\"column-6\">\u226511<\/td>\n<td class=\"column-7\">\u226513<\/td>\n<td class=\"column-8\">\u226415<\/td>\n<td class=\"column-9\">\u226415<\/td>\n<\/tr>\n<tr class=\"row-7\">\n<td class=\"column-1\">BGSG35-35<\/td>\n<td class=\"column-2\">\u226535<\/td>\n<td class=\"column-3\">\u226535<\/td>\n<td class=\"column-4\">\u226413<\/td>\n<td class=\"column-5\">\u226416<\/td>\n<td class=\"column-6\">\u226512<\/td>\n<td class=\"column-7\">\u226514<\/td>\n<td class=\"column-8\">\u226415<\/td>\n<td class=\"column-9\">\u226418<\/td>\n<\/tr>\n<tr class=\"row-8\">\n<td class=\"column-1\">BGSG40-40<\/td>\n<td class=\"column-2\">\u226540<\/td>\n<td class=\"column-3\">\u226540<\/td>\n<td class=\"column-4\">\u226413<\/td>\n<td class=\"column-5\">\u226416<\/td>\n<td class=\"column-6\">\u226513<\/td>\n<td class=\"column-7\">\u226515<\/td>\n<td class=\"column-8\">\u226416<\/td>\n<td class=\"column-9\">\u226420<\/td>\n<\/tr>\n<\/tbody>\n<\/table>\n<p><!-- #tablepress-6 from cache --><\/p>","protected":false},"featured_media":1120,"template":"","meta":{"_seopress_robots_primary_cat":"none","_seopress_titles_title":"","_seopress_titles_desc":"","_seopress_robots_index":""},"product_brand":[],"product_cat":[29],"product_tag":[],"class_list":{"0":"post-1117","1":"product","2":"type-product","3":"status-publish","4":"has-post-thumbnail","6":"product_cat-geogrid","8":"first","9":"instock","10":"shipping-taxable","11":"product-type-simple"},"_links":{"self":[{"href":"https:\/\/qianyuangeo.com\/es\/wp-json\/wp\/v2\/product\/1117","targetHints":{"allow":["GET"]}}],"collection":[{"href":"https:\/\/qianyuangeo.com\/es\/wp-json\/wp\/v2\/product"}],"about":[{"href":"https:\/\/qianyuangeo.com\/es\/wp-json\/wp\/v2\/types\/product"}],"version-history":[{"count":0,"href":"https:\/\/qianyuangeo.com\/es\/wp-json\/wp\/v2\/product\/1117\/revisions"}],"wp:featuredmedia":[{"embeddable":true,"href":"https:\/\/qianyuangeo.com\/es\/wp-json\/wp\/v2\/media\/1120"}],"wp:attachment":[{"href":"https:\/\/qianyuangeo.com\/es\/wp-json\/wp\/v2\/media?parent=1117"}],"wp:term":[{"taxonomy":"product_brand","embeddable":true,"href":"https:\/\/qianyuangeo.com\/es\/wp-json\/wp\/v2\/product_brand?post=1117"},{"taxonomy":"product_cat","embeddable":true,"href":"https:\/\/qianyuangeo.com\/es\/wp-json\/wp\/v2\/product_cat?post=1117"},{"taxonomy":"product_tag","embeddable":true,"href":"https:\/\/qianyuangeo.com\/es\/wp-json\/wp\/v2\/product_tag?post=1117"}],"curies":[{"name":"wp","href":"https:\/\/api.w.org\/{rel}","templated":true}]}}