{"id":1111,"date":"2025-03-06T08:39:54","date_gmt":"2025-03-06T08:39:54","guid":{"rendered":"https:\/\/18.138.55.241\/?post_type=product&#038;p=1111"},"modified":"2025-04-11T08:56:00","modified_gmt":"2025-04-11T08:56:00","slug":"uniaxial-plastic-geogrid-2","status":"publish","type":"product","link":"https:\/\/qianyuangeo.com\/es\/producto\/uniaxial-plastic-geogrid-2\/","title":{"rendered":"Geomalla pl\u00e1stica uniaxial"},"content":{"rendered":"<p>Una geomalla pl\u00e1stica uniaxial es una malla de pol\u00edmero de alta resistencia (generalmente de HDPE o PP) con refuerzo de tracci\u00f3n orientado principalmente en una direcci\u00f3n (longitudinal). Est\u00e1 dise\u00f1ada para mejorar la estabilidad del suelo y la distribuci\u00f3n de cargas en aplicaciones que requieren refuerzo uniaxial, como muros de contenci\u00f3n, taludes o cimentaciones de carreteras.<\/p>\n<p>Caracter\u00edsticas principales:<\/p>\n<p>Alta resistencia a la tracci\u00f3n: optimizado para soportar cargas uniaxiales.<\/p>\n<p>Ligero y flexible: f\u00e1cil de instalar en terrenos irregulares.<\/p>\n<p>Resistencia qu\u00edmica: Adecuado para entornos hostiles.<\/p>\n<p>Dise\u00f1o entrelazado: mejora la interacci\u00f3n suelo-geomaldilla.<\/p>","protected":false},"excerpt":{"rendered":"<table id=\"tablepress-8\" class=\"tablepress tablepress-id-8\">\n<thead>\n<tr class=\"row-1\">\n<td colspan=\"7\" class=\"column-1\"><\/td>\n<td class=\"column-8\"><\/td>\n<td class=\"column-9\"><\/td>\n<\/tr>\n<\/thead>\n<tbody class=\"row-striping row-hover\">\n<tr class=\"row-2\">\n<td class=\"column-1\">Propiedades<\/td>\n<td class=\"column-2\"><\/td>\n<td class=\"column-3\">BGUG25<\/td>\n<td class=\"column-4\">BGUG35<\/td>\n<td class=\"column-5\">BGUG50<\/td>\n<td class=\"column-6\">BGUG80<\/td>\n<td class=\"column-7\">BGUG110<\/td>\n<td class=\"column-8\">BGUG120<\/td>\n<td class=\"column-9\">BGUG150<\/td>\n<\/tr>\n<tr class=\"row-3\">\n<td class=\"column-1\">Ancho (m)<\/td>\n<td class=\"column-2\"><\/td>\n<td class=\"column-3\"><\/td>\n<td class=\"column-4\"><\/td>\n<td class=\"column-5\"><\/td>\n<td class=\"column-6\"><\/td>\n<td class=\"column-7\"><\/td>\n<td class=\"column-8\"><\/td>\n<td class=\"column-9\"><\/td>\n<\/tr>\n<tr class=\"row-4\">\n<td class=\"column-1\">Longitud\/rollo (m)<\/td>\n<td class=\"column-2\"><\/td>\n<td class=\"column-3\"><\/td>\n<td class=\"column-4\"><\/td>\n<td class=\"column-5\"><\/td>\n<td class=\"column-6\"><\/td>\n<td class=\"column-7\"><\/td>\n<td class=\"column-8\"><\/td>\n<td class=\"column-9\"><\/td>\n<\/tr>\n<tr class=\"row-5\">\n<td class=\"column-1\">Resistencia a la tracci\u00f3n \u2265kN\/m<\/td>\n<td class=\"column-2\">HDPE<\/td>\n<td class=\"column-3\">25<\/td>\n<td class=\"column-4\">35<\/td>\n<td class=\"column-5\">50<\/td>\n<td class=\"column-6\">80<\/td>\n<td class=\"column-7\">110<\/td>\n<td class=\"column-8\">120<\/td>\n<td class=\"column-9\">150<\/td>\n<\/tr>\n<tr class=\"row-6\">\n<td class=\"column-1\"><\/td>\n<td class=\"column-2\">P\u00c1GINAS<\/td>\n<td class=\"column-3\">25<\/td>\n<td class=\"column-4\">35<\/td>\n<td class=\"column-5\">50<\/td>\n<td class=\"column-6\">80<\/td>\n<td class=\"column-7\">110<\/td>\n<td class=\"column-8\">120<\/td>\n<td class=\"column-9\">150<\/td>\n<\/tr>\n<tr class=\"row-7\">\n<td class=\"column-1\">Elongaci\u00f3n (%)<\/td>\n<td class=\"column-2\">HDPE<\/td>\n<td class=\"column-3\"><\/td>\n<td class=\"column-4\"><\/td>\n<td class=\"column-5\">11-16<\/td>\n<td class=\"column-6\"><\/td>\n<td class=\"column-7\"><\/td>\n<td class=\"column-8\"><\/td>\n<td class=\"column-9\"><\/td>\n<\/tr>\n<tr class=\"row-8\">\n<td class=\"column-1\"><\/td>\n<td class=\"column-2\">P\u00c1GINAS<\/td>\n<td class=\"column-3\"><\/td>\n<td class=\"column-4\"><\/td>\n<td class=\"column-5\">10<\/td>\n<td class=\"column-6\"><\/td>\n<td class=\"column-7\"><\/td>\n<td class=\"column-8\"><\/td>\n<td class=\"column-9\"><\/td>\n<\/tr>\n<tr class=\"row-9\">\n<td class=\"column-1\">Fuerza en 2%<br \/>\nelongaci\u00f3n \u2265kN\/m<\/td>\n<td class=\"column-2\">HDPE<\/td>\n<td class=\"column-3\">6<\/td>\n<td class=\"column-4\">9<\/td>\n<td class=\"column-5\">10<\/td>\n<td class=\"column-6\">23<\/td>\n<td class=\"column-7\">30<\/td>\n<td class=\"column-8\">35<\/td>\n<td class=\"column-9\">46<\/td>\n<\/tr>\n<tr class=\"row-10\">\n<td class=\"column-1\"><\/td>\n<td class=\"column-2\">P\u00c1GINAS<\/td>\n<td class=\"column-3\">7<\/td>\n<td class=\"column-4\">10<\/td>\n<td class=\"column-5\">12<\/td>\n<td class=\"column-6\">26<\/td>\n<td class=\"column-7\">32<\/td>\n<td class=\"column-8\">38<\/td>\n<td class=\"column-9\">48<\/td>\n<\/tr>\n<tr class=\"row-11\">\n<td class=\"column-1\">Fuerza en 5% <br \/>\nelongaci\u00f3n \u2265kN\/m<\/td>\n<td class=\"column-2\">HDPE<\/td>\n<td class=\"column-3\">12<\/td>\n<td class=\"column-4\">18<\/td>\n<td class=\"column-5\">25<\/td>\n<td class=\"column-6\">44<\/td>\n<td class=\"column-7\">60<\/td>\n<td class=\"column-8\">70<\/td>\n<td class=\"column-9\">87<\/td>\n<\/tr>\n<tr class=\"row-12\">\n<td class=\"column-1\"><\/td>\n<td class=\"column-2\">P\u00c1GINAS<\/td>\n<td class=\"column-3\">14<\/td>\n<td class=\"column-4\">20<\/td>\n<td class=\"column-5\">28<\/td>\n<td class=\"column-6\">48<\/td>\n<td class=\"column-7\">64<\/td>\n<td class=\"column-8\">75<\/td>\n<td class=\"column-9\">93<\/td>\n<\/tr>\n<tr class=\"row-13\">\n<td class=\"column-1\"><\/td>\n<td class=\"column-2\"><\/td>\n<td class=\"column-3\"><\/td>\n<td class=\"column-4\"><\/td>\n<td class=\"column-5\"><\/td>\n<td class=\"column-6\"><\/td>\n<td class=\"column-7\"><\/td>\n<td class=\"column-8\"><\/td>\n<td class=\"column-9\"><\/td>\n<\/tr>\n<\/tbody>\n<\/table>\n<p><!-- #tablepress-8 from cache --><\/p>","protected":false},"featured_media":1868,"template":"","meta":{"_seopress_robots_primary_cat":"none","_seopress_titles_title":"Uniaxial Plastic Geogrids | Soil Reinforcement HDPE Geogrid","_seopress_titles_desc":"Premium Uniaxial Plastic Geogrids designed for soil reinforcement in retaining walls, slopes, and foundations. Lightweight and durable. Inquire now!","_seopress_robots_index":""},"product_brand":[],"product_cat":[29],"product_tag":[],"class_list":{"0":"post-1111","1":"product","2":"type-product","3":"status-publish","4":"has-post-thumbnail","6":"product_cat-geogrid","8":"first","9":"instock","10":"shipping-taxable","11":"product-type-simple"},"_links":{"self":[{"href":"https:\/\/qianyuangeo.com\/es\/wp-json\/wp\/v2\/product\/1111","targetHints":{"allow":["GET"]}}],"collection":[{"href":"https:\/\/qianyuangeo.com\/es\/wp-json\/wp\/v2\/product"}],"about":[{"href":"https:\/\/qianyuangeo.com\/es\/wp-json\/wp\/v2\/types\/product"}],"version-history":[{"count":0,"href":"https:\/\/qianyuangeo.com\/es\/wp-json\/wp\/v2\/product\/1111\/revisions"}],"wp:featuredmedia":[{"embeddable":true,"href":"https:\/\/qianyuangeo.com\/es\/wp-json\/wp\/v2\/media\/1868"}],"wp:attachment":[{"href":"https:\/\/qianyuangeo.com\/es\/wp-json\/wp\/v2\/media?parent=1111"}],"wp:term":[{"taxonomy":"product_brand","embeddable":true,"href":"https:\/\/qianyuangeo.com\/es\/wp-json\/wp\/v2\/product_brand?post=1111"},{"taxonomy":"product_cat","embeddable":true,"href":"https:\/\/qianyuangeo.com\/es\/wp-json\/wp\/v2\/product_cat?post=1111"},{"taxonomy":"product_tag","embeddable":true,"href":"https:\/\/qianyuangeo.com\/es\/wp-json\/wp\/v2\/product_tag?post=1111"}],"curies":[{"name":"wp","href":"https:\/\/api.w.org\/{rel}","templated":true}]}}