{"id":1102,"date":"2025-03-06T08:32:12","date_gmt":"2025-03-06T08:32:12","guid":{"rendered":"https:\/\/18.138.55.241\/?post_type=product&#038;p=1102"},"modified":"2025-04-10T08:57:30","modified_gmt":"2025-04-10T08:57:30","slug":"smooth-geomembrane","status":"publish","type":"product","link":"https:\/\/qianyuangeo.com\/es\/producto\/smooth-geomembrane\/","title":{"rendered":"Geomembrana lisa"},"content":{"rendered":"<p>Una geomembrana lisa es un revestimiento sint\u00e9tico impermeable de alto rendimiento, fabricado con polietileno de alta densidad (HDPE), polietileno lineal de baja densidad (LLDPE) o cloruro de polivinilo (PVC). Caracterizada por su superficie plana y sin textura, proporciona una excelente barrera contra la migraci\u00f3n de l\u00edquidos y gases. Ampliamente utilizadas en aplicaciones de contenci\u00f3n, revestimiento e impermeabilizaci\u00f3n, las geomembranas lisas son apreciadas por su baja permeabilidad, flexibilidad y durabilidad a largo plazo, tanto en entornos expuestos como enterrados.<\/p>","protected":false},"excerpt":{"rendered":"<table id=\"tablepress-11\" class=\"tablepress tablepress-id-11\">\n<thead>\n<tr class=\"row-1\">\n<td class=\"column-1\"><\/td>\n<td class=\"column-2\"><\/td>\n<td class=\"column-3\"><\/td>\n<th class=\"column-4\">Unidad<\/th>\n<th class=\"column-5\">Est\u00e1ndar<\/th>\n<th class=\"column-6\">Frecuencia de prueba<\/th>\n<td class=\"column-7\"><\/td>\n<td class=\"column-8\"><\/td>\n<td class=\"column-9\"><\/td>\n<td class=\"column-10\"><\/td>\n<td class=\"column-11\"><\/td>\n<td class=\"column-12\"><\/td>\n<td class=\"column-13\"><\/td>\n<td class=\"column-14\"><\/td>\n<td class=\"column-15\"><\/td>\n<td class=\"column-16\"><\/td>\n<\/tr>\n<\/thead>\n<tbody class=\"row-striping row-hover\">\n<tr class=\"row-2\">\n<td class=\"column-1\">Propiedades mec\u00e1nicas<\/td>\n<td class=\"column-2\">Espesor<\/td>\n<td class=\"column-3\"><\/td>\n<td class=\"column-4\">mm<\/td>\n<td class=\"column-5\">ASTM D5199<\/td>\n<td class=\"column-6\">0.2<\/td>\n<td class=\"column-7\">0.3<\/td>\n<td class=\"column-8\">0.5<\/td>\n<td class=\"column-9\">0.75<\/td>\n<td class=\"column-10\">1.00<\/td>\n<td class=\"column-11\">1.25<\/td>\n<td class=\"column-12\">1.50<\/td>\n<td class=\"column-13\">2.00<\/td>\n<td class=\"column-14\">2.50<\/td>\n<td class=\"column-15\">3.00<\/td>\n<td class=\"column-16\">Por rollo<\/td>\n<\/tr>\n<tr class=\"row-3\">\n<td class=\"column-1\"><\/td>\n<td class=\"column-2\">Densidad<\/td>\n<td class=\"column-3\"><\/td>\n<td class=\"column-4\">g\/cc<\/td>\n<td class=\"column-5\">ASTM D1505\/D792<\/td>\n<td class=\"column-6\">0.94<\/td>\n<td class=\"column-7\"><\/td>\n<td class=\"column-8\"><\/td>\n<td class=\"column-9\"><\/td>\n<td class=\"column-10\"><\/td>\n<td class=\"column-11\"><\/td>\n<td class=\"column-12\"><\/td>\n<td class=\"column-13\"><\/td>\n<td class=\"column-14\"><\/td>\n<td class=\"column-15\"><\/td>\n<td class=\"column-16\">90.000 kilogramos<\/td>\n<\/tr>\n<tr class=\"row-4\">\n<td class=\"column-1\"><\/td>\n<td class=\"column-2\">Propiedades de tracci\u00f3n<br \/>\n\u00b7 l\u00edmite el\u00e1stico<br \/>\n\u00b7 resistencia a la rotura<br \/>\n\u00b7 alargamiento de fluencia<br \/>\n\u00b7 alargamiento de rotura<\/td>\n<td class=\"column-3\"><\/td>\n<td class=\"column-4\">kN\/m<br \/>\nkN\/m<br \/>\n%<br \/>\n%<\/td>\n<td class=\"column-5\">      ASTM D 6693<br \/>\n Tipo IV<\/td>\n<td class=\"column-6\">  3<br \/>\n   5<br \/>\n   12<br \/>\n   700<\/td>\n<td class=\"column-7\">  5<br \/>\n   8<br \/>\n   12<br \/>\n   700<\/td>\n<td class=\"column-8\">  7<br \/>\n   13<br \/>\n   12<br \/>\n   700<\/td>\n<td class=\"column-9\"> 11<br \/>\n20<br \/>\n12<br \/>\n700<\/td>\n<td class=\"column-10\"> 15<br \/>\n27<br \/>\n12<br \/>\n700<\/td>\n<td class=\"column-11\"> 18<br \/>\n33<br \/>\n12<br \/>\n700<\/td>\n<td class=\"column-12\"> 22<br \/>\n40<br \/>\n12<br \/>\n700<\/td>\n<td class=\"column-13\"> 29<br \/>\n53<br \/>\n12<br \/>\n700<\/td>\n<td class=\"column-14\"> 37<br \/>\n67<br \/>\n12<br \/>\n700<\/td>\n<td class=\"column-15\"> 44<br \/>\n80<br \/>\n12<br \/>\n700<\/td>\n<td class=\"column-16\">9.000 kilos<\/td>\n<\/tr>\n<tr class=\"row-5\">\n<td class=\"column-1\"><\/td>\n<td class=\"column-2\">Resistencia al desgarro<\/td>\n<td class=\"column-3\"><\/td>\n<td class=\"column-4\">norte<\/td>\n<td class=\"column-5\">ASTM D 1004<\/td>\n<td class=\"column-6\">25<\/td>\n<td class=\"column-7\">38<\/td>\n<td class=\"column-8\">62<\/td>\n<td class=\"column-9\">93<\/td>\n<td class=\"column-10\">125<\/td>\n<td class=\"column-11\">156<\/td>\n<td class=\"column-12\">187<\/td>\n<td class=\"column-13\">249<\/td>\n<td class=\"column-14\">311<\/td>\n<td class=\"column-15\">374<\/td>\n<td class=\"column-16\">20.000 kilos<\/td>\n<\/tr>\n<tr class=\"row-6\">\n<td class=\"column-1\"><\/td>\n<td class=\"column-2\">Resistencia a la perforaci\u00f3n<\/td>\n<td class=\"column-3\"><\/td>\n<td class=\"column-4\">norte<\/td>\n<td class=\"column-5\">ASTM D 4833<\/td>\n<td class=\"column-6\">64<\/td>\n<td class=\"column-7\">96<\/td>\n<td class=\"column-8\">160<\/td>\n<td class=\"column-9\">240<\/td>\n<td class=\"column-10\">320<\/td>\n<td class=\"column-11\">400<\/td>\n<td class=\"column-12\">480<\/td>\n<td class=\"column-13\">640<\/td>\n<td class=\"column-14\">800<\/td>\n<td class=\"column-15\">960<\/td>\n<td class=\"column-16\">20.000 kilos<\/td>\n<\/tr>\n<tr class=\"row-7\">\n<td class=\"column-1\"><\/td>\n<td class=\"column-2\">Resistencia al agrietamiento por tensi\u00f3n<\/td>\n<td class=\"column-3\"><\/td>\n<td class=\"column-4\">hora<\/td>\n<td class=\"column-5\">ASTM D 5397<\/td>\n<td class=\"column-6\"><\/td>\n<td class=\"column-7\"><\/td>\n<td class=\"column-8\"><\/td>\n<td class=\"column-9\"><\/td>\n<td class=\"column-10\"><\/td>\n<td class=\"column-11\">500 horas.<\/td>\n<td class=\"column-12\"><\/td>\n<td class=\"column-13\"><\/td>\n<td class=\"column-14\"><\/td>\n<td class=\"column-15\"><\/td>\n<td class=\"column-16\">seg\u00fan GRI GM-10<\/td>\n<\/tr>\n<tr class=\"row-8\">\n<td class=\"column-1\"><\/td>\n<td class=\"column-2\">Contenido de negro de carb\u00f3n<\/td>\n<td class=\"column-3\"><\/td>\n<td class=\"column-4\">%<\/td>\n<td class=\"column-5\">ASTM D 4218<\/td>\n<td class=\"column-6\"><\/td>\n<td class=\"column-7\"><\/td>\n<td class=\"column-8\"><\/td>\n<td class=\"column-9\"><\/td>\n<td class=\"column-10\"><\/td>\n<td class=\"column-11\">2.0-3.0%<\/td>\n<td class=\"column-12\"><\/td>\n<td class=\"column-13\"><\/td>\n<td class=\"column-14\"><\/td>\n<td class=\"column-15\"><\/td>\n<td class=\"column-16\">9.000 kilos<\/td>\n<\/tr>\n<tr class=\"row-9\">\n<td class=\"column-1\"><\/td>\n<td class=\"column-2\">Dispersi\u00f3n de negro de carb\u00f3n<\/td>\n<td class=\"column-3\"><\/td>\n<td class=\"column-4\"><\/td>\n<td class=\"column-5\">ASTM D 5596<\/td>\n<td class=\"column-6\"><\/td>\n<td class=\"column-7\"><\/td>\n<td class=\"column-8\"><\/td>\n<td class=\"column-9\"><\/td>\n<td class=\"column-10\"><\/td>\n<td class=\"column-11\">Para 10 vistas diferentes: 9 en las categor\u00edas 1 o 2 y 1 en la categor\u00eda 3<\/td>\n<td class=\"column-12\"><\/td>\n<td class=\"column-13\"><\/td>\n<td class=\"column-14\"><\/td>\n<td class=\"column-15\"><\/td>\n<td class=\"column-16\">20.000 kilos<\/td>\n<\/tr>\n<tr class=\"row-10\">\n<td class=\"column-1\">Propiedades de referencia<\/td>\n<td class=\"column-2\">Tiempo de inducci\u00f3n oxidativa (a) OIT est\u00e1ndar<br \/>\n(b) OIT de alta presi\u00f3n<\/td>\n<td class=\"column-3\"><\/td>\n<td class=\"column-4\">m\u00edn.<\/td>\n<td class=\"column-5\">      ASTM D 3895<br \/>\n      ASTM D 5885<\/td>\n<td class=\"column-6\"><\/td>\n<td class=\"column-7\"><\/td>\n<td class=\"column-8\"><\/td>\n<td class=\"column-9\"><\/td>\n<td class=\"column-10\"><\/td>\n<td class=\"column-11\">100 minutos.<br \/>\n500 minutos.<\/td>\n<td class=\"column-12\"><\/td>\n<td class=\"column-13\"><\/td>\n<td class=\"column-14\"><\/td>\n<td class=\"column-15\"><\/td>\n<td class=\"column-16\">90.000 kilogramos<\/td>\n<\/tr>\n<tr class=\"row-11\">\n<td class=\"column-1\"><\/td>\n<td class=\"column-2\">Envejecimiento en horno a 85\u00b0C conservado despu\u00e9s de 90 d\u00edas<br \/>\n(a) OIT est\u00e1ndar \u2013 %<br \/>\n(b) OIT de alta presi\u00f3n \u2013 %<\/td>\n<td class=\"column-3\"><\/td>\n<td class=\"column-4\">%<\/td>\n<td class=\"column-5\">      ASTM D 5721<br \/>\n      ASTM D 3895<br \/>\n      ASTM D 5885<\/td>\n<td class=\"column-6\"><\/td>\n<td class=\"column-7\"><\/td>\n<td class=\"column-8\"><\/td>\n<td class=\"column-9\"><\/td>\n<td class=\"column-10\"><\/td>\n<td class=\"column-11\">\n55%<br \/>\n80%<\/td>\n<td class=\"column-12\"><\/td>\n<td class=\"column-13\"><\/td>\n<td class=\"column-14\"><\/td>\n<td class=\"column-15\"><\/td>\n<td class=\"column-16\">por cada formulaci\u00f3n<\/td>\n<\/tr>\n<tr class=\"row-12\">\n<td class=\"column-1\"><\/td>\n<td class=\"column-2\">Resistencia a los rayos UV<br \/>\nOIT de alta presi\u00f3n \u2013 % retenido<\/td>\n<td class=\"column-3\"><\/td>\n<td class=\"column-4\">%<\/td>\n<td class=\"column-5\">ASTM D 5885<\/td>\n<td class=\"column-6\"><\/td>\n<td class=\"column-7\"><\/td>\n<td class=\"column-8\"><\/td>\n<td class=\"column-9\"><\/td>\n<td class=\"column-10\"><\/td>\n<td class=\"column-11\">50%<\/td>\n<td class=\"column-12\"><\/td>\n<td class=\"column-13\"><\/td>\n<td class=\"column-14\"><\/td>\n<td class=\"column-15\"><\/td>\n<td class=\"column-16\">por cada formulaci\u00f3n<\/td>\n<\/tr>\n<tr class=\"row-13\">\n<td class=\"column-1\"><\/td>\n<td class=\"column-2\">\u00cdndice de fusi\u00f3n, condici\u00f3n 190\u00b0C\/2,16 kg<\/td>\n<td class=\"column-3\"><\/td>\n<td class=\"column-4\"><\/td>\n<td class=\"column-5\">ASTM D1238<\/td>\n<td class=\"column-6\"><\/td>\n<td class=\"column-7\"><\/td>\n<td class=\"column-8\"><\/td>\n<td class=\"column-9\"><\/td>\n<td class=\"column-10\"><\/td>\n<td class=\"column-11\">0,20 g\/10 min<\/td>\n<td class=\"column-12\"><\/td>\n<td class=\"column-13\"><\/td>\n<td class=\"column-14\"><\/td>\n<td class=\"column-15\"><\/td>\n<td class=\"column-16\"><\/td>\n<\/tr>\n<\/tbody>\n<\/table>\n<p><!-- #tablepress-11 from cache --><\/p>","protected":false},"featured_media":1105,"template":"","meta":{"_seopress_robots_primary_cat":"none","_seopress_titles_title":"Smooth Geomembrane Liners | HDPE & LLDPE Waterproof Barriers","_seopress_titles_desc":"Reliable Smooth Geomembrane Liners offering superior waterproofing and containment solutions for industrial and environmental projects. Contact today!","_seopress_robots_index":""},"product_brand":[],"product_cat":[37],"product_tag":[],"class_list":{"0":"post-1102","1":"product","2":"type-product","3":"status-publish","4":"has-post-thumbnail","6":"product_cat-geomembrane","8":"first","9":"instock","10":"shipping-taxable","11":"product-type-simple"},"_links":{"self":[{"href":"https:\/\/qianyuangeo.com\/es\/wp-json\/wp\/v2\/product\/1102","targetHints":{"allow":["GET"]}}],"collection":[{"href":"https:\/\/qianyuangeo.com\/es\/wp-json\/wp\/v2\/product"}],"about":[{"href":"https:\/\/qianyuangeo.com\/es\/wp-json\/wp\/v2\/types\/product"}],"version-history":[{"count":0,"href":"https:\/\/qianyuangeo.com\/es\/wp-json\/wp\/v2\/product\/1102\/revisions"}],"wp:featuredmedia":[{"embeddable":true,"href":"https:\/\/qianyuangeo.com\/es\/wp-json\/wp\/v2\/media\/1105"}],"wp:attachment":[{"href":"https:\/\/qianyuangeo.com\/es\/wp-json\/wp\/v2\/media?parent=1102"}],"wp:term":[{"taxonomy":"product_brand","embeddable":true,"href":"https:\/\/qianyuangeo.com\/es\/wp-json\/wp\/v2\/product_brand?post=1102"},{"taxonomy":"product_cat","embeddable":true,"href":"https:\/\/qianyuangeo.com\/es\/wp-json\/wp\/v2\/product_cat?post=1102"},{"taxonomy":"product_tag","embeddable":true,"href":"https:\/\/qianyuangeo.com\/es\/wp-json\/wp\/v2\/product_tag?post=1102"}],"curies":[{"name":"wp","href":"https:\/\/api.w.org\/{rel}","templated":true}]}}