{"id":1079,"date":"2025-03-06T08:11:14","date_gmt":"2025-03-06T08:11:14","guid":{"rendered":"https:\/\/18.138.55.241\/?post_type=product&#038;p=1079"},"modified":"2025-04-11T08:57:13","modified_gmt":"2025-04-11T08:57:13","slug":"filament-nonwoven-geotextile","status":"publish","type":"product","link":"https:\/\/qianyuangeo.com\/es\/producto\/filament-nonwoven-geotextile\/","title":{"rendered":"Geotextil no tejido de filamentos"},"content":{"rendered":"<p>El geotextil no tejido de filamentos es un tejido sint\u00e9tico de alto rendimiento dise\u00f1ado mediante el entrelazado de filamentos continuos de poli\u00e9ster (PET) o polipropileno (PP) mediante punzonado o uni\u00f3n t\u00e9rmica. A diferencia de los geotextiles de fibra corta, su estructura de filamento continuo garantiza una resistencia a la tracci\u00f3n, durabilidad y uniformidad superiores, lo que lo hace ideal para aplicaciones exigentes de ingenier\u00eda civil, medio ambiente e infraestructura.<br \/>\nCaracter\u00edsticas principales<br \/>\nResistencia a la tracci\u00f3n excepcional: Resiste elongaci\u00f3n y deformaci\u00f3n bajo cargas pesadas.<br \/>\nEstructura uniforme: garantiza un rendimiento consistente de filtraci\u00f3n, drenaje y separaci\u00f3n.<br \/>\nResistencia a la perforaci\u00f3n y a la abrasi\u00f3n: soporta duras condiciones de instalaci\u00f3n y estr\u00e9s mec\u00e1nico a largo plazo.<br \/>\nInercia qu\u00edmica y biol\u00f3gica: Resiste la degradaci\u00f3n de los productos qu\u00edmicos del suelo, \u00e1cidos, \u00e1lcalis y microorganismos.<br \/>\nEstabilizaci\u00f3n UV: Tratamiento opcional para exposici\u00f3n prolongada al aire libre.<br \/>\nAlta permeabilidad: Permite un flujo de agua eficiente reteniendo part\u00edculas finas del suelo.<\/p>","protected":false},"excerpt":{"rendered":"<table id=\"tablepress-12\" class=\"tablepress tablepress-id-12\">\n<thead>\n<tr class=\"row-1\">\n<th class=\"column-1\">Presupuesto<\/th>\n<th class=\"column-2\">M\u00e9todo de prueba<\/th>\n<th class=\"column-3\">Unidad<\/th>\n<th class=\"column-4\">BTF100<\/th>\n<th class=\"column-5\">BTF150<\/th>\n<th class=\"column-6\">BTF200<\/th>\n<th class=\"column-7\">BTF250<\/th>\n<th class=\"column-8\">BTF300<\/th>\n<th class=\"column-9\">BTF350<\/th>\n<th class=\"column-10\">BTF400<\/th>\n<th class=\"column-11\">BTF450<\/th>\n<th class=\"column-12\">BTF500<\/th>\n<th class=\"column-13\">BTF600<\/th>\n<\/tr>\n<\/thead>\n<tbody class=\"row-striping row-hover\">\n<tr class=\"row-2\">\n<td class=\"column-1\"><\/td>\n<td class=\"column-2\"><\/td>\n<td class=\"column-3\"><\/td>\n<td class=\"column-4\"><\/td>\n<td class=\"column-5\"><\/td>\n<td class=\"column-6\"><\/td>\n<td class=\"column-7\">Propiedades del \u00edndice<\/td>\n<td class=\"column-8\"><\/td>\n<td class=\"column-9\"><\/td>\n<td class=\"column-10\"><\/td>\n<td class=\"column-11\"><\/td>\n<td class=\"column-12\"><\/td>\n<td class=\"column-13\"><\/td>\n<\/tr>\n<tr class=\"row-3\">\n<td class=\"column-1\">Resistencia m\u00e1xima a la tracci\u00f3n, MD<\/td>\n<td class=\"column-2\">ASTM D4595<\/td>\n<td class=\"column-3\">kN\/m<\/td>\n<td class=\"column-4\">7<\/td>\n<td class=\"column-5\">11<\/td>\n<td class=\"column-6\">14<\/td>\n<td class=\"column-7\">17<\/td>\n<td class=\"column-8\">19<\/td>\n<td class=\"column-9\">24<\/td>\n<td class=\"column-10\">27<\/td>\n<td class=\"column-11\">30<\/td>\n<td class=\"column-12\">37<\/td>\n<td class=\"column-13\">41<\/td>\n<\/tr>\n<tr class=\"row-4\">\n<td class=\"column-1\">Resistencia m\u00e1xima a la tracci\u00f3n, TD<\/td>\n<td class=\"column-2\">ASTM D4595<\/td>\n<td class=\"column-3\">kN\/m<\/td>\n<td class=\"column-4\">6<\/td>\n<td class=\"column-5\">10<\/td>\n<td class=\"column-6\">12<\/td>\n<td class=\"column-7\">15<\/td>\n<td class=\"column-8\">17<\/td>\n<td class=\"column-9\">21<\/td>\n<td class=\"column-10\">25<\/td>\n<td class=\"column-11\">28<\/td>\n<td class=\"column-12\">34<\/td>\n<td class=\"column-13\">38<\/td>\n<\/tr>\n<tr class=\"row-5\">\n<td class=\"column-1\">Elongaci\u00f3n por tracci\u00f3n<\/td>\n<td class=\"column-2\">ASTM D4595<\/td>\n<td class=\"column-3\">%<\/td>\n<td class=\"column-4\">45<\/td>\n<td class=\"column-5\">45<\/td>\n<td class=\"column-6\">50<\/td>\n<td class=\"column-7\">50<\/td>\n<td class=\"column-8\">50<\/td>\n<td class=\"column-9\">60<\/td>\n<td class=\"column-10\">60<\/td>\n<td class=\"column-11\">60<\/td>\n<td class=\"column-12\">60<\/td>\n<td class=\"column-13\">60<\/td>\n<\/tr>\n<tr class=\"row-6\">\n<td class=\"column-1\">Resistencia a la tracci\u00f3n de agarre, MD<\/td>\n<td class=\"column-2\">ASTM D4632<\/td>\n<td class=\"column-3\">norte<\/td>\n<td class=\"column-4\">400<\/td>\n<td class=\"column-5\">600<\/td>\n<td class=\"column-6\">850<\/td>\n<td class=\"column-7\">1000<\/td>\n<td class=\"column-8\">1250<\/td>\n<td class=\"column-9\">1450<\/td>\n<td class=\"column-10\">1700<\/td>\n<td class=\"column-11\">1900<\/td>\n<td class=\"column-12\">2100<\/td>\n<td class=\"column-13\">2500<\/td>\n<\/tr>\n<tr class=\"row-7\">\n<td class=\"column-1\">Resistencia a la tracci\u00f3n por agarre, TD<\/td>\n<td class=\"column-2\">ASTM D4632<\/td>\n<td class=\"column-3\">norte<\/td>\n<td class=\"column-4\">350<\/td>\n<td class=\"column-5\">550<\/td>\n<td class=\"column-6\">700<\/td>\n<td class=\"column-7\">900<\/td>\n<td class=\"column-8\">1100<\/td>\n<td class=\"column-9\">1250<\/td>\n<td class=\"column-10\">1450<\/td>\n<td class=\"column-11\">1600<\/td>\n<td class=\"column-12\">1800<\/td>\n<td class=\"column-13\">2150<\/td>\n<\/tr>\n<tr class=\"row-8\">\n<td class=\"column-1\">Alargamiento de agarre<\/td>\n<td class=\"column-2\">ASTM D4632<\/td>\n<td class=\"column-3\">%<\/td>\n<td class=\"column-4\">45<\/td>\n<td class=\"column-5\">45<\/td>\n<td class=\"column-6\">50<\/td>\n<td class=\"column-7\">50<\/td>\n<td class=\"column-8\">50<\/td>\n<td class=\"column-9\">60<\/td>\n<td class=\"column-10\">60<\/td>\n<td class=\"column-11\">60<\/td>\n<td class=\"column-12\">60<\/td>\n<td class=\"column-13\">60<\/td>\n<\/tr>\n<tr class=\"row-9\">\n<td class=\"column-1\">Resistencia al desgarro trapezoidal, MD<\/td>\n<td class=\"column-2\">ASTM D4533<\/td>\n<td class=\"column-3\">norte<\/td>\n<td class=\"column-4\">160<\/td>\n<td class=\"column-5\">300<\/td>\n<td class=\"column-6\">350<\/td>\n<td class=\"column-7\">430<\/td>\n<td class=\"column-8\">490<\/td>\n<td class=\"column-9\">540<\/td>\n<td class=\"column-10\">630<\/td>\n<td class=\"column-11\">710<\/td>\n<td class=\"column-12\">770<\/td>\n<td class=\"column-13\">920<\/td>\n<\/tr>\n<tr class=\"row-10\">\n<td class=\"column-1\">Resistencia al desgarro trapezoidal, TD<\/td>\n<td class=\"column-2\">ASTM D4533<\/td>\n<td class=\"column-3\">norte<\/td>\n<td class=\"column-4\">140<\/td>\n<td class=\"column-5\">270<\/td>\n<td class=\"column-6\">330<\/td>\n<td class=\"column-7\">400<\/td>\n<td class=\"column-8\">450<\/td>\n<td class=\"column-9\">510<\/td>\n<td class=\"column-10\">610<\/td>\n<td class=\"column-11\">690<\/td>\n<td class=\"column-12\">750<\/td>\n<td class=\"column-13\">900<\/td>\n<\/tr>\n<tr class=\"row-11\">\n<td class=\"column-1\">Resistencia a la perforaci\u00f3n CBR<\/td>\n<td class=\"column-2\">ASTM D6241<\/td>\n<td class=\"column-3\">norte<\/td>\n<td class=\"column-4\">1000<\/td>\n<td class=\"column-5\">1800<\/td>\n<td class=\"column-6\">2300<\/td>\n<td class=\"column-7\">2700<\/td>\n<td class=\"column-8\">3200<\/td>\n<td class=\"column-9\">3600<\/td>\n<td class=\"column-10\">4400<\/td>\n<td class=\"column-11\">4800<\/td>\n<td class=\"column-12\">5800<\/td>\n<td class=\"column-13\">6900<\/td>\n<\/tr>\n<tr class=\"row-12\">\n<td class=\"column-1\">Tama\u00f1o de apertura aparente O90<\/td>\n<td class=\"column-2\">ASTM D4751<\/td>\n<td class=\"column-3\">mm<\/td>\n<td class=\"column-4\">0.12<\/td>\n<td class=\"column-5\">0.11<\/td>\n<td class=\"column-6\">0.11<\/td>\n<td class=\"column-7\">0.10<\/td>\n<td class=\"column-8\">0.09<\/td>\n<td class=\"column-9\">0.09<\/td>\n<td class=\"column-10\">0.08<\/td>\n<td class=\"column-11\">0.08<\/td>\n<td class=\"column-12\">0.08<\/td>\n<td class=\"column-13\">0.08<\/td>\n<\/tr>\n<tr class=\"row-13\">\n<td class=\"column-1\">Flujo de agua Q100<\/td>\n<td class=\"column-2\">ASTM D4491<\/td>\n<td class=\"column-3\">L\/m2\/s<\/td>\n<td class=\"column-4\">250<\/td>\n<td class=\"column-5\">235<\/td>\n<td class=\"column-6\">220<\/td>\n<td class=\"column-7\">200<\/td>\n<td class=\"column-8\">185<\/td>\n<td class=\"column-9\">165<\/td>\n<td class=\"column-10\">125<\/td>\n<td class=\"column-11\">110<\/td>\n<td class=\"column-12\">90<\/td>\n<td class=\"column-13\">80<\/td>\n<\/tr>\n<tr class=\"row-14\">\n<td class=\"column-1\">Peso<\/td>\n<td class=\"column-2\">ASTM D5261<\/td>\n<td class=\"column-3\">g\/m2<\/td>\n<td class=\"column-4\">100<\/td>\n<td class=\"column-5\">150<\/td>\n<td class=\"column-6\">200<\/td>\n<td class=\"column-7\">250<\/td>\n<td class=\"column-8\">300<\/td>\n<td class=\"column-9\">350<\/td>\n<td class=\"column-10\">400<\/td>\n<td class=\"column-11\">450<\/td>\n<td class=\"column-12\">500<\/td>\n<td class=\"column-13\">600<\/td>\n<\/tr>\n<tr class=\"row-15\">\n<td class=\"column-1\">Espesor<\/td>\n<td class=\"column-2\">ASTM D5199<\/td>\n<td class=\"column-3\">mm<\/td>\n<td class=\"column-4\">1.2<\/td>\n<td class=\"column-5\">1.8<\/td>\n<td class=\"column-6\">2.3<\/td>\n<td class=\"column-7\">2.9<\/td>\n<td class=\"column-8\">3.2<\/td>\n<td class=\"column-9\">3.6<\/td>\n<td class=\"column-10\">3.9<\/td>\n<td class=\"column-11\">4.2<\/td>\n<td class=\"column-12\">4.4<\/td>\n<td class=\"column-13\">4.8<\/td>\n<\/tr>\n<tr class=\"row-16\">\n<td class=\"column-1\">Ancho del rollo<\/td>\n<td class=\"column-2\">&#8211;<\/td>\n<td class=\"column-3\">metro<\/td>\n<td class=\"column-4\">6<\/td>\n<td class=\"column-5\">6<\/td>\n<td class=\"column-6\">6<\/td>\n<td class=\"column-7\">6<\/td>\n<td class=\"column-8\">6<\/td>\n<td class=\"column-9\">6<\/td>\n<td class=\"column-10\">6<\/td>\n<td class=\"column-11\">6<\/td>\n<td class=\"column-12\">6<\/td>\n<td class=\"column-13\">6<\/td>\n<\/tr>\n<tr class=\"row-17\">\n<td class=\"column-1\">Longitud del rollo<\/td>\n<td class=\"column-2\">&#8211;<\/td>\n<td class=\"column-3\">metro<\/td>\n<td class=\"column-4\">300<\/td>\n<td class=\"column-5\">200<\/td>\n<td class=\"column-6\">150<\/td>\n<td class=\"column-7\">100<\/td>\n<td class=\"column-8\">100<\/td>\n<td class=\"column-9\">100<\/td>\n<td class=\"column-10\">80<\/td>\n<td class=\"column-11\">80<\/td>\n<td class=\"column-12\">50<\/td>\n<td class=\"column-13\">50<\/td>\n<\/tr>\n<\/tbody>\n<\/table>\n<p><!-- #tablepress-12 from cache --><\/p>","protected":false},"featured_media":1082,"template":"","meta":{"_seopress_robots_primary_cat":"none","_seopress_titles_title":"Filament Nonwoven Geotextiles | Superior Strength & Filtration","_seopress_titles_desc":"Top-grade Filament Nonwoven Geotextiles providing exceptional tensile strength and reliable filtration for infrastructure projects. Contact for details!","_seopress_robots_index":""},"product_brand":[],"product_cat":[38],"product_tag":[],"class_list":{"0":"post-1079","1":"product","2":"type-product","3":"status-publish","4":"has-post-thumbnail","6":"product_cat-geotextile","8":"first","9":"instock","10":"shipping-taxable","11":"product-type-simple"},"_links":{"self":[{"href":"https:\/\/qianyuangeo.com\/es\/wp-json\/wp\/v2\/product\/1079","targetHints":{"allow":["GET"]}}],"collection":[{"href":"https:\/\/qianyuangeo.com\/es\/wp-json\/wp\/v2\/product"}],"about":[{"href":"https:\/\/qianyuangeo.com\/es\/wp-json\/wp\/v2\/types\/product"}],"version-history":[{"count":0,"href":"https:\/\/qianyuangeo.com\/es\/wp-json\/wp\/v2\/product\/1079\/revisions"}],"wp:featuredmedia":[{"embeddable":true,"href":"https:\/\/qianyuangeo.com\/es\/wp-json\/wp\/v2\/media\/1082"}],"wp:attachment":[{"href":"https:\/\/qianyuangeo.com\/es\/wp-json\/wp\/v2\/media?parent=1079"}],"wp:term":[{"taxonomy":"product_brand","embeddable":true,"href":"https:\/\/qianyuangeo.com\/es\/wp-json\/wp\/v2\/product_brand?post=1079"},{"taxonomy":"product_cat","embeddable":true,"href":"https:\/\/qianyuangeo.com\/es\/wp-json\/wp\/v2\/product_cat?post=1079"},{"taxonomy":"product_tag","embeddable":true,"href":"https:\/\/qianyuangeo.com\/es\/wp-json\/wp\/v2\/product_tag?post=1079"}],"curies":[{"name":"wp","href":"https:\/\/api.w.org\/{rel}","templated":true}]}}