{"id":1067,"date":"2025-03-06T08:08:07","date_gmt":"2025-03-06T08:08:07","guid":{"rendered":"https:\/\/18.138.55.241\/?post_type=product&#038;p=1067"},"modified":"2025-04-11T07:53:34","modified_gmt":"2025-04-11T07:53:34","slug":"polypropylene-pp-woven-fabric","status":"publish","type":"product","link":"https:\/\/qianyuangeo.com\/es\/producto\/polypropylene-pp-woven-fabric\/","title":{"rendered":"Tejido de polipropileno (PP)"},"content":{"rendered":"<p>El tejido de polipropileno (PP), com\u00fanmente conocido como geotextil tejido de PP o l\u00e1mina tejida de PP, es un material duradero y ligero que se fabrica entrelazando cintas de polipropileno en un patr\u00f3n de urdimbre y trama. Reconocido por su alta resistencia a la tracci\u00f3n, resistencia a la perforaci\u00f3n y rentabilidad, se utiliza ampliamente en aplicaciones industriales, agr\u00edcolas y geot\u00e9cnicas. Su estructura tejida proporciona una estabilidad dimensional y una capacidad de carga excepcionales, lo que lo hace ideal para fines de refuerzo, contenci\u00f3n y protecci\u00f3n.<\/p>","protected":false},"excerpt":{"rendered":"<table id=\"tablepress-15\" class=\"tablepress tablepress-id-15\">\n<thead>\n<tr class=\"row-1\">\n<th class=\"column-1\">Propiedades<\/th>\n<th class=\"column-2\">BTW20-15<\/th>\n<th class=\"column-3\">BTW30-22<\/th>\n<th class=\"column-4\">BTW40-28<\/th>\n<th class=\"column-5\">BTW50-35<\/th>\n<th class=\"column-6\">BTW60-42<\/th>\n<th class=\"column-7\">BTW80-56<\/th>\n<th class=\"column-8\">BTW100-70<\/th>\n<\/tr>\n<\/thead>\n<tbody class=\"row-striping row-hover\">\n<tr class=\"row-2\">\n<td class=\"column-1\">Resistencia a la rotura en MD kN\/m<\/td>\n<td class=\"column-2\">20<\/td>\n<td class=\"column-3\">30<\/td>\n<td class=\"column-4\">40<\/td>\n<td class=\"column-5\">50<\/td>\n<td class=\"column-6\">60<\/td>\n<td class=\"column-7\">80<\/td>\n<td class=\"column-8\">100<\/td>\n<\/tr>\n<tr class=\"row-3\">\n<td class=\"column-1\">Resistencia a la rotura en CD kN\/m<\/td>\n<td class=\"column-2\">15<\/td>\n<td class=\"column-3\">22<\/td>\n<td class=\"column-4\">28.00<\/td>\n<td class=\"column-5\">35<\/td>\n<td class=\"column-6\">42<\/td>\n<td class=\"column-7\">56<\/td>\n<td class=\"column-8\">70<\/td>\n<\/tr>\n<tr class=\"row-4\">\n<td class=\"column-1\">Alargamiento de rotura % \u2264<\/td>\n<td class=\"column-2\"><\/td>\n<td class=\"column-3\"><\/td>\n<td class=\"column-4\"><\/td>\n<td class=\"column-5\">25%<\/td>\n<td class=\"column-6\"><\/td>\n<td class=\"column-7\"><\/td>\n<td class=\"column-8\"><\/td>\n<\/tr>\n<tr class=\"row-5\">\n<td class=\"column-1\">Resistencia al desgarro trapezoidal KN \u2265<\/td>\n<td class=\"column-2\">0.2<\/td>\n<td class=\"column-3\">0.27<\/td>\n<td class=\"column-4\">0.34<\/td>\n<td class=\"column-5\">0.41<\/td>\n<td class=\"column-6\">0.48<\/td>\n<td class=\"column-7\">0.6<\/td>\n<td class=\"column-8\">0.72<\/td>\n<\/tr>\n<tr class=\"row-6\">\n<td class=\"column-1\">Resistencia al estallido CBR kN \u2265<\/td>\n<td class=\"column-2\">1.6<\/td>\n<td class=\"column-3\">2.4<\/td>\n<td class=\"column-4\">3.2<\/td>\n<td class=\"column-5\">4<\/td>\n<td class=\"column-6\">4.8<\/td>\n<td class=\"column-7\">6<\/td>\n<td class=\"column-8\">7.5<\/td>\n<\/tr>\n<tr class=\"row-7\">\n<td class=\"column-1\">Coeficiente de permeabilidad vertical cm\/s<\/td>\n<td class=\"column-2\"><\/td>\n<td class=\"column-3\"><\/td>\n<td class=\"column-4\"><\/td>\n<td class=\"column-5\">10-1-10-3<\/td>\n<td class=\"column-6\"><\/td>\n<td class=\"column-7\"><\/td>\n<td class=\"column-8\"><\/td>\n<\/tr>\n<tr class=\"row-8\">\n<td class=\"column-1\">Tama\u00f1o del tamiz (0,95) mm<\/td>\n<td class=\"column-2\"><\/td>\n<td class=\"column-3\"><\/td>\n<td class=\"column-4\"><\/td>\n<td class=\"column-5\">0.08-0.5<\/td>\n<td class=\"column-6\"><\/td>\n<td class=\"column-7\"><\/td>\n<td class=\"column-8\"><\/td>\n<\/tr>\n<tr class=\"row-9\">\n<td class=\"column-1\">Peso unitario, g\/m2<\/td>\n<td class=\"column-2\">120<\/td>\n<td class=\"column-3\">160<\/td>\n<td class=\"column-4\">200<\/td>\n<td class=\"column-5\">240<\/td>\n<td class=\"column-6\">280<\/td>\n<td class=\"column-7\">340<\/td>\n<td class=\"column-8\">400<\/td>\n<\/tr>\n<tr class=\"row-10\">\n<td class=\"column-1\">Variaci\u00f3n,%<\/td>\n<td class=\"column-2\"><\/td>\n<td class=\"column-3\"><\/td>\n<td class=\"column-4\"><\/td>\n<td class=\"column-5\">\u00b16<\/td>\n<td class=\"column-6\"><\/td>\n<td class=\"column-7\"><\/td>\n<td class=\"column-8\"><\/td>\n<\/tr>\n<\/tbody>\n<\/table>\n<p><!-- #tablepress-15 from cache --><\/p>","protected":false},"featured_media":1856,"template":"","meta":{"_seopress_robots_primary_cat":"none","_seopress_titles_title":"PP Woven Geotextile Fabric | Durable Polypropylene Geotextiles","_seopress_titles_desc":"Explore premium PP Woven Fabrics offering high tensile strength for reinforcement and containment in geotechnical projects. Contact us today!","_seopress_robots_index":""},"product_brand":[],"product_cat":[38],"product_tag":[],"class_list":{"0":"post-1067","1":"product","2":"type-product","3":"status-publish","4":"has-post-thumbnail","6":"product_cat-geotextile","8":"first","9":"instock","10":"shipping-taxable","11":"product-type-simple"},"_links":{"self":[{"href":"https:\/\/qianyuangeo.com\/es\/wp-json\/wp\/v2\/product\/1067","targetHints":{"allow":["GET"]}}],"collection":[{"href":"https:\/\/qianyuangeo.com\/es\/wp-json\/wp\/v2\/product"}],"about":[{"href":"https:\/\/qianyuangeo.com\/es\/wp-json\/wp\/v2\/types\/product"}],"version-history":[{"count":0,"href":"https:\/\/qianyuangeo.com\/es\/wp-json\/wp\/v2\/product\/1067\/revisions"}],"wp:featuredmedia":[{"embeddable":true,"href":"https:\/\/qianyuangeo.com\/es\/wp-json\/wp\/v2\/media\/1856"}],"wp:attachment":[{"href":"https:\/\/qianyuangeo.com\/es\/wp-json\/wp\/v2\/media?parent=1067"}],"wp:term":[{"taxonomy":"product_brand","embeddable":true,"href":"https:\/\/qianyuangeo.com\/es\/wp-json\/wp\/v2\/product_brand?post=1067"},{"taxonomy":"product_cat","embeddable":true,"href":"https:\/\/qianyuangeo.com\/es\/wp-json\/wp\/v2\/product_cat?post=1067"},{"taxonomy":"product_tag","embeddable":true,"href":"https:\/\/qianyuangeo.com\/es\/wp-json\/wp\/v2\/product_tag?post=1067"}],"curies":[{"name":"wp","href":"https:\/\/api.w.org\/{rel}","templated":true}]}}