{"id":1059,"date":"2025-03-06T08:04:07","date_gmt":"2025-03-06T08:04:07","guid":{"rendered":"https:\/\/18.138.55.241\/?post_type=product&#038;p=1059"},"modified":"2025-04-11T09:01:01","modified_gmt":"2025-04-11T09:01:01","slug":"short-fiber-nonwoven-geotextile","status":"publish","type":"product","link":"https:\/\/qianyuangeo.com\/es\/producto\/short-fiber-nonwoven-geotextile\/","title":{"rendered":"Geotextil no tejido de fibra corta"},"content":{"rendered":"<p>El geotextil no tejido de fibra corta es un tejido vers\u00e1til y permeable que se fabrica mediante la punci\u00f3n de fibras cortas de poli\u00e9ster (PET) o polipropileno (PP) orientadas aleatoriamente para formar una matriz cohesiva. Esta estructura proporciona excelentes propiedades de filtraci\u00f3n, separaci\u00f3n, drenaje y protecci\u00f3n, lo que lo convierte en un componente esencial en ingenier\u00eda civil, proyectos ambientales y desarrollo de infraestructura.<br \/>\nCaracter\u00edsticas principales<br \/>\nAlta permeabilidad: facilita el flujo eficiente del agua mientras retiene las part\u00edculas del suelo.<br \/>\nResistencia a perforaciones y desgarros: resiste el estr\u00e9s mec\u00e1nico durante la instalaci\u00f3n y el uso.<br \/>\nEstabilidad qu\u00edmica: Resistente a la alcalinidad del suelo, la acidez y la degradaci\u00f3n biol\u00f3gica.<br \/>\nResistencia a los rayos UV: estabilizaci\u00f3n UV opcional para exposici\u00f3n prolongada al aire libre.<br \/>\nLigero y flexible: f\u00e1cil de cortar, manipular y adaptar a superficies irregulares.<br \/>\nAplicaciones principales<br \/>\nMaterial: Fibras cortas de poli\u00e9ster (PET) o polipropileno (PP).<br \/>\nGramaje: 100\u2013800 g\/m\u00b2 (personalizable seg\u00fan las necesidades del proyecto).<br \/>\nEspesor: 1\u20135 mm (var\u00eda seg\u00fan la densidad y el tipo de fibra).<br \/>\nResistencia a la tracci\u00f3n: 8\u201325 kN\/m (direcciones m\u00e1quina y transversal a la m\u00e1quina).<\/p>","protected":false},"excerpt":{"rendered":"<table id=\"tablepress-14\" class=\"tablepress tablepress-id-14\">\n<thead>\n<tr class=\"row-1\">\n<th class=\"column-1\">Presupuesto<\/th>\n<td class=\"column-2\"><\/td>\n<th class=\"column-3\">Unidad<\/th>\n<th class=\"column-4\">BTS10<\/th>\n<th class=\"column-5\">BTS15<\/th>\n<th class=\"column-6\">BTF20<\/th>\n<th class=\"column-7\">BTS25<\/th>\n<th class=\"column-8\">BTS30<\/th>\n<th class=\"column-9\">BTS35<\/th>\n<th class=\"column-10\">BTS40<\/th>\n<th class=\"column-11\">BTS45<\/th>\n<th class=\"column-12\">BTS50<\/th>\n<th class=\"column-13\">BTS60<\/th>\n<th class=\"column-14\">BTS80<\/th>\n<th class=\"column-15\">BTS100<\/th>\n<\/tr>\n<\/thead>\n<tbody class=\"row-striping row-hover\">\n<tr class=\"row-2\">\n<td class=\"column-1\"><\/td>\n<td class=\"column-2\">Propiedades de prueba<\/td>\n<td class=\"column-3\"><\/td>\n<td class=\"column-4\"><\/td>\n<td class=\"column-5\"><\/td>\n<td class=\"column-6\"><\/td>\n<td class=\"column-7\"><\/td>\n<td class=\"column-8\"><\/td>\n<td class=\"column-9\"><\/td>\n<td class=\"column-10\"><\/td>\n<td class=\"column-11\"><\/td>\n<td class=\"column-12\"><\/td>\n<td class=\"column-13\"><\/td>\n<td class=\"column-14\"><\/td>\n<td class=\"column-15\"><\/td>\n<\/tr>\n<tr class=\"row-3\">\n<td class=\"column-1\"><\/td>\n<td class=\"column-2\">Peso<\/td>\n<td class=\"column-3\">g\/m2<\/td>\n<td class=\"column-4\">100<\/td>\n<td class=\"column-5\">150<\/td>\n<td class=\"column-6\">200<\/td>\n<td class=\"column-7\">250<\/td>\n<td class=\"column-8\">300<\/td>\n<td class=\"column-9\">350<\/td>\n<td class=\"column-10\">400<\/td>\n<td class=\"column-11\">450<\/td>\n<td class=\"column-12\">500<\/td>\n<td class=\"column-13\">600<\/td>\n<td class=\"column-14\">800<\/td>\n<td class=\"column-15\">1000<\/td>\n<\/tr>\n<tr class=\"row-4\">\n<td class=\"column-1\"><\/td>\n<td class=\"column-2\">Variaci\u00f3n de peso<\/td>\n<td class=\"column-3\">%<\/td>\n<td class=\"column-4\">-8<\/td>\n<td class=\"column-5\">-8<\/td>\n<td class=\"column-6\">-8<\/td>\n<td class=\"column-7\">-8<\/td>\n<td class=\"column-8\">-7<\/td>\n<td class=\"column-9\">-7<\/td>\n<td class=\"column-10\">-7<\/td>\n<td class=\"column-11\">-7<\/td>\n<td class=\"column-12\">-6<\/td>\n<td class=\"column-13\">-6<\/td>\n<td class=\"column-14\">-6<\/td>\n<td class=\"column-15\">-5<\/td>\n<\/tr>\n<tr class=\"row-5\">\n<td class=\"column-1\"><\/td>\n<td class=\"column-2\">Espesor<\/td>\n<td class=\"column-3\">mm<\/td>\n<td class=\"column-4\">0.9<\/td>\n<td class=\"column-5\">1.3<\/td>\n<td class=\"column-6\">1.7<\/td>\n<td class=\"column-7\">2.1<\/td>\n<td class=\"column-8\">2.4<\/td>\n<td class=\"column-9\">2.7<\/td>\n<td class=\"column-10\">3<\/td>\n<td class=\"column-11\">3.3<\/td>\n<td class=\"column-12\">3.6<\/td>\n<td class=\"column-13\">4.1<\/td>\n<td class=\"column-14\">5<\/td>\n<td class=\"column-15\">6<\/td>\n<\/tr>\n<tr class=\"row-6\">\n<td class=\"column-1\">Propiedades mec\u00e1nicas<\/td>\n<td class=\"column-2\">Variaci\u00f3n de ancho<\/td>\n<td class=\"column-3\">%<\/td>\n<td class=\"column-4\"><\/td>\n<td class=\"column-5\"><\/td>\n<td class=\"column-6\"><\/td>\n<td class=\"column-7\"><\/td>\n<td class=\"column-8\"><\/td>\n<td class=\"column-9\"><\/td>\n<td class=\"column-10\"><\/td>\n<td class=\"column-11\">-0.5<\/td>\n<td class=\"column-12\"><\/td>\n<td class=\"column-13\"><\/td>\n<td class=\"column-14\"><\/td>\n<td class=\"column-15\"><\/td>\n<\/tr>\n<tr class=\"row-7\">\n<td class=\"column-1\"><\/td>\n<td class=\"column-2\">Resistencia a la rotura<\/td>\n<td class=\"column-3\">KN\/m<\/td>\n<td class=\"column-4\">2.5<\/td>\n<td class=\"column-5\">4.5<\/td>\n<td class=\"column-6\">6.5<\/td>\n<td class=\"column-7\">8<\/td>\n<td class=\"column-8\">9.5<\/td>\n<td class=\"column-9\">11<\/td>\n<td class=\"column-10\">12.5<\/td>\n<td class=\"column-11\">14<\/td>\n<td class=\"column-12\">16<\/td>\n<td class=\"column-13\">19<\/td>\n<td class=\"column-14\">25<\/td>\n<td class=\"column-15\">40<\/td>\n<\/tr>\n<tr class=\"row-8\">\n<td class=\"column-1\"><\/td>\n<td class=\"column-2\">Alargamiento de rotura<\/td>\n<td class=\"column-3\">%<\/td>\n<td class=\"column-4\">25-100<\/td>\n<td class=\"column-5\"><\/td>\n<td class=\"column-6\"><\/td>\n<td class=\"column-7\"><\/td>\n<td class=\"column-8\"><\/td>\n<td class=\"column-9\"><\/td>\n<td class=\"column-10\"><\/td>\n<td class=\"column-11\"><\/td>\n<td class=\"column-12\"><\/td>\n<td class=\"column-13\"><\/td>\n<td class=\"column-14\"><\/td>\n<td class=\"column-15\"><\/td>\n<\/tr>\n<tr class=\"row-9\">\n<td class=\"column-1\"><\/td>\n<td class=\"column-2\">Resistencia al estallido CBR\u2265<\/td>\n<td class=\"column-3\">kN<\/td>\n<td class=\"column-4\">0.3<\/td>\n<td class=\"column-5\">0.6<\/td>\n<td class=\"column-6\">0.9<\/td>\n<td class=\"column-7\">1.2<\/td>\n<td class=\"column-8\">1.5<\/td>\n<td class=\"column-9\">1.8<\/td>\n<td class=\"column-10\">2.1<\/td>\n<td class=\"column-11\">2.4<\/td>\n<td class=\"column-12\">2.7<\/td>\n<td class=\"column-13\">3.2<\/td>\n<td class=\"column-14\">4<\/td>\n<td class=\"column-15\">7<\/td>\n<\/tr>\n<tr class=\"row-10\">\n<td class=\"column-1\"><\/td>\n<td class=\"column-2\">Resistencia al desgarro\u2265<\/td>\n<td class=\"column-3\">kN<\/td>\n<td class=\"column-4\">0.08<\/td>\n<td class=\"column-5\">0.12<\/td>\n<td class=\"column-6\">0.16<\/td>\n<td class=\"column-7\">0.2<\/td>\n<td class=\"column-8\">0.24<\/td>\n<td class=\"column-9\">0.28<\/td>\n<td class=\"column-10\">0.33<\/td>\n<td class=\"column-11\">0.38<\/td>\n<td class=\"column-12\">0.42<\/td>\n<td class=\"column-13\">0.46<\/td>\n<td class=\"column-14\">0.6<\/td>\n<td class=\"column-15\">1<\/td>\n<\/tr>\n<tr class=\"row-11\">\n<td class=\"column-1\">Hidr\u00e1ulico<\/p>\n<p>Propiedades<\/td>\n<td class=\"column-2\">Tama\u00f1o de tamiz 090<\/td>\n<td class=\"column-3\">mm<\/td>\n<td class=\"column-4\"><\/td>\n<td class=\"column-5\"><\/td>\n<td class=\"column-6\"><\/td>\n<td class=\"column-7\"><\/td>\n<td class=\"column-8\"><\/td>\n<td class=\"column-9\"><\/td>\n<td class=\"column-10\"><\/td>\n<td class=\"column-11\">0.07-0.20<\/td>\n<td class=\"column-12\"><\/td>\n<td class=\"column-13\"><\/td>\n<td class=\"column-14\"><\/td>\n<td class=\"column-15\"><\/td>\n<\/tr>\n<tr class=\"row-12\">\n<td class=\"column-1\"><\/td>\n<td class=\"column-2\">Coeficiente de permeabilidad<\/td>\n<td class=\"column-3\">cm\/s<\/td>\n<td class=\"column-4\"><\/td>\n<td class=\"column-5\"><\/td>\n<td class=\"column-6\"><\/td>\n<td class=\"column-7\"><\/td>\n<td class=\"column-8\"><\/td>\n<td class=\"column-9\"><\/td>\n<td class=\"column-10\"><\/td>\n<td class=\"column-11\"><\/td>\n<td class=\"column-12\"><\/td>\n<td class=\"column-13\"><\/td>\n<td class=\"column-14\"><\/td>\n<td class=\"column-15\"><\/td>\n<\/tr>\n<\/tbody>\n<\/table>\n<p><!-- #tablepress-14 from cache --><\/p>","protected":false},"featured_media":1065,"template":"","meta":{"_seopress_robots_primary_cat":"none","_seopress_titles_title":"Short-Fiber Nonwoven Geotextiles | Reliable Filtration & Drainage","_seopress_titles_desc":"High-quality Short-Fiber Nonwoven Geotextiles ideal for filtration, separation, drainage, and soil protection. Custom solutions available. Inquire now!","_seopress_robots_index":""},"product_brand":[],"product_cat":[38],"product_tag":[],"class_list":{"0":"post-1059","1":"product","2":"type-product","3":"status-publish","4":"has-post-thumbnail","6":"product_cat-geotextile","8":"first","9":"instock","10":"shipping-taxable","11":"product-type-simple"},"_links":{"self":[{"href":"https:\/\/qianyuangeo.com\/es\/wp-json\/wp\/v2\/product\/1059","targetHints":{"allow":["GET"]}}],"collection":[{"href":"https:\/\/qianyuangeo.com\/es\/wp-json\/wp\/v2\/product"}],"about":[{"href":"https:\/\/qianyuangeo.com\/es\/wp-json\/wp\/v2\/types\/product"}],"version-history":[{"count":0,"href":"https:\/\/qianyuangeo.com\/es\/wp-json\/wp\/v2\/product\/1059\/revisions"}],"wp:featuredmedia":[{"embeddable":true,"href":"https:\/\/qianyuangeo.com\/es\/wp-json\/wp\/v2\/media\/1065"}],"wp:attachment":[{"href":"https:\/\/qianyuangeo.com\/es\/wp-json\/wp\/v2\/media?parent=1059"}],"wp:term":[{"taxonomy":"product_brand","embeddable":true,"href":"https:\/\/qianyuangeo.com\/es\/wp-json\/wp\/v2\/product_brand?post=1059"},{"taxonomy":"product_cat","embeddable":true,"href":"https:\/\/qianyuangeo.com\/es\/wp-json\/wp\/v2\/product_cat?post=1059"},{"taxonomy":"product_tag","embeddable":true,"href":"https:\/\/qianyuangeo.com\/es\/wp-json\/wp\/v2\/product_tag?post=1059"}],"curies":[{"name":"wp","href":"https:\/\/api.w.org\/{rel}","templated":true}]}}