{"id":1051,"date":"2025-03-06T07:59:30","date_gmt":"2025-03-06T07:59:30","guid":{"rendered":"https:\/\/18.138.55.241\/?post_type=product&#038;p=1051"},"modified":"2025-03-13T07:13:52","modified_gmt":"2025-03-13T07:13:52","slug":"geotextile-tube-geobag-geotube","status":"publish","type":"product","link":"https:\/\/qianyuangeo.com\/es\/producto\/geotextile-tube-geobag-geotube\/","title":{"rendered":"Tubo geotextil (Geobolsa\/Geotubo)"},"content":{"rendered":"<p>Un tubo geotextil (tambi\u00e9n conocido como geobolsa o geotubo) es un contenedor de tela permeable y de alta resistencia que se llena con sedimentos, lodos o arena. Fabricado con geotextiles duraderos de polipropileno o poli\u00e9ster, est\u00e1 dise\u00f1ado para la deshidrataci\u00f3n, la protecci\u00f3n costera, la estabilizaci\u00f3n de litorales y el control de la erosi\u00f3n. Su estructura \u00fanica permite el drenaje del agua a la vez que retiene los s\u00f3lidos, lo que lo hace ideal para proyectos de gran envergadura y ambientalmente sensibles.<br \/>\nCaracter\u00edsticas principales<br \/>\nDeshidrataci\u00f3n r\u00e1pida: separa de manera eficiente los s\u00f3lidos de los l\u00edquidos (por ejemplo, lodos, materiales dragados) a trav\u00e9s de una filtraci\u00f3n controlada.<br \/>\nAlta resistencia a la tracci\u00f3n: Resiste presiones hidr\u00e1ulicas y tensiones mec\u00e1nicas durante el llenado y la instalaci\u00f3n.<br \/>\nResistencia a los rayos UV y a los productos qu\u00edmicos: resiste duras condiciones ambientales, incluido el agua salada y los efluentes industriales.<br \/>\nTama\u00f1os personalizables: Los di\u00e1metros var\u00edan de 1 a 5 metros, con longitudes de hasta 100 metros (adaptados a las necesidades del proyecto).<br \/>\nEcol\u00f3gico: minimiza la huella de carbono en comparaci\u00f3n con los m\u00e9todos tradicionales como el transporte por carretera o los vertederos.<\/p>","protected":false},"excerpt":{"rendered":"<p>A geotextile tube (also known as a geobag or geotube) is a high-strength, permeable fabric container filled with sediment, sludge, or sand. Engineered from durable polypropylene or polyester geotextiles, it is designed for dewatering, coastal protection, shoreline stabilization, and erosion control. Its unique structure allows water to drain while retaining solids, making it ideal for [&hellip;]<\/p>","protected":false},"featured_media":1058,"template":"","meta":{"_seopress_robots_primary_cat":"","_seopress_titles_title":"Geotextile Tube Supplier | High-Strength Geobags & Geotubes","_seopress_titles_desc":"High-performance Geotextile Tubes for dewatering, coastal protection, and erosion control. Customizable solutions for large-scale projects. Get a quote!","_seopress_robots_index":""},"product_brand":[],"product_cat":[27],"product_tag":[],"class_list":{"0":"post-1051","1":"product","2":"type-product","3":"status-publish","4":"has-post-thumbnail","6":"product_cat-uncategorized","8":"first","9":"instock","10":"shipping-taxable","11":"product-type-simple"},"_links":{"self":[{"href":"https:\/\/qianyuangeo.com\/es\/wp-json\/wp\/v2\/product\/1051","targetHints":{"allow":["GET"]}}],"collection":[{"href":"https:\/\/qianyuangeo.com\/es\/wp-json\/wp\/v2\/product"}],"about":[{"href":"https:\/\/qianyuangeo.com\/es\/wp-json\/wp\/v2\/types\/product"}],"version-history":[{"count":0,"href":"https:\/\/qianyuangeo.com\/es\/wp-json\/wp\/v2\/product\/1051\/revisions"}],"wp:featuredmedia":[{"embeddable":true,"href":"https:\/\/qianyuangeo.com\/es\/wp-json\/wp\/v2\/media\/1058"}],"wp:attachment":[{"href":"https:\/\/qianyuangeo.com\/es\/wp-json\/wp\/v2\/media?parent=1051"}],"wp:term":[{"taxonomy":"product_brand","embeddable":true,"href":"https:\/\/qianyuangeo.com\/es\/wp-json\/wp\/v2\/product_brand?post=1051"},{"taxonomy":"product_cat","embeddable":true,"href":"https:\/\/qianyuangeo.com\/es\/wp-json\/wp\/v2\/product_cat?post=1051"},{"taxonomy":"product_tag","embeddable":true,"href":"https:\/\/qianyuangeo.com\/es\/wp-json\/wp\/v2\/product_tag?post=1051"}],"curies":[{"name":"wp","href":"https:\/\/api.w.org\/{rel}","templated":true}]}}