{"id":1043,"date":"2025-03-06T07:56:21","date_gmt":"2025-03-06T07:56:21","guid":{"rendered":"https:\/\/18.138.55.241\/?post_type=product&#038;p=1043"},"modified":"2025-04-10T13:16:46","modified_gmt":"2025-04-10T13:16:46","slug":"gcl-sodium-bentonite-geosynthetic-clay-liner","status":"publish","type":"product","link":"https:\/\/qianyuangeo.com\/es\/producto\/gcl-sodium-bentonite-geosynthetic-clay-liner\/","title":{"rendered":"Revestimiento de arcilla geosint\u00e9tica de bentonita s\u00f3dica GCL"},"content":{"rendered":"<p>El revestimiento de arcilla geosint\u00e9tica de bentonita s\u00f3dica GCL es un nuevo tipo de material geosint\u00e9tico y<br \/>\nSe puede dividir en GCL perforado con aguja (GCL-NP) y GCL recubierto perforado con aguja.<br \/>\n(GCL-OF). El GCL es un tipo de estera impermeabilizante de bentonita perforada con agujas.<br \/>\nRelleno de bentonita s\u00f3dica entre geotextil tejido y geotextil no tejido. Entre ellos<br \/>\nSe pueden formar peque\u00f1os espacios fibrosos para evitar que las part\u00edculas de bentonita se muevan en una direcci\u00f3n. Puede<br \/>\nForma una capa impermeable tipo pegamento para evitar filtraciones de agua. Geotextil tejido de 120 g\/m\u00b2.<br \/>\ny en este tipo de GCL se aplican geotextiles no tejidos de 220 g\/\u33a1&#039;.<br \/>\nLa masa por unidad de revestimiento de arcilla de bentonita s\u00f3dica GCL se puede dividir en: 4000 g\/\u33a1,<br \/>\n4500 g\/\u33a1, 5000 g\/\u33a1, 5500 g\/\u33a1, etc. La longitud del producto es de 30 m y el ancho es de<br \/>\n6 metros.<\/p>","protected":false},"excerpt":{"rendered":"<table id=\"tablepress-18\" class=\"tablepress tablepress-id-18\">\n<thead>\n<tr class=\"row-1\">\n<th class=\"column-1\">Propiedades de prueba<\/th>\n<th class=\"column-2\">JG\/T 193-2006<br \/>\nNorma nacional JG\/T 193-2006<\/th>\n<th class=\"column-3\">Est\u00e1ndar empresarial<\/th>\n<th class=\"column-4\">Normas de inspecci\u00f3n<\/th>\n<\/tr>\n<\/thead>\n<tbody class=\"row-striping row-hover\">\n<tr class=\"row-2\">\n<td class=\"column-1\">\u00cdndice de expansi\u00f3n de arcilla geosint\u00e9tica<\/td>\n<td class=\"column-2\">\u226524 ml\/2 g<\/td>\n<td class=\"column-3\">\u226525 ml\/2 g<\/td>\n<td class=\"column-4\">ASTM D5890<\/td>\n<\/tr>\n<tr class=\"row-3\">\n<td class=\"column-1\">Masa por unidad de \u00e1rea (g\/m2)<\/td>\n<td class=\"column-2\">\u22654800 g\/m2<\/td>\n<td class=\"column-3\">\u22654800 gm2<\/td>\n<td class=\"column-4\">ASTM D5993<\/td>\n<\/tr>\n<tr class=\"row-4\">\n<td class=\"column-1\">Resistencia a la tracci\u00f3n<\/td>\n<td class=\"column-2\">\u22656 kN\/m<\/td>\n<td class=\"column-3\">\u22658 KN\/m<\/td>\n<td class=\"column-4\">ASTM D4632<\/td>\n<\/tr>\n<tr class=\"row-5\">\n<td class=\"column-1\">Alargamiento m\u00e1ximo de carga<\/td>\n<td class=\"column-2\">\u226510%<\/td>\n<td class=\"column-3\">\u226510%<\/td>\n<td class=\"column-4\">ASTM D4632<\/td>\n<\/tr>\n<tr class=\"row-6\">\n<td class=\"column-1\">Permeabilidad<\/td>\n<td class=\"column-2\">\u22645\u00d710-9<\/td>\n<td class=\"column-3\">\u22645\u00d710-9<\/td>\n<td class=\"column-4\">ASTM D5084<\/td>\n<\/tr>\n<tr class=\"row-7\">\n<td class=\"column-1\">Contenido de humedad<\/td>\n<td class=\"column-2\">\u226415%<\/td>\n<td class=\"column-3\">\u226415%<\/td>\n<td class=\"column-4\">ASTM D4643<\/td>\n<\/tr>\n<tr class=\"row-8\">\n<td class=\"column-1\">Fuerza de pelado<\/td>\n<td class=\"column-2\">\u226540 N<\/td>\n<td class=\"column-3\">\u226565 N<\/td>\n<td class=\"column-4\">ASTM D4632<\/td>\n<\/tr>\n<tr class=\"row-9\">\n<td class=\"column-1\">Presi\u00f3n hidrost\u00e1tica<\/td>\n<td class=\"column-2\">0,4 Mp<\/td>\n<td class=\"column-3\">0,4-0,6 MP<\/td>\n<td class=\"column-4\">ASTM D5891<\/td>\n<\/tr>\n<tr class=\"row-10\">\n<td class=\"column-1\"><\/td>\n<td class=\"column-2\"><\/td>\n<td class=\"column-3\"><\/td>\n<td class=\"column-4\"><\/td>\n<\/tr>\n<\/tbody>\n<\/table>\n<p><!-- #tablepress-18 from cache --><\/p>","protected":false},"featured_media":1047,"template":"","meta":{"_seopress_robots_primary_cat":"none","_seopress_titles_title":"GCL Sodium Bentonite Clay Liner | Waterproof Geosynthetic GCL","_seopress_titles_desc":"Discover durable Sodium Bentonite GCL Clay Liners for effective waterproofing and seepage control in construction. Ideal for civil engineering. Contact now!","_seopress_robots_index":""},"product_brand":[],"product_cat":[40],"product_tag":[],"class_list":{"0":"post-1043","1":"product","2":"type-product","3":"status-publish","4":"has-post-thumbnail","6":"product_cat-gcl-sodium-bentonite-geosynthetic-clay-liner","8":"first","9":"instock","10":"shipping-taxable","11":"product-type-simple"},"_links":{"self":[{"href":"https:\/\/qianyuangeo.com\/es\/wp-json\/wp\/v2\/product\/1043","targetHints":{"allow":["GET"]}}],"collection":[{"href":"https:\/\/qianyuangeo.com\/es\/wp-json\/wp\/v2\/product"}],"about":[{"href":"https:\/\/qianyuangeo.com\/es\/wp-json\/wp\/v2\/types\/product"}],"version-history":[{"count":0,"href":"https:\/\/qianyuangeo.com\/es\/wp-json\/wp\/v2\/product\/1043\/revisions"}],"wp:featuredmedia":[{"embeddable":true,"href":"https:\/\/qianyuangeo.com\/es\/wp-json\/wp\/v2\/media\/1047"}],"wp:attachment":[{"href":"https:\/\/qianyuangeo.com\/es\/wp-json\/wp\/v2\/media?parent=1043"}],"wp:term":[{"taxonomy":"product_brand","embeddable":true,"href":"https:\/\/qianyuangeo.com\/es\/wp-json\/wp\/v2\/product_brand?post=1043"},{"taxonomy":"product_cat","embeddable":true,"href":"https:\/\/qianyuangeo.com\/es\/wp-json\/wp\/v2\/product_cat?post=1043"},{"taxonomy":"product_tag","embeddable":true,"href":"https:\/\/qianyuangeo.com\/es\/wp-json\/wp\/v2\/product_tag?post=1043"}],"curies":[{"name":"wp","href":"https:\/\/api.w.org\/{rel}","templated":true}]}}