{"id":1024,"date":"2025-03-06T07:44:52","date_gmt":"2025-03-06T07:44:52","guid":{"rendered":"https:\/\/18.138.55.241\/?post_type=product&#038;p=1024"},"modified":"2025-04-11T07:51:06","modified_gmt":"2025-04-11T07:51:06","slug":"geocell-2","status":"publish","type":"product","link":"https:\/\/qianyuangeo.com\/es\/producto\/geocell-2\/","title":{"rendered":"Geocelda"},"content":{"rendered":"<p>La geocelda es una especie de estructura de red 3D mediante soldadura ultras\u00f3nica con larga<br \/>\nMaterial pl\u00e1stico, y forma una red tridimensional despu\u00e9s de expandirse. A veces...<br \/>\nSe debe perforar seg\u00fan las necesidades del cliente. La altura, la soldadura dis-<br \/>\nPor otro lado, el espesor de la placa de la geocelda tiene efectos significativos en el desempe\u00f1o del proyecto.<br \/>\ngeocelda; en los proyectos, diferentes tipos de geoceldas pueden formar estratificaciones con diferente cohesi\u00f3n,<br \/>\nResistencia y espesor del refuerzo. Estas camas se pueden colocar en la posici\u00f3n requerida.<br \/>\nci\u00f3n de acuerdo a los requerimientos del proyecto de manera de intensificar la plataforma de la<br \/>\nCarretera y ferrocarril, pendiente, protecci\u00f3n, construcci\u00f3n de muro de contenci\u00f3n, etc. El ancho de la franja larga es<br \/>\nla altura de la geocelda y la distancia entre dos l\u00edneas de soldadura en el mismo lado<br \/>\nde la placa cuando la geocelda no est\u00e1 expandida es la distancia de soldadura.<\/p>","protected":false},"excerpt":{"rendered":"<table id=\"tablepress-5\" class=\"tablepress tablepress-id-5\">\n<thead>\n<tr class=\"row-1\">\n<th class=\"column-1\">Tipo de producto<\/th>\n<td class=\"column-2\"><\/td>\n<th class=\"column-3\">Altura<br \/>\n(mil\u00edmetros)<\/th>\n<th class=\"column-4\">Distancia de soldadura<br \/>\n(mil\u00edmetros)<\/th>\n<th class=\"column-5\">Espesor<br \/>\n(mil\u00edmetros)<\/th>\n<th class=\"column-6\">Resistencia a la tracci\u00f3n de los puntos de soldadura (N\/cm)<\/th>\n<th class=\"column-7\">Resistencia a la tracci\u00f3n de la conexi\u00f3n de celdas (N\/cm)<\/th>\n<th class=\"column-8\">Resistencia a la tracci\u00f3n en el punto de fluencia de cada l\u00e1mina (Mpa)<\/th>\n<\/tr>\n<\/thead>\n<tbody class=\"row-striping row-hover\">\n<tr class=\"row-2\">\n<td class=\"column-1\">Liso y no perforado<\/td>\n<td class=\"column-2\"><\/td>\n<td class=\"column-3\">50\u2264H\u2264250<\/td>\n<td class=\"column-4\">330\u2264A\u22641000<\/td>\n<td class=\"column-5\">1.0-1.4<\/td>\n<td class=\"column-6\">\u2265100<\/td>\n<td class=\"column-7\">\u2265120<\/td>\n<td class=\"column-8\">\u226520<\/td>\n<\/tr>\n<tr class=\"row-3\">\n<td class=\"column-1\">Liso y perforado<\/td>\n<td class=\"column-2\"><\/td>\n<td class=\"column-3\">50\u2264H\u2264250<\/td>\n<td class=\"column-4\">330\u2264A\u22641000<\/td>\n<td class=\"column-5\">1.0-1.4<\/td>\n<td class=\"column-6\">\u2265100<\/td>\n<td class=\"column-7\">\u2265120<\/td>\n<td class=\"column-8\">\u226520<\/td>\n<\/tr>\n<tr class=\"row-4\">\n<td class=\"column-1\">Texturizado y no perforado<\/td>\n<td class=\"column-2\"><\/td>\n<td class=\"column-3\">50\u2264H\u2264250<\/td>\n<td class=\"column-4\">330\u2264A\u22641000<\/td>\n<td class=\"column-5\">1.5-1.7<\/td>\n<td class=\"column-6\">\u2265100<\/td>\n<td class=\"column-7\">\u2265120<\/td>\n<td class=\"column-8\">\u226520<\/td>\n<\/tr>\n<tr class=\"row-5\">\n<td class=\"column-1\">Texturizado y perforado<\/td>\n<td class=\"column-2\"><\/td>\n<td class=\"column-3\">50\u2264H\u2264250<\/td>\n<td class=\"column-4\">330\u2264A\u22641000<\/td>\n<td class=\"column-5\">1.5-1.7<\/td>\n<td class=\"column-6\">\u2265100<\/td>\n<td class=\"column-7\">\u2265120<\/td>\n<td class=\"column-8\">\u226520<\/td>\n<\/tr>\n<tr class=\"row-6\">\n<td class=\"column-1\"><\/td>\n<td class=\"column-2\"><\/td>\n<td class=\"column-3\"><\/td>\n<td class=\"column-4\"><\/td>\n<td class=\"column-5\"><\/td>\n<td class=\"column-6\"><\/td>\n<td class=\"column-7\"><\/td>\n<td class=\"column-8\"><\/td>\n<\/tr>\n<tr class=\"row-7\">\n<td class=\"column-1\"><\/td>\n<td class=\"column-2\"><\/td>\n<td class=\"column-3\"><\/td>\n<td class=\"column-4\"><\/td>\n<td class=\"column-5\"><\/td>\n<td class=\"column-6\"><\/td>\n<td class=\"column-7\"><\/td>\n<td class=\"column-8\"><\/td>\n<\/tr>\n<\/tbody>\n<\/table>\n<p><!-- #tablepress-5 from cache --><\/p>","protected":false},"featured_media":1854,"template":"","meta":{"_seopress_robots_primary_cat":"none","_seopress_titles_title":"Geocell | Durable HDPE Geocell System","_seopress_titles_desc":"Explore high-performance Geocell systems for soil stabilization, slope protection, and road reinforcement. Ideal for construction projects. Contact now!","_seopress_robots_index":""},"product_brand":[],"product_cat":[41],"product_tag":[],"class_list":{"0":"post-1024","1":"product","2":"type-product","3":"status-publish","4":"has-post-thumbnail","6":"product_cat-geocell","8":"first","9":"instock","10":"shipping-taxable","11":"product-type-simple"},"_links":{"self":[{"href":"https:\/\/qianyuangeo.com\/es\/wp-json\/wp\/v2\/product\/1024","targetHints":{"allow":["GET"]}}],"collection":[{"href":"https:\/\/qianyuangeo.com\/es\/wp-json\/wp\/v2\/product"}],"about":[{"href":"https:\/\/qianyuangeo.com\/es\/wp-json\/wp\/v2\/types\/product"}],"version-history":[{"count":0,"href":"https:\/\/qianyuangeo.com\/es\/wp-json\/wp\/v2\/product\/1024\/revisions"}],"wp:featuredmedia":[{"embeddable":true,"href":"https:\/\/qianyuangeo.com\/es\/wp-json\/wp\/v2\/media\/1854"}],"wp:attachment":[{"href":"https:\/\/qianyuangeo.com\/es\/wp-json\/wp\/v2\/media?parent=1024"}],"wp:term":[{"taxonomy":"product_brand","embeddable":true,"href":"https:\/\/qianyuangeo.com\/es\/wp-json\/wp\/v2\/product_brand?post=1024"},{"taxonomy":"product_cat","embeddable":true,"href":"https:\/\/qianyuangeo.com\/es\/wp-json\/wp\/v2\/product_cat?post=1024"},{"taxonomy":"product_tag","embeddable":true,"href":"https:\/\/qianyuangeo.com\/es\/wp-json\/wp\/v2\/product_tag?post=1024"}],"curies":[{"name":"wp","href":"https:\/\/api.w.org\/{rel}","templated":true}]}}