{"id":1022,"date":"2025-03-06T07:20:57","date_gmt":"2025-03-06T07:20:57","guid":{"rendered":"https:\/\/18.138.55.241\/?post_type=product&#038;p=1022"},"modified":"2025-04-11T09:03:49","modified_gmt":"2025-04-11T09:03:49","slug":"fiberglass-geogrid-2","status":"publish","type":"product","link":"https:\/\/qianyuangeo.com\/es\/producto\/fiberglass-geogrid-2\/","title":{"rendered":"GEOMALLA DE FIBRA DE VIDRIO"},"content":{"rendered":"<p>\u2013 Breve introducci\u00f3n<br \/>\n1. Material y estructura<br \/>\nComposici\u00f3n: Fabricado con hilos de fibra de vidrio de alta resistencia recubiertos con pol\u00edmero (por ejemplo, PVC, l\u00e1tex o asfalto) para una mayor durabilidad.<br \/>\nEstructura: Malla tipo cuadr\u00edcula formada por tejido o uni\u00f3n de fibras, con aberturas uniformes para un entrelazado \u00f3ptimo con el suelo\/agregado.<\/p>\n<p>2. Caracter\u00edsticas principales<br \/>\nAlta resistencia a la tracci\u00f3n: resiste la deformaci\u00f3n bajo cargas pesadas (por ejemplo, resistencia a la tracci\u00f3n de 50 a 400 kN\/m).<br \/>\nResistencia a la corrosi\u00f3n: Inerte a los productos qu\u00edmicos, la humedad y la degradaci\u00f3n biol\u00f3gica.<br \/>\nEstabilidad t\u00e9rmica: Mantiene el rendimiento en temperaturas extremas (-70\u00b0C a 200\u00b0C).<br \/>\nLigero y flexible: f\u00e1cil de transportar e instalar en superficies irregulares.<\/p>","protected":false},"excerpt":{"rendered":"<table id=\"tablepress-7\" class=\"tablepress tablepress-id-7\">\n<thead>\n<tr class=\"row-1\">\n<td colspan=\"7\" class=\"column-1\"><\/td>\n<td class=\"column-8\"><\/td>\n<td class=\"column-9\"><\/td>\n<\/tr>\n<\/thead>\n<tbody class=\"row-striping row-hover\">\n<tr class=\"row-2\">\n<td class=\"column-1\">Propiedades<\/td>\n<td class=\"column-2\"><\/td>\n<td class=\"column-3\">BFD30-30<\/td>\n<td class=\"column-4\">BFD40-40<\/td>\n<td class=\"column-5\">BFD50-50<\/td>\n<td class=\"column-6\">BFD80-80<\/td>\n<td class=\"column-7\">BFD100-100<\/td>\n<td class=\"column-8\">BFD125-125<\/td>\n<td class=\"column-9\">BFD150-150<\/td>\n<\/tr>\n<tr class=\"row-3\">\n<td class=\"column-1\">Tama\u00f1o de la malla mm<\/td>\n<td class=\"column-2\"><\/td>\n<td class=\"column-3\">12,7 \u00d7 12,7        <\/td>\n<td class=\"column-4\">25,4\u00d725,4<\/td>\n<td class=\"column-5\">50,8\u00d750,8<\/td>\n<td class=\"column-6\"><\/td>\n<td class=\"column-7\"><\/td>\n<td class=\"column-8\"><\/td>\n<td class=\"column-9\"><\/td>\n<\/tr>\n<tr class=\"row-4\">\n<td class=\"column-1\">Resistencia a la tracci\u00f3n kN\/m<\/td>\n<td class=\"column-2\">Longitudinal<\/td>\n<td class=\"column-3\">\u226530<\/td>\n<td class=\"column-4\">\u226540<\/td>\n<td class=\"column-5\">\u226550<\/td>\n<td class=\"column-6\">\u226580<\/td>\n<td class=\"column-7\">\u2265100<\/td>\n<td class=\"column-8\">\u2265125<\/td>\n<td class=\"column-9\">\u2265150<\/td>\n<\/tr>\n<tr class=\"row-5\">\n<td class=\"column-1\"><\/td>\n<td class=\"column-2\">Transverso<\/td>\n<td class=\"column-3\">\u226530<\/td>\n<td class=\"column-4\">\u226540<\/td>\n<td class=\"column-5\">\u226550<\/td>\n<td class=\"column-6\">\u226580<\/td>\n<td class=\"column-7\">\u2265100<\/td>\n<td class=\"column-8\">\u2265125<\/td>\n<td class=\"column-9\">\u2265150<\/td>\n<\/tr>\n<tr class=\"row-6\">\n<td class=\"column-1\">Tasa de elongaci\u00f3n %<\/td>\n<td class=\"column-2\"><\/td>\n<td class=\"column-3\"><\/td>\n<td class=\"column-4\">\u22644<\/td>\n<td class=\"column-5\"><\/td>\n<td class=\"column-6\"><\/td>\n<td class=\"column-7\"><\/td>\n<td class=\"column-8\"><\/td>\n<td class=\"column-9\"><\/td>\n<\/tr>\n<tr class=\"row-7\">\n<td class=\"column-1\">Resistencia a la temperatura \u2103<\/td>\n<td class=\"column-2\"><\/td>\n<td class=\"column-3\"><\/td>\n<td class=\"column-4\">-100-280<\/td>\n<td class=\"column-5\"><\/td>\n<td class=\"column-6\"><\/td>\n<td class=\"column-7\"><\/td>\n<td class=\"column-8\"><\/td>\n<td class=\"column-9\"><\/td>\n<\/tr>\n<\/tbody>\n<\/table>\n<p><!-- #tablepress-7 from cache -->Este material est\u00e1 compuesto por hilos de fibra de vidrio de alta resistencia recubiertos con pol\u00edmeros (p. ej., PVC, l\u00e1tex o asfalto), formando una malla resistente con aberturas uniformes para una \u00f3ptima uni\u00f3n entre el suelo y los \u00e1ridos. Sus principales caracter\u00edsticas incluyen alta resistencia a la tracci\u00f3n (50\u2013400 kN\/m), resistencia a la corrosi\u00f3n, estabilidad t\u00e9rmica (de -70 \u00b0C a 200 \u00b0C) y ligereza, lo que lo hace ideal para el refuerzo de suelos, el control de la erosi\u00f3n y proyectos de infraestructura.<\/p>","protected":false},"featured_media":515,"template":"","meta":{"_seopress_robots_primary_cat":"29","_seopress_titles_title":"Fiberglass Geogrid Suppliers | High Tensile Glass Fiber Geogrids","_seopress_titles_desc":"This material is composed of high-strength glass fiber yarns coated with polymers (e.g., PVC, latex, or asphalt), forming a durable grid-like mesh with uniform apertures for optimal soil\/aggregate interlocking. Key features include high tensile strength (50\u2013400 kN\/m), corrosion resistance, thermal stability (-70\u00b0C to 200\u00b0C), and lightweight flexibility, making it ideal for soil reinforcement, erosion control, and infrastructure projects.","_seopress_robots_index":""},"product_brand":[],"product_cat":[29],"product_tag":[],"class_list":{"0":"post-1022","1":"product","2":"type-product","3":"status-publish","4":"has-post-thumbnail","6":"product_cat-geogrid","8":"first","9":"instock","10":"shipping-taxable","11":"product-type-simple"},"_links":{"self":[{"href":"https:\/\/qianyuangeo.com\/es\/wp-json\/wp\/v2\/product\/1022","targetHints":{"allow":["GET"]}}],"collection":[{"href":"https:\/\/qianyuangeo.com\/es\/wp-json\/wp\/v2\/product"}],"about":[{"href":"https:\/\/qianyuangeo.com\/es\/wp-json\/wp\/v2\/types\/product"}],"version-history":[{"count":0,"href":"https:\/\/qianyuangeo.com\/es\/wp-json\/wp\/v2\/product\/1022\/revisions"}],"wp:featuredmedia":[{"embeddable":true,"href":"https:\/\/qianyuangeo.com\/es\/wp-json\/wp\/v2\/media\/515"}],"wp:attachment":[{"href":"https:\/\/qianyuangeo.com\/es\/wp-json\/wp\/v2\/media?parent=1022"}],"wp:term":[{"taxonomy":"product_brand","embeddable":true,"href":"https:\/\/qianyuangeo.com\/es\/wp-json\/wp\/v2\/product_brand?post=1022"},{"taxonomy":"product_cat","embeddable":true,"href":"https:\/\/qianyuangeo.com\/es\/wp-json\/wp\/v2\/product_cat?post=1022"},{"taxonomy":"product_tag","embeddable":true,"href":"https:\/\/qianyuangeo.com\/es\/wp-json\/wp\/v2\/product_tag?post=1022"}],"curies":[{"name":"wp","href":"https:\/\/api.w.org\/{rel}","templated":true}]}}